{"id":6709,"date":"2024-03-06T18:30:59","date_gmt":"2024-03-06T17:30:59","guid":{"rendered":"https:\/\/www.ee.pw.edu.pl\/sawe\/?page_id=6709"},"modified":"2024-09-12T23:46:02","modified_gmt":"2024-09-12T21:46:02","slug":"roczniki","status":"publish","type":"page","link":"https:\/\/www.ee.pw.edu.pl\/sawe\/roczniki\/","title":{"rendered":"Znajd\u017a sw\u00f3j rocznik"},"content":{"rendered":"\t\t<div data-elementor-type=\"wp-page\" data-elementor-id=\"6709\" class=\"elementor elementor-6709\">\n\t\t\t\t\t\t<section class=\"elementor-section elementor-top-section elementor-element elementor-element-5288c66 elementor-section-boxed elementor-section-height-default elementor-section-height-default\" data-id=\"5288c66\" data-element_type=\"section\" data-e-type=\"section\">\n\t\t\t\t\t\t<div class=\"elementor-container elementor-column-gap-default\">\n\t\t\t\t\t<div class=\"elementor-column elementor-col-100 elementor-top-column elementor-element elementor-element-68625a0\" data-id=\"68625a0\" data-element_type=\"column\" data-e-type=\"column\">\n\t\t\t<div class=\"elementor-widget-wrap elementor-element-populated\">\n\t\t\t\t\t\t<div class=\"elementor-element elementor-element-1a26c7a elementor-widget elementor-widget-heading\" data-id=\"1a26c7a\" data-element_type=\"widget\" data-e-type=\"widget\" data-widget_type=\"heading.default\">\n\t\t\t\t<div class=\"elementor-widget-container\">\n\t\t\t\t\t<h2 class=\"elementor-heading-title elementor-size-default\">Znajd\u017a kontakt do swoich znajomych ze studi\u00f3w<\/h2>\t\t\t\t<\/div>\n\t\t\t\t<\/div>\n\t\t\t\t<div class=\"elementor-element elementor-element-669ee62 elementor-widget elementor-widget-text-editor\" data-id=\"669ee62\" data-element_type=\"widget\" data-e-type=\"widget\" data-widget_type=\"text-editor.default\">\n\t\t\t\t<div class=\"elementor-widget-container\">\n\t\t\t\t\t\t\t\t\t<p>Poni\u017cej znajduj\u0105 si\u0119 <strong>kontakty do koordynator\u00f3w rocznik\u00f3w<\/strong> Absolwent\u00f3w Wydzia\u0142u Elektrycznego PW. <strong>Rocznik oznacza rok rozpocz\u0119cia studi\u00f3w<\/strong> na Wydziale Elektrycznym PW. Je\u015bli chcesz wiedzie\u0107 co s\u0142ycha\u0107 u os\u00f3b z kt\u00f3rymi studiowa\u0142e\u015b\/a\u015b, bra\u0107 udzia\u0142 w spotkaniach itp. skontaktuj si\u0119 z koordynatorem swojego rocznika. Je\u015bli nie znalaz\u0142e\u015b\/a\u015b swojego rocznika, skontaktuj si\u0119 z nami &#8211; spr\u00f3bujemy pom\u00f3c Ci odnale\u017a\u0107 swoich znajomych.<\/p>\t\t\t\t\t\t\t\t<\/div>\n\t\t\t\t<\/div>\n\t\t\t\t<div class=\"elementor-element elementor-element-89c5e99 elementor-widget elementor-widget-text-editor\" data-id=\"89c5e99\" data-element_type=\"widget\" data-e-type=\"widget\" data-widget_type=\"text-editor.default\">\n\t\t\t\t<div class=\"elementor-widget-container\">\n\t\t\t\t\t\t\t\t\t<p>Strona w opracowaniu. Zach\u0119camy do zg\u0142aszania si\u0119 os\u00f3b ch\u0119tnych do podtrzymywania relacji w ramach swojego rocznika studi\u00f3w <a href=\"&#x6d;&#x61;&#x69;&#108;&#116;o:&#x70;&#x77;&#x2e;&#115;&#97;we&#x40;&#x67;&#x6d;&#97;&#105;l&#46;&#x63;&#x6f;&#x6d;\" target=\"_blank\" rel=\"noopener\">&#x70;&#x77;&#46;&#115;a&#x77;&#x65;&#x40;&#103;ma&#x69;&#x6c;&#46;&#99;o&#x6d;<\/a><\/p>\t\t\t\t\t\t\t\t<\/div>\n\t\t\t\t<\/div>\n\t\t\t\t\t<\/div>\n\t\t<\/div>\n\t\t\t\t\t<\/div>\n\t\t<\/section>\n\t\t\t\t<section class=\"elementor-section elementor-top-section elementor-element elementor-element-89a3783 elementor-section-boxed elementor-section-height-default elementor-section-height-default\" data-id=\"89a3783\" data-element_type=\"section\" data-e-type=\"section\" data-settings=\"{&quot;background_background&quot;:&quot;classic&quot;}\">\n\t\t\t\t\t\t<div class=\"elementor-container elementor-column-gap-default\">\n\t\t\t\t\t<div class=\"elementor-column elementor-col-50 elementor-top-column elementor-element elementor-element-8739d57\" data-id=\"8739d57\" data-element_type=\"column\" data-e-type=\"column\">\n\t\t\t<div class=\"elementor-widget-wrap elementor-element-populated\">\n\t\t\t\t\t\t<div class=\"elementor-element elementor-element-d85d5fa elementor-widget elementor-widget-image\" data-id=\"d85d5fa\" data-element_type=\"widget\" data-e-type=\"widget\" data-widget_type=\"image.default\">\n\t\t\t\t<div class=\"elementor-widget-container\">\n\t\t\t\t\t\t\t\t\t\t\t\t\t\t\t<img fetchpriority=\"high\" decoding=\"async\" width=\"816\" height=\"607\" src=\"https:\/\/www.ee.pw.edu.pl\/sawe\/wp-content\/uploads\/sites\/9\/2024\/03\/spotkanie-absolwentow_81_1.png\" class=\"attachment-full size-full wp-image-6711\" alt=\"\" srcset=\"https:\/\/www.ee.pw.edu.pl\/sawe\/wp-content\/uploads\/sites\/9\/2024\/03\/spotkanie-absolwentow_81_1.png 816w, https:\/\/www.ee.pw.edu.pl\/sawe\/wp-content\/uploads\/sites\/9\/2024\/03\/spotkanie-absolwentow_81_1-300x223.png 300w, https:\/\/www.ee.pw.edu.pl\/sawe\/wp-content\/uploads\/sites\/9\/2024\/03\/spotkanie-absolwentow_81_1-768x571.png 768w\" sizes=\"(max-width: 816px) 100vw, 816px\" \/>\t\t\t\t\t\t\t\t\t\t\t\t\t\t\t<\/div>\n\t\t\t\t<\/div>\n\t\t\t\t\t<\/div>\n\t\t<\/div>\n\t\t\t\t<div class=\"elementor-column elementor-col-50 elementor-top-column elementor-element elementor-element-9f24d58\" data-id=\"9f24d58\" data-element_type=\"column\" data-e-type=\"column\">\n\t\t\t<div class=\"elementor-widget-wrap elementor-element-populated\">\n\t\t\t\t\t\t<div class=\"elementor-element elementor-element-82b2087 elementor-widget elementor-widget-witr_ac_cl\" data-id=\"82b2087\" data-element_type=\"widget\" data-e-type=\"widget\" data-widget_type=\"witr_ac_cl.default\">\n\t\t\t\t<div class=\"elementor-widget-container\">\n\t\t\t\t\t                <div class=\"accordion_area\">\n                    <div class=\"faq-part\">\n                        <div id=\"accordion\">\n\t\t\t\t\t\t\t\t\t\t\t\t\t\t\t<div class=\"card card-2  \">\n\t\t\t\t\t\t\t\t\t<div class=\"card-header witr_ac_card\">\n\t\t\t\t\t\t\t\t\t\t<a href=\"#\" class=\"card-link witr_ac_style\" data-toggle=\"collapse\" data-target=\"#collapse_c5cca84\" aria-expanded=\"true\">\n\t\t\t\t\t\t\t\t\t\t\t\t<!-- icon -->\n\t\t\t\t\t\t\t\t\t\t\t\t<i aria-hidden=\"true\" class=\"fas fa-check\"><\/i>\t\t\t\t\t\n\t\t\t\t\t\t\t\t\t\t\t\t<!-- end icon -->\n\t\t\t\t\t\t\t\t\t\t   Rocznik 1964\t\t\t\t\t\t\t\t\t\t<\/a>\n\t\t\t\t\t\t\t\t\t<\/div>\n\n\t\t\t\t\t\t\t\t\t<div id=\"collapse_c5cca84\" class=\"collapse    \" data-parent=\"#accordion\">\n                                        <p>Koordynator rocznika 1976: Imi\u0119 Nazwisko, tel.[...], e-mail [...]<\/p><p>Dodatkowe informacje<\/p>\t\t\t\t\t\t\t\t\t\t\n\t\t\t\t\t\t\t\t\t<\/div>\n\t\t\t\t\t\t\t\t<\/div> <!-- card -->\t\n\t\t\t\t\t\t\t\t\t\t\t\t\t\t\t<div class=\"card card-2  \">\n\t\t\t\t\t\t\t\t\t<div class=\"card-header witr_ac_card\">\n\t\t\t\t\t\t\t\t\t\t<a href=\"#\" class=\"card-link witr_ac_style\" data-toggle=\"collapse\" data-target=\"#collapse_5d446bc\" aria-expanded=\"true\">\n\t\t\t\t\t\t\t\t\t\t\t\t<!-- icon -->\n\t\t\t\t\t\t\t\t\t\t\t\t<i aria-hidden=\"true\" class=\"fas fa-check\"><\/i>\t\t\t\t\t\n\t\t\t\t\t\t\t\t\t\t\t\t<!-- end icon -->\n\t\t\t\t\t\t\t\t\t\t   Rocznik 1965\t\t\t\t\t\t\t\t\t\t<\/a>\n\t\t\t\t\t\t\t\t\t<\/div>\n\n\t\t\t\t\t\t\t\t\t<div id=\"collapse_5d446bc\" class=\"collapse    \" data-parent=\"#accordion\">\n                                        <p>Koordynator rocznika 1976: Imi\u0119 Nazwisko, tel.[...], e-mail [...]<\/p><p>Dodatkowe informacje<\/p>\t\t\t\t\t\t\t\t\t\t\n\t\t\t\t\t\t\t\t\t<\/div>\n\t\t\t\t\t\t\t\t<\/div> <!-- card -->\t\n\t\t\t\t\t\t\t\t\t\t\t\t\t\t\t<div class=\"card card-2  \">\n\t\t\t\t\t\t\t\t\t<div class=\"card-header witr_ac_card\">\n\t\t\t\t\t\t\t\t\t\t<a href=\"#\" class=\"card-link witr_ac_style\" data-toggle=\"collapse\" data-target=\"#collapse_398fcf4\" aria-expanded=\"true\">\n\t\t\t\t\t\t\t\t\t\t\t\t<!-- icon -->\n\t\t\t\t\t\t\t\t\t\t\t\t<i aria-hidden=\"true\" class=\"fas fa-check\"><\/i>\t\t\t\t\t\n\t\t\t\t\t\t\t\t\t\t\t\t<!-- end icon -->\n\t\t\t\t\t\t\t\t\t\t   Rocznik 1966\t\t\t\t\t\t\t\t\t\t<\/a>\n\t\t\t\t\t\t\t\t\t<\/div>\n\n\t\t\t\t\t\t\t\t\t<div id=\"collapse_398fcf4\" class=\"collapse    \" data-parent=\"#accordion\">\n                                        <p>Koordynator rocznika 1976: Imi\u0119 Nazwisko, tel.[...], e-mail [...]<\/p><p>Dodatkowe informacje<\/p>\t\t\t\t\t\t\t\t\t\t\n\t\t\t\t\t\t\t\t\t<\/div>\n\t\t\t\t\t\t\t\t<\/div> <!-- card -->\t\n\t\t\t\t\t\t\t\t\t\t\t\t\t\t\t<div class=\"card card-2  \">\n\t\t\t\t\t\t\t\t\t<div class=\"card-header witr_ac_card\">\n\t\t\t\t\t\t\t\t\t\t<a href=\"#\" class=\"card-link witr_ac_style\" data-toggle=\"collapse\" data-target=\"#collapse_36f6c1e\" aria-expanded=\"true\">\n\t\t\t\t\t\t\t\t\t\t\t\t<!-- icon -->\n\t\t\t\t\t\t\t\t\t\t\t\t<i aria-hidden=\"true\" class=\"fas fa-check\"><\/i>\t\t\t\t\t\n\t\t\t\t\t\t\t\t\t\t\t\t<!-- end icon -->\n\t\t\t\t\t\t\t\t\t\t   Rocznik 1968\t\t\t\t\t\t\t\t\t\t<\/a>\n\t\t\t\t\t\t\t\t\t<\/div>\n\n\t\t\t\t\t\t\t\t\t<div id=\"collapse_36f6c1e\" class=\"collapse    \" data-parent=\"#accordion\">\n                                        <p>Koordynator rocznika 1976: Imi\u0119 Nazwisko, tel.[...], e-mail [...]<\/p><p>Dodatkowe informacje<\/p>\t\t\t\t\t\t\t\t\t\t\n\t\t\t\t\t\t\t\t\t<\/div>\n\t\t\t\t\t\t\t\t<\/div> <!-- card -->\t\n\t\t\t\t\t\t\t\t\t\t\t\t\t\t\t<div class=\"card card-2  \">\n\t\t\t\t\t\t\t\t\t<div class=\"card-header witr_ac_card\">\n\t\t\t\t\t\t\t\t\t\t<a href=\"#\" class=\"card-link witr_ac_style\" data-toggle=\"collapse\" data-target=\"#collapse_98139bb\" aria-expanded=\"true\">\n\t\t\t\t\t\t\t\t\t\t\t\t<!-- icon -->\n\t\t\t\t\t\t\t\t\t\t\t\t<i aria-hidden=\"true\" class=\"fas fa-check\"><\/i>\t\t\t\t\t\n\t\t\t\t\t\t\t\t\t\t\t\t<!-- end icon -->\n\t\t\t\t\t\t\t\t\t\t   Rocznik 1969\t\t\t\t\t\t\t\t\t\t<\/a>\n\t\t\t\t\t\t\t\t\t<\/div>\n\n\t\t\t\t\t\t\t\t\t<div id=\"collapse_98139bb\" class=\"collapse    \" data-parent=\"#accordion\">\n                                        <p>Koordynator rocznika 1976: Imi\u0119 Nazwisko, tel.[...], e-mail [...]<\/p><p>Dodatkowe informacje<\/p>\t\t\t\t\t\t\t\t\t\t\n\t\t\t\t\t\t\t\t\t<\/div>\n\t\t\t\t\t\t\t\t<\/div> <!-- card -->\t\n\t\t\t\t\t\t\t\t\t\t\t\t\t\t\t<div class=\"card card-2  \">\n\t\t\t\t\t\t\t\t\t<div class=\"card-header witr_ac_card\">\n\t\t\t\t\t\t\t\t\t\t<a href=\"#\" class=\"card-link witr_ac_style\" data-toggle=\"collapse\" data-target=\"#collapse_c72722d\" aria-expanded=\"true\">\n\t\t\t\t\t\t\t\t\t\t\t\t<!-- icon -->\n\t\t\t\t\t\t\t\t\t\t\t\t<i aria-hidden=\"true\" class=\"fas fa-check\"><\/i>\t\t\t\t\t\n\t\t\t\t\t\t\t\t\t\t\t\t<!-- end icon -->\n\t\t\t\t\t\t\t\t\t\t   Rocznik 1970\t\t\t\t\t\t\t\t\t\t<\/a>\n\t\t\t\t\t\t\t\t\t<\/div>\n\n\t\t\t\t\t\t\t\t\t<div id=\"collapse_c72722d\" class=\"collapse    \" data-parent=\"#accordion\">\n                                        <p>Koordynator rocznika 1976: Imi\u0119 Nazwisko, tel.[...], e-mail [...]<\/p><p>Dodatkowe informacje<\/p>\t\t\t\t\t\t\t\t\t\t\n\t\t\t\t\t\t\t\t\t<\/div>\n\t\t\t\t\t\t\t\t<\/div> <!-- card -->\t\n\t\t\t\t\t\t\t\t\t\t\t\t\t\t\t<div class=\"card card-2  \">\n\t\t\t\t\t\t\t\t\t<div class=\"card-header witr_ac_card\">\n\t\t\t\t\t\t\t\t\t\t<a href=\"#\" class=\"card-link witr_ac_style\" data-toggle=\"collapse\" data-target=\"#collapse_e75f257\" aria-expanded=\"true\">\n\t\t\t\t\t\t\t\t\t\t\t\t<!-- icon -->\n\t\t\t\t\t\t\t\t\t\t\t\t<i aria-hidden=\"true\" class=\"fas fa-check\"><\/i>\t\t\t\t\t\n\t\t\t\t\t\t\t\t\t\t\t\t<!-- end icon -->\n\t\t\t\t\t\t\t\t\t\t   Rocznik 1971\t\t\t\t\t\t\t\t\t\t<\/a>\n\t\t\t\t\t\t\t\t\t<\/div>\n\n\t\t\t\t\t\t\t\t\t<div id=\"collapse_e75f257\" class=\"collapse    \" data-parent=\"#accordion\">\n                                        <p>Koordynator rocznika 1976: Imi\u0119 Nazwisko, tel.[...], e-mail [...]<\/p><p>Dodatkowe informacje<\/p>\t\t\t\t\t\t\t\t\t\t\n\t\t\t\t\t\t\t\t\t<\/div>\n\t\t\t\t\t\t\t\t<\/div> <!-- card -->\t\n\t\t\t\t\t\t\t\t\t\t\t\t\t\t\t<div class=\"card card-2  \">\n\t\t\t\t\t\t\t\t\t<div class=\"card-header witr_ac_card\">\n\t\t\t\t\t\t\t\t\t\t<a href=\"#\" class=\"card-link witr_ac_style\" data-toggle=\"collapse\" data-target=\"#collapse_45db86c\" aria-expanded=\"true\">\n\t\t\t\t\t\t\t\t\t\t\t\t<!-- icon -->\n\t\t\t\t\t\t\t\t\t\t\t\t<i aria-hidden=\"true\" class=\"fas fa-check\"><\/i>\t\t\t\t\t\n\t\t\t\t\t\t\t\t\t\t\t\t<!-- end icon -->\n\t\t\t\t\t\t\t\t\t\t   Rocznik 1972\t\t\t\t\t\t\t\t\t\t<\/a>\n\t\t\t\t\t\t\t\t\t<\/div>\n\n\t\t\t\t\t\t\t\t\t<div id=\"collapse_45db86c\" class=\"collapse    \" data-parent=\"#accordion\">\n                                        <p>Koordynator rocznika 1976: Imi\u0119 Nazwisko, tel.[...], e-mail [...]<\/p><p>Dodatkowe informacje<\/p>\t\t\t\t\t\t\t\t\t\t\n\t\t\t\t\t\t\t\t\t<\/div>\n\t\t\t\t\t\t\t\t<\/div> <!-- card -->\t\n\t\t\t\t\t\t\t\t\t\t\t\t\t\t\t<div class=\"card card-2  \">\n\t\t\t\t\t\t\t\t\t<div class=\"card-header witr_ac_card\">\n\t\t\t\t\t\t\t\t\t\t<a href=\"#\" class=\"card-link witr_ac_style\" data-toggle=\"collapse\" data-target=\"#collapse_c1d81ac\" aria-expanded=\"true\">\n\t\t\t\t\t\t\t\t\t\t\t\t<!-- icon -->\n\t\t\t\t\t\t\t\t\t\t\t\t<i aria-hidden=\"true\" class=\"fas fa-check\"><\/i>\t\t\t\t\t\n\t\t\t\t\t\t\t\t\t\t\t\t<!-- end icon -->\n\t\t\t\t\t\t\t\t\t\t   Rocznik 1973\t\t\t\t\t\t\t\t\t\t<\/a>\n\t\t\t\t\t\t\t\t\t<\/div>\n\n\t\t\t\t\t\t\t\t\t<div id=\"collapse_c1d81ac\" class=\"collapse    \" data-parent=\"#accordion\">\n                                        <p>Koordynator rocznika 1976: Imi\u0119 Nazwisko, tel.[...], e-mail [...]<\/p><p>Dodatkowe informacje<\/p>\t\t\t\t\t\t\t\t\t\t\n\t\t\t\t\t\t\t\t\t<\/div>\n\t\t\t\t\t\t\t\t<\/div> <!-- card -->\t\n\t\t\t\t\t\t\t\t\t\t\t\t\t\t\t<div class=\"card card-2  \">\n\t\t\t\t\t\t\t\t\t<div class=\"card-header witr_ac_card\">\n\t\t\t\t\t\t\t\t\t\t<a href=\"#\" class=\"card-link witr_ac_style\" data-toggle=\"collapse\" data-target=\"#collapse_1b51eb3\" aria-expanded=\"true\">\n\t\t\t\t\t\t\t\t\t\t\t\t<!-- icon -->\n\t\t\t\t\t\t\t\t\t\t\t\t<i aria-hidden=\"true\" class=\"fas fa-check\"><\/i>\t\t\t\t\t\n\t\t\t\t\t\t\t\t\t\t\t\t<!-- end icon -->\n\t\t\t\t\t\t\t\t\t\t   Rocznik 1974\t\t\t\t\t\t\t\t\t\t<\/a>\n\t\t\t\t\t\t\t\t\t<\/div>\n\n\t\t\t\t\t\t\t\t\t<div id=\"collapse_1b51eb3\" class=\"collapse    \" data-parent=\"#accordion\">\n                                        <p>Koordynator rocznika 1976: Imi\u0119 Nazwisko, tel.[...], e-mail [...]<\/p><p>Dodatkowe informacje<\/p>\t\t\t\t\t\t\t\t\t\t\n\t\t\t\t\t\t\t\t\t<\/div>\n\t\t\t\t\t\t\t\t<\/div> <!-- card -->\t\n\t\t\t\t\t\t\t\t\t\t\t\t\t\t\t<div class=\"card card-2  \">\n\t\t\t\t\t\t\t\t\t<div class=\"card-header witr_ac_card\">\n\t\t\t\t\t\t\t\t\t\t<a href=\"#\" class=\"card-link witr_ac_style\" data-toggle=\"collapse\" data-target=\"#collapse_e2e1527\" aria-expanded=\"true\">\n\t\t\t\t\t\t\t\t\t\t\t\t<!-- icon -->\n\t\t\t\t\t\t\t\t\t\t\t\t<i aria-hidden=\"true\" class=\"fas fa-check\"><\/i>\t\t\t\t\t\n\t\t\t\t\t\t\t\t\t\t\t\t<!-- end icon -->\n\t\t\t\t\t\t\t\t\t\t   Rocznik 1974\t\t\t\t\t\t\t\t\t\t<\/a>\n\t\t\t\t\t\t\t\t\t<\/div>\n\n\t\t\t\t\t\t\t\t\t<div id=\"collapse_e2e1527\" class=\"collapse    \" data-parent=\"#accordion\">\n                                        <p>Koordynator rocznika 1976: Imi\u0119 Nazwisko, tel.[...], e-mail [...]<\/p><p>Dodatkowe informacje<\/p>\t\t\t\t\t\t\t\t\t\t\n\t\t\t\t\t\t\t\t\t<\/div>\n\t\t\t\t\t\t\t\t<\/div> <!-- card -->\t\n\t\t\t\t\t\t\t                        <\/div>\n                    <\/div> <!-- faq part -->\t\t\n                <\/div> \t\t\n\t\t\t\t\t\t<\/div>\n\t\t\t\t<\/div>\n\t\t\t\t\t<\/div>\n\t\t<\/div>\n\t\t\t\t\t<\/div>\n\t\t<\/section>\n\t\t\t\t<section class=\"elementor-section elementor-top-section elementor-element elementor-element-49c0fde elementor-section-boxed elementor-section-height-default elementor-section-height-default\" data-id=\"49c0fde\" data-element_type=\"section\" data-e-type=\"section\">\n\t\t\t\t\t\t<div class=\"elementor-container elementor-column-gap-default\">\n\t\t\t\t\t<div class=\"elementor-column elementor-col-100 elementor-top-column elementor-element elementor-element-6f287a7\" data-id=\"6f287a7\" data-element_type=\"column\" data-e-type=\"column\">\n\t\t\t<div class=\"elementor-widget-wrap\">\n\t\t\t\t\t\t\t<\/div>\n\t\t<\/div>\n\t\t\t\t\t<\/div>\n\t\t<\/section>\n\t\t\t\t<\/div>\n\t\t","protected":false},"excerpt":{"rendered":"<p>Znajd\u017a kontakt do swoich znajomych ze studi\u00f3w Poni\u017cej znajduj\u0105 si\u0119 kontakty do koordynator\u00f3w rocznik\u00f3w Absolwent\u00f3w Wydzia\u0142u Elektrycznego PW. Rocznik oznacza rok rozpocz\u0119cia studi\u00f3w na Wydziale Elektrycznym PW. Je\u015bli chcesz wiedzie\u0107 co s\u0142ycha\u0107 u os\u00f3b z kt\u00f3rymi studiowa\u0142e\u015b\/a\u015b, bra\u0107 udzia\u0142 w spotkaniach itp. skontaktuj si\u0119 z koordynatorem swojego rocznika. Je\u015bli nie znalaz\u0142e\u015b\/a\u015b swojego rocznika, skontaktuj si\u0119 [&hellip;]<\/p>\n","protected":false},"author":12,"featured_media":0,"parent":0,"menu_order":0,"comment_status":"closed","ping_status":"closed","template":"template-home.php","meta":{"_monsterinsights_skip_tracking":false,"_monsterinsights_sitenote_active":false,"_monsterinsights_sitenote_note":"","_monsterinsights_sitenote_category":0,"ngg_post_thumbnail":0,"footnotes":""},"class_list":["post-6709","page","type-page","status-publish","hentry"],"_links":{"self":[{"href":"https:\/\/www.ee.pw.edu.pl\/sawe\/wp-json\/wp\/v2\/pages\/6709","targetHints":{"allow":["GET"]}}],"collection":[{"href":"https:\/\/www.ee.pw.edu.pl\/sawe\/wp-json\/wp\/v2\/pages"}],"about":[{"href":"https:\/\/www.ee.pw.edu.pl\/sawe\/wp-json\/wp\/v2\/types\/page"}],"author":[{"embeddable":true,"href":"https:\/\/www.ee.pw.edu.pl\/sawe\/wp-json\/wp\/v2\/users\/12"}],"replies":[{"embeddable":true,"href":"https:\/\/www.ee.pw.edu.pl\/sawe\/wp-json\/wp\/v2\/comments?post=6709"}],"version-history":[{"count":8,"href":"https:\/\/www.ee.pw.edu.pl\/sawe\/wp-json\/wp\/v2\/pages\/6709\/revisions"}],"predecessor-version":[{"id":7099,"href":"https:\/\/www.ee.pw.edu.pl\/sawe\/wp-json\/wp\/v2\/pages\/6709\/revisions\/7099"}],"wp:attachment":[{"href":"https:\/\/www.ee.pw.edu.pl\/sawe\/wp-json\/wp\/v2\/media?parent=6709"}],"curies":[{"name":"wp","href":"https:\/\/api.w.org\/{rel}","templated":true}]}}