{"id":6672,"date":"2024-03-04T18:38:00","date_gmt":"2024-03-04T17:38:00","guid":{"rendered":"https:\/\/www.ee.pw.edu.pl\/sawe\/?page_id=6672"},"modified":"2025-04-14T17:33:33","modified_gmt":"2025-04-14T15:33:33","slug":"zespol-sawe","status":"publish","type":"page","link":"https:\/\/www.ee.pw.edu.pl\/sawe\/zespol-sawe\/","title":{"rendered":"Zesp\u00f3\u0142 SAWE"},"content":{"rendered":"\t\t<div data-elementor-type=\"wp-page\" data-elementor-id=\"6672\" class=\"elementor elementor-6672\">\n\t\t\t\t\t\t<section class=\"elementor-section elementor-top-section elementor-element elementor-element-390338e elementor-section-boxed elementor-section-height-default elementor-section-height-default\" data-id=\"390338e\" data-element_type=\"section\" data-e-type=\"section\">\n\t\t\t\t\t\t<div class=\"elementor-container elementor-column-gap-default\">\n\t\t\t\t\t<div class=\"elementor-column elementor-col-100 elementor-top-column elementor-element elementor-element-e26b772\" data-id=\"e26b772\" data-element_type=\"column\" data-e-type=\"column\">\n\t\t\t<div class=\"elementor-widget-wrap elementor-element-populated\">\n\t\t\t\t\t\t<div class=\"elementor-element elementor-element-fe586a4 elementor-widget elementor-widget-witr_section_title\" data-id=\"fe586a4\" data-element_type=\"widget\" data-e-type=\"widget\" data-widget_type=\"witr_section_title.default\">\n\t\t\t\t<div class=\"elementor-widget-container\">\n\t\t\t\t\t\t\t\t\t\t<!-- title center -->\n\t\t\t\t\t<div class=\"witr_section_title\">\n\t\t\t\t\t\t<div class=\"witr_section_title_inner text-center\">\n\t\t\t\t\t\t\n\t\t\t\t\t\t\t<!--<div class=\"witr_title_lines\"><span class=\"witr_line_shaps\"><span class=\"witr_shape_dv\">Divider <i aria-hidden=\"true\" class=\"fas fa-star\"><\/i><\/span><\/span><\/div>-->\n\t\t\t\t\t\t\t<!-- icon position -->\n\t\t\t\t\t\t\t\t\n\t\t\t\t\t\t\t<!-- end icon position -->\n\t\t\t\t\t\t\t\n\t\t\t\t\t\t\n\t\t\t\t\t\t\t<!-- title top -->\n\t\t\t\t\t\t\t\t\t\t\t\t\t\t\t<h2>Razem dzia\u0142amy na rzecz spo\u0142eczno\u015bci Wydzia\u0142u Elektrycznego<\/h2>\t\t\n\t\t\t\t\t\t\t\n\n\t\t\t\t\t\t\t<!-- icon position -->\n\t\t\t\t\t\t\t\t\t\t\t\t\t\t\n\t\t\t\t\t\t\t<!-- image -->\n\t\t\t\t\t\t\t\t\t\t\t\t\t\t<!-- icon -->\n\t\t\t\t\t\t\t\t\t\t\t\t\t\t\n\t\t\t\t\t\t\t<!-- bar -->\n\t\t\t\t\t\t\t\n\t\t\t\t\t\t\t\n\t\t\t\t\t\t\t\t\n\t\t\t\t\t\t\t<!-- end icon position -->\n\n\n\t\t\t\t\t\t\t\n\t\t\t\t\t\t\t<!-- title middle -->\n\t\t\t\t\t\t\t\t\t\t\t\t\t\t\t<h3>Poznaj Zesp\u00f3\u0142 SAWE<\/h3>\t\t\n\t\t\t\t\t\t\t\t\t\t\t\t\t\t<!-- title bottom -->\n\t\t\t\t\t\t\t\n\t\t\t\t\t\t\t\n\t\t\t\t\t\t\t\n\t\t\t\t\t\t\t\t\n\t\t\t\t\t\t\t\n\n\t\t\t\t\t\t\t\n\t\t\t\t\t\t\t<!-- content -->\n\t\t\t\t\t\t\t\t\t\t\t\t\t\t\n\t\t\t\t\t\t<\/div>\n\t\t\t\t\t\t\t<!-- inner title -->\n\t\t\t\t\t\t\t\t\t\t\t\t\t\n\t\t\t\t\t<\/div>\n\n\t\t\t\t\t\t\t\t<\/div>\n\t\t\t\t<\/div>\n\t\t\t\t<section class=\"elementor-section elementor-inner-section elementor-element elementor-element-2132847 elementor-section-boxed elementor-section-height-default elementor-section-height-default\" data-id=\"2132847\" data-element_type=\"section\" data-e-type=\"section\">\n\t\t\t\t\t\t<div class=\"elementor-container elementor-column-gap-default\">\n\t\t\t\t\t<div class=\"elementor-column elementor-col-33 elementor-inner-column elementor-element elementor-element-6f5ced6\" data-id=\"6f5ced6\" data-element_type=\"column\" data-e-type=\"column\">\n\t\t\t<div class=\"elementor-widget-wrap elementor-element-populated\">\n\t\t\t\t\t\t<div class=\"elementor-element elementor-element-b96165e elementor-widget elementor-widget-witr_section_team\" data-id=\"b96165e\" data-element_type=\"widget\" data-e-type=\"widget\" data-widget_type=\"witr_section_team.default\">\n\t\t\t\t<div class=\"elementor-widget-container\">\n\t\t\t\t\t\t\n\n                        <div class=\"cons_singleTeam all_color_team witr_team_s12\">\n                            <div class=\"front_view\">\n\t\t\t\t\t\t\t\t<!-- image -->\n\t\t\t\t\t\t\t\t\t\t\t\t\t\t\t\t\t<img decoding=\"async\" src=\"https:\/\/www.ee.pw.edu.pl\/sawe\/wp-content\/uploads\/sites\/9\/2024\/03\/Jerzy-Baranowski_370x350.jpg\" alt=\"\">\t\t\n\t\t\t\t\t\t\t\t\t\t\t\t\t\t\t\t<div class=\"all_content_bg_color\">\n\t\t\t\t\t\t\t\t\t<!-- title -->\n\t\t\t\t\t\t\t\t\t\t\t\t\t\t\t\t\t\t\t<h5>Jerzy Baranowski <\/h5>\t\n\t\t\t\t\t\t\t\t\t\t\t\t\t\t\t\t\t\t<!-- subtitle -->\n\t\t\t\t\t\t\t\t\t\t\t\t\t\t\t\t\t\t\t<span>Prezes SAWE<\/span>\n\t\t\t\t\t\t\t\t\t\t\t\t\t\t\t\t\t\t<!-- content -->\n\t\t\t\t\t\t\t\t\t\t\t\t\t\t\t\t\t\t\t<p>rocznik 1976 <li>\ntel. 601 225 635 <\/p>\t\n\t\t\t\t\t\t\t\t\t\t\t\t\t\t\t\t\t\t<div class=\"all_team_s_color con_TMS\">\n\t\t\t\t\t\t\t\t\t\t\t\t\t\t\t\t\t\t\t\t\t\n\t\t\t\t\t\t\t\t\t\t\t\t<!-- icon -->\n\t\t\t\t\t\t\t\t\t\t\t\t<a href=\"&#109;&#x61;&#105;&#x6c;t&#x6f;:&#106;&#x65;&#114;&#x7a;y&#x40;b&#97;&#x72;&#97;&#x6e;o&#x77;s&#107;&#x69;&#46;&#x77;a&#x77;&#46;&#112;&#x6c;\">\n\t\t\t\t\t\t\t\t\t\t\t\t\t\t\t\t\t\t\t\t\t\t\t\t\t\t\t<i aria-hidden=\"true\" class=\"fas fa-envelope\"><\/i>\t\t\t\t\t\t\t\t\t\t\t\t\t\t\t\t\t\t\t\t\t\t\t\t\t<\/a>\t\t\n\t\t\t\t\t\t\t\t\t\t\t\t\t\t\t\t\t\t\t\t\t\t\t\t\t\t\t\t\t\t\t\n\t\t\t\t\t\t\t\t\t<\/div>\n\t\t\t\t\t\t\t\t<\/div>\n\t\t\t\t\n                            <\/div>\n                        <\/div>\n\n\t\t\n\n\t\t\t\t\t\t<\/div>\n\t\t\t\t<\/div>\n\t\t\t\t<div class=\"elementor-element elementor-element-1611e78 elementor-widget elementor-widget-witr_section_team\" data-id=\"1611e78\" data-element_type=\"widget\" data-e-type=\"widget\" data-widget_type=\"witr_section_team.default\">\n\t\t\t\t<div class=\"elementor-widget-container\">\n\t\t\t\t\t\t\n\n                        <div class=\"cons_singleTeam all_color_team witr_team_s12\">\n                            <div class=\"front_view\">\n\t\t\t\t\t\t\t\t<!-- image -->\n\t\t\t\t\t\t\t\t\t\t\t\t\t\t\t\t\t<img decoding=\"async\" src=\"https:\/\/www.ee.pw.edu.pl\/sawe\/wp-content\/uploads\/sites\/9\/2025\/04\/Jerzy-Majcher_new1_370x350.png\" alt=\"\">\t\t\n\t\t\t\t\t\t\t\t\t\t\t\t\t\t\t\t<div class=\"all_content_bg_color\">\n\t\t\t\t\t\t\t\t\t<!-- title -->\n\t\t\t\t\t\t\t\t\t\t\t\t\t\t\t\t\t\t\t<h5>Jerzy Majcher <\/h5>\t\n\t\t\t\t\t\t\t\t\t\t\t\t\t\t\t\t\t\t<!-- subtitle -->\n\t\t\t\t\t\t\t\t\t\t\t\t\t\t\t\t\t\t\t<span>Cz\u0142onek SAWE<\/span>\n\t\t\t\t\t\t\t\t\t\t\t\t\t\t\t\t\t\t<!-- content -->\n\t\t\t\t\t\t\t\t\t\t\t\t\t\t\t\t\t\t\t<p>rocznik 1970 <li>\ntel. 607 461 270 <\/p>\t\n\t\t\t\t\t\t\t\t\t\t\t\t\t\t\t\t\t\t<div class=\"all_team_s_color con_TMS\">\n\t\t\t\t\t\t\t\t\t\t\t\t\t\t\t\t\t\t\t\t\t\n\t\t\t\t\t\t\t\t\t\t\t\t<!-- icon -->\n\t\t\t\t\t\t\t\t\t\t\t\t<a href=\"mailto:jerzymajcher&#64;wp&#46;p&#108;\">\n\t\t\t\t\t\t\t\t\t\t\t\t\t\t\t\t\t\t\t\t\t\t\t\t\t\t\t<i aria-hidden=\"true\" class=\"fas fa-envelope\"><\/i>\t\t\t\t\t\t\t\t\t\t\t\t\t\t\t\t\t\t\t\t\t\t\t\t\t<\/a>\t\t\n\t\t\t\t\t\t\t\t\t\t\t\t\t\t\t\t\t\t\t\t\t\t\t\t\t\t\t\t\t\t\t\n\t\t\t\t\t\t\t\t\t<\/div>\n\t\t\t\t\t\t\t\t<\/div>\n\t\t\t\t\n                            <\/div>\n                        <\/div>\n\n\t\t\n\n\t\t\t\t\t\t<\/div>\n\t\t\t\t<\/div>\n\t\t\t\t<div class=\"elementor-element elementor-element-2690cea elementor-widget elementor-widget-witr_section_team\" data-id=\"2690cea\" data-element_type=\"widget\" data-e-type=\"widget\" data-widget_type=\"witr_section_team.default\">\n\t\t\t\t<div class=\"elementor-widget-container\">\n\t\t\t\t\t\t\n\n                        <div class=\"cons_singleTeam all_color_team witr_team_s12\">\n                            <div class=\"front_view\">\n\t\t\t\t\t\t\t\t<!-- image -->\n\t\t\t\t\t\t\t\t\t\t\t\t\t\t\t\t\t<img decoding=\"async\" src=\"https:\/\/www.ee.pw.edu.pl\/sawe\/wp-content\/uploads\/sites\/9\/2024\/10\/Romuald-Dedeszko-Wiercinski_370x350.png\" alt=\"\">\t\t\n\t\t\t\t\t\t\t\t\t\t\t\t\t\t\t\t<div class=\"all_content_bg_color\">\n\t\t\t\t\t\t\t\t\t<!-- title -->\n\t\t\t\t\t\t\t\t\t\t\t\t\t\t\t\t\t\t\t<h5>Romuald Dedeszko Wiercinski <\/h5>\t\n\t\t\t\t\t\t\t\t\t\t\t\t\t\t\t\t\t\t<!-- subtitle -->\n\t\t\t\t\t\t\t\t\t\t\t\t\t\t\t\t\t\t\t<span>Cz\u0142onek SAWE<\/span>\n\t\t\t\t\t\t\t\t\t\t\t\t\t\t\t\t\t\t<!-- content -->\n\t\t\t\t\t\t\t\t\t\t\t\t\t\t\t\t\t\t\t<p>rocznik 1960 <li>\ntel. 501 583 666 <\/p>\t\n\t\t\t\t\t\t\t\t\t\t\t\t\t\t\t\t\t\t<div class=\"all_team_s_color con_TMS\">\n\t\t\t\t\t\t\t\t\t\t\t\t\t\t\t\t\t\t\t\t\t\n\t\t\t\t\t\t\t\t\t\t\t\t<!-- icon -->\n\t\t\t\t\t\t\t\t\t\t\t\t<a href=\"m&#97;&#105;&#x6c;&#x74;o:&#114;&#100;&#x77;&#x39;9&#64;&#112;&#111;&#x63;&#x7a;ta&#46;&#x6f;&#x6e;&#x65;t&#46;&#112;&#x6c;\">\n\t\t\t\t\t\t\t\t\t\t\t\t\t\t\t\t\t\t\t\t\t\t\t\t\t\t\t<i aria-hidden=\"true\" class=\"fas fa-envelope\"><\/i>\t\t\t\t\t\t\t\t\t\t\t\t\t\t\t\t\t\t\t\t\t\t\t\t\t<\/a>\t\t\n\t\t\t\t\t\t\t\t\t\t\t\t\t\t\t\t\t\t\t\t\t\t\t\t\t\t\t\t\t\t\t\n\t\t\t\t\t\t\t\t\t<\/div>\n\t\t\t\t\t\t\t\t<\/div>\n\t\t\t\t\n                            <\/div>\n                        <\/div>\n\n\t\t\n\n\t\t\t\t\t\t<\/div>\n\t\t\t\t<\/div>\n\t\t\t\t\t<\/div>\n\t\t<\/div>\n\t\t\t\t<div class=\"elementor-column elementor-col-33 elementor-inner-column elementor-element elementor-element-b8b9b22\" data-id=\"b8b9b22\" data-element_type=\"column\" data-e-type=\"column\">\n\t\t\t<div class=\"elementor-widget-wrap elementor-element-populated\">\n\t\t\t\t\t\t<div class=\"elementor-element elementor-element-bb47622 elementor-widget elementor-widget-witr_section_team\" data-id=\"bb47622\" data-element_type=\"widget\" data-e-type=\"widget\" data-widget_type=\"witr_section_team.default\">\n\t\t\t\t<div class=\"elementor-widget-container\">\n\t\t\t\t\t\t\n\n                        <div class=\"cons_singleTeam all_color_team witr_team_s12\">\n                            <div class=\"front_view\">\n\t\t\t\t\t\t\t\t<!-- image -->\n\t\t\t\t\t\t\t\t\t\t\t\t\t\t\t\t\t<img decoding=\"async\" src=\"https:\/\/www.ee.pw.edu.pl\/sawe\/wp-content\/uploads\/sites\/9\/2024\/03\/Anna-Graniszewska.png\" alt=\"\">\t\t\n\t\t\t\t\t\t\t\t\t\t\t\t\t\t\t\t<div class=\"all_content_bg_color\">\n\t\t\t\t\t\t\t\t\t<!-- title -->\n\t\t\t\t\t\t\t\t\t\t\t\t\t\t\t\t\t\t\t<h5>Anna Graniszewska <\/h5>\t\n\t\t\t\t\t\t\t\t\t\t\t\t\t\t\t\t\t\t<!-- subtitle -->\n\t\t\t\t\t\t\t\t\t\t\t\t\t\t\t\t\t\t\t<span>Cz\u0142onkini SAWE<\/span>\n\t\t\t\t\t\t\t\t\t\t\t\t\t\t\t\t\t\t<!-- content -->\n\t\t\t\t\t\t\t\t\t\t\t\t\t\t\t\t\t\t\t<p>rocznik 1976 <li>\ntel. 605 668 880 <\/p>\t\n\t\t\t\t\t\t\t\t\t\t\t\t\t\t\t\t\t\t<div class=\"all_team_s_color con_TMS\">\n\t\t\t\t\t\t\t\t\t\t\t\t\t\t\t\t\t\t\t\t\t\n\t\t\t\t\t\t\t\t\t\t\t\t<!-- icon -->\n\t\t\t\t\t\t\t\t\t\t\t\t<a href=\"https:\/\/www.facebook.com\/anna.graniszewska\/\">\n\t\t\t\t\t\t\t\t\t\t\t\t\t\t\t\t\t\t\t\t\t\t\t\t\t\t\t<i aria-hidden=\"true\" class=\"fab fa-facebook-f\"><\/i>\t\t\t\t\t\t\t\t\t\t\t\t\t\t\t\t\t\t\t\t\t\t\t\t\t<\/a>\t\t\n\t\t\t\t\t\t\t\t\t\t\t\t\t\t\t\t\t\t\t\t\t\t\n\t\t\t\t\t\t\t\t\t\t\t\t<!-- icon -->\n\t\t\t\t\t\t\t\t\t\t\t\t<a href=\"https:\/\/www.linkedin.com\/in\/anna-graniszewska-89938320\/\">\n\t\t\t\t\t\t\t\t\t\t\t\t\t\t\t\t\t\t\t\t\t\t\t\t\t\t\t<i aria-hidden=\"true\" class=\"fab fa-linkedin-in\"><\/i>\t\t\t\t\t\t\t\t\t\t\t\t\t\t\t\t\t\t\t\t\t\t\t\t\t<\/a>\t\t\n\t\t\t\t\t\t\t\t\t\t\t\t\t\t\t\t\t\t\t\t\t\t\n\t\t\t\t\t\t\t\t\t\t\t\t<!-- icon -->\n\t\t\t\t\t\t\t\t\t\t\t\t<a href=\"m&#97;&#x69;&#x6c;&#x74;o&#58;&#x61;&#x6e;&#x6e;a&#46;&#x67;&#x72;&#x61;n&#105;&#x73;&#x7a;&#x65;w&#115;&#x6b;&#x61;&#x40;g&#109;&#x61;&#x69;&#x6c;&#46;&#99;&#x6f;&#x6d;\">\n\t\t\t\t\t\t\t\t\t\t\t\t\t\t\t\t\t\t\t\t\t\t\t\t\t\t\t<i aria-hidden=\"true\" class=\"fas fa-envelope\"><\/i>\t\t\t\t\t\t\t\t\t\t\t\t\t\t\t\t\t\t\t\t\t\t\t\t\t<\/a>\t\t\n\t\t\t\t\t\t\t\t\t\t\t\t\t\t\t\t\t\t\t\t\t\t\t\t\t\t\t\t\t\t\t\n\t\t\t\t\t\t\t\t\t<\/div>\n\t\t\t\t\t\t\t\t<\/div>\n\t\t\t\t\n                            <\/div>\n                        <\/div>\n\n\t\t\n\n\t\t\t\t\t\t<\/div>\n\t\t\t\t<\/div>\n\t\t\t\t<div class=\"elementor-element elementor-element-f41e8fe elementor-widget elementor-widget-witr_section_team\" data-id=\"f41e8fe\" data-element_type=\"widget\" data-e-type=\"widget\" data-widget_type=\"witr_section_team.default\">\n\t\t\t\t<div class=\"elementor-widget-container\">\n\t\t\t\t\t\t\n\n                        <div class=\"cons_singleTeam all_color_team witr_team_s12\">\n                            <div class=\"front_view\">\n\t\t\t\t\t\t\t\t<!-- image -->\n\t\t\t\t\t\t\t\t\t\t\t\t\t\t\t\t\t<img decoding=\"async\" src=\"https:\/\/www.ee.pw.edu.pl\/sawe\/wp-content\/uploads\/sites\/9\/2024\/09\/Pawel-Maczynski.jpg\" alt=\"\">\t\t\n\t\t\t\t\t\t\t\t\t\t\t\t\t\t\t\t<div class=\"all_content_bg_color\">\n\t\t\t\t\t\t\t\t\t<!-- title -->\n\t\t\t\t\t\t\t\t\t\t\t\t\t\t\t\t\t\t\t<h5>Pawe\u0142 M\u0105czy\u0144ski <\/h5>\t\n\t\t\t\t\t\t\t\t\t\t\t\t\t\t\t\t\t\t<!-- subtitle -->\n\t\t\t\t\t\t\t\t\t\t\t\t\t\t\t\t\t\t\t<span>Cz\u0142onek SAWE<\/span>\n\t\t\t\t\t\t\t\t\t\t\t\t\t\t\t\t\t\t<!-- content -->\n\t\t\t\t\t\t\t\t\t\t\t\t\t\t\t\t\t\t\t<p>rocznik 1972 <li>\ntel. 502 482 837 <\/p>\t\n\t\t\t\t\t\t\t\t\t\t\t\t\t\t\t\t\t\t<div class=\"all_team_s_color con_TMS\">\n\t\t\t\t\t\t\t\t\t\t\t\t\t\t\t\t\t\t\t\t\t\n\t\t\t\t\t\t\t\t\t\t\t\t<!-- icon -->\n\t\t\t\t\t\t\t\t\t\t\t\t<a href=\"https:\/\/www.linkedin.com\/in\/pawel-maczynski-4981369\/\">\n\t\t\t\t\t\t\t\t\t\t\t\t\t\t\t\t\t\t\t\t\t\t\t\t\t\t\t<i aria-hidden=\"true\" class=\"fab fa-linkedin-in\"><\/i>\t\t\t\t\t\t\t\t\t\t\t\t\t\t\t\t\t\t\t\t\t\t\t\t\t<\/a>\t\t\n\t\t\t\t\t\t\t\t\t\t\t\t\t\t\t\t\t\t\t\t\t\t\n\t\t\t\t\t\t\t\t\t\t\t\t<!-- icon -->\n\t\t\t\t\t\t\t\t\t\t\t\t<a href=\"&#109;&#x61;&#105;&#x6c;&#116;&#x6f;&#58;&#x70;&#46;&#x6d;&#97;&#x63;&#122;&#x79;&#110;&#x73;&#107;&#x69;&#64;&#x73;&#97;&#x65;&#46;&#x63;&#111;&#x6d;&#46;&#x70;l\">\n\t\t\t\t\t\t\t\t\t\t\t\t\t\t\t\t\t\t\t\t\t\t\t\t\t\t\t<i aria-hidden=\"true\" class=\"fas fa-envelope\"><\/i>\t\t\t\t\t\t\t\t\t\t\t\t\t\t\t\t\t\t\t\t\t\t\t\t\t<\/a>\t\t\n\t\t\t\t\t\t\t\t\t\t\t\t\t\t\t\t\t\t\t\t\t\t\t\t\t\t\t\t\t\t\t\n\t\t\t\t\t\t\t\t\t<\/div>\n\t\t\t\t\t\t\t\t<\/div>\n\t\t\t\t\n                            <\/div>\n                        <\/div>\n\n\t\t\n\n\t\t\t\t\t\t<\/div>\n\t\t\t\t<\/div>\n\t\t\t\t\t<\/div>\n\t\t<\/div>\n\t\t\t\t<div class=\"elementor-column elementor-col-33 elementor-inner-column elementor-element elementor-element-46c2701\" data-id=\"46c2701\" data-element_type=\"column\" data-e-type=\"column\">\n\t\t\t<div class=\"elementor-widget-wrap elementor-element-populated\">\n\t\t\t\t\t\t<div class=\"elementor-element elementor-element-ae986c3 elementor-widget elementor-widget-witr_section_team\" data-id=\"ae986c3\" data-element_type=\"widget\" data-e-type=\"widget\" data-widget_type=\"witr_section_team.default\">\n\t\t\t\t<div class=\"elementor-widget-container\">\n\t\t\t\t\t\t\n\n                        <div class=\"cons_singleTeam all_color_team witr_team_s12\">\n                            <div class=\"front_view\">\n\t\t\t\t\t\t\t\t<!-- image -->\n\t\t\t\t\t\t\t\t\t\t\t\t\t\t\t\t\t<img decoding=\"async\" src=\"https:\/\/www.ee.pw.edu.pl\/sawe\/wp-content\/uploads\/sites\/9\/2024\/03\/Barbara-Jopowicz_370x350.jpg\" alt=\"\">\t\t\n\t\t\t\t\t\t\t\t\t\t\t\t\t\t\t\t<div class=\"all_content_bg_color\">\n\t\t\t\t\t\t\t\t\t<!-- title -->\n\t\t\t\t\t\t\t\t\t\t\t\t\t\t\t\t\t\t\t<h5>Barbara Jopowicz <\/h5>\t\n\t\t\t\t\t\t\t\t\t\t\t\t\t\t\t\t\t\t<!-- subtitle -->\n\t\t\t\t\t\t\t\t\t\t\t\t\t\t\t\t\t\t\t<span>Cz\u0142onkini SAWE\n\n<\/span>\n\t\t\t\t\t\t\t\t\t\t\t\t\t\t\t\t\t\t<!-- content -->\n\t\t\t\t\t\t\t\t\t\t\t\t\t\t\t\t\t\t\t<p>rocznik 1976 <li> tel. 505 122 840 <\/p>\t\n\t\t\t\t\t\t\t\t\t\t\t\t\t\t\t\t\t\t<div class=\"all_team_s_color con_TMS\">\n\t\t\t\t\t\t\t\t\t\t\t\t\t\t\t\t\t\t\t\t\t\n\t\t\t\t\t\t\t\t\t\t\t\t<!-- icon -->\n\t\t\t\t\t\t\t\t\t\t\t\t<a href=\"https:\/\/www.facebook.com\/barbara.jopowicz\">\n\t\t\t\t\t\t\t\t\t\t\t\t\t\t\t\t\t\t\t\t\t\t\t\t\t\t\t<i aria-hidden=\"true\" class=\"fab fa-facebook-f\"><\/i>\t\t\t\t\t\t\t\t\t\t\t\t\t\t\t\t\t\t\t\t\t\t\t\t\t<\/a>\t\t\n\t\t\t\t\t\t\t\t\t\t\t\t\t\t\t\t\t\t\t\t\t\t\n\t\t\t\t\t\t\t\t\t\t\t\t<!-- icon -->\n\t\t\t\t\t\t\t\t\t\t\t\t<a href=\"&#109;&#x61;&#105;&#x6c;&#116;&#x6f;:&#x62;a&#x73;i&#97;&#x6a;&#111;&#x70;&#111;&#x77;&#105;&#x63;z&#x40;g&#x6d;a&#105;&#x6c;&#46;&#x63;&#111;&#x6d;\">\n\t\t\t\t\t\t\t\t\t\t\t\t\t\t\t\t\t\t\t\t\t\t\t\t\t\t\t<i aria-hidden=\"true\" class=\"fas fa-envelope\"><\/i>\t\t\t\t\t\t\t\t\t\t\t\t\t\t\t\t\t\t\t\t\t\t\t\t\t<\/a>\t\t\n\t\t\t\t\t\t\t\t\t\t\t\t\t\t\t\t\t\t\t\t\t\t\t\t\t\t\t\t\t\t\t\n\t\t\t\t\t\t\t\t\t<\/div>\n\t\t\t\t\t\t\t\t<\/div>\n\t\t\t\t\n                            <\/div>\n                        <\/div>\n\n\t\t\n\n\t\t\t\t\t\t<\/div>\n\t\t\t\t<\/div>\n\t\t\t\t<div class=\"elementor-element elementor-element-e6721e1 elementor-widget elementor-widget-witr_section_team\" data-id=\"e6721e1\" data-element_type=\"widget\" data-e-type=\"widget\" data-widget_type=\"witr_section_team.default\">\n\t\t\t\t<div class=\"elementor-widget-container\">\n\t\t\t\t\t\t\n\n                        <div class=\"cons_singleTeam all_color_team witr_team_s12\">\n                            <div class=\"front_view\">\n\t\t\t\t\t\t\t\t<!-- image -->\n\t\t\t\t\t\t\t\t\t\t\t\t\t\t\t\t\t<img decoding=\"async\" src=\"https:\/\/www.ee.pw.edu.pl\/sawe\/wp-content\/uploads\/sites\/9\/2024\/10\/Malgorzata-Kurowska_370x350.png\" alt=\"\">\t\t\n\t\t\t\t\t\t\t\t\t\t\t\t\t\t\t\t<div class=\"all_content_bg_color\">\n\t\t\t\t\t\t\t\t\t<!-- title -->\n\t\t\t\t\t\t\t\t\t\t\t\t\t\t\t\t\t\t\t<h5>Ma\u0142gorzata Kurowska <\/h5>\t\n\t\t\t\t\t\t\t\t\t\t\t\t\t\t\t\t\t\t<!-- subtitle -->\n\t\t\t\t\t\t\t\t\t\t\t\t\t\t\t\t\t\t\t<span>Cz\u0142onkini SAWE<\/span>\n\t\t\t\t\t\t\t\t\t\t\t\t\t\t\t\t\t\t<!-- content -->\n\t\t\t\t\t\t\t\t\t\t\t\t\t\t\t\t\t\t\t<p>rocznik 1968<li>\ntel. 601 067 274 <\/p>\t\n\t\t\t\t\t\t\t\t\t\t\t\t\t\t\t\t\t\t<div class=\"all_team_s_color con_TMS\">\n\t\t\t\t\t\t\t\t\t\t\t\t\t\t\t\t\t\t\t\t\t\n\t\t\t\t\t\t\t\t\t\t\t\t<!-- icon -->\n\t\t\t\t\t\t\t\t\t\t\t\t<a href=\"&#x6d;a&#x69;&#108;t&#x6f;&#58;&#x6d;&#x6d;k&#x75;&#114;o&#x77;&#115;&#x6b;&#97;&#64;&#x67;&#109;a&#x69;&#108;&#x2e;&#99;o&#x6d;\">\n\t\t\t\t\t\t\t\t\t\t\t\t\t\t\t\t\t\t\t\t\t\t\t\t\t\t\t<i aria-hidden=\"true\" class=\"fas fa-envelope\"><\/i>\t\t\t\t\t\t\t\t\t\t\t\t\t\t\t\t\t\t\t\t\t\t\t\t\t<\/a>\t\t\n\t\t\t\t\t\t\t\t\t\t\t\t\t\t\t\t\t\t\t\t\t\t\t\t\t\t\t\t\t\t\t\n\t\t\t\t\t\t\t\t\t<\/div>\n\t\t\t\t\t\t\t\t<\/div>\n\t\t\t\t\n                            <\/div>\n                        <\/div>\n\n\t\t\n\n\t\t\t\t\t\t<\/div>\n\t\t\t\t<\/div>\n\t\t\t\t\t<\/div>\n\t\t<\/div>\n\t\t\t\t\t<\/div>\n\t\t<\/section>\n\t\t\t\t\t<\/div>\n\t\t<\/div>\n\t\t\t\t\t<\/div>\n\t\t<\/section>\n\t\t\t\t<section class=\"elementor-section elementor-top-section elementor-element elementor-element-6f4cd67 elementor-section-boxed elementor-section-height-default elementor-section-height-default\" data-id=\"6f4cd67\" data-element_type=\"section\" data-e-type=\"section\" data-settings=\"{&quot;background_background&quot;:&quot;classic&quot;}\">\n\t\t\t\t\t\t<div class=\"elementor-container elementor-column-gap-default\">\n\t\t\t\t\t<div class=\"elementor-column elementor-col-100 elementor-top-column elementor-element elementor-element-447f535\" data-id=\"447f535\" data-element_type=\"column\" data-e-type=\"column\">\n\t\t\t<div class=\"elementor-widget-wrap elementor-element-populated\">\n\t\t\t\t\t\t<div class=\"elementor-element elementor-element-881cee9 themex-star-rating--align-center elementor-widget elementor-widget-witr_section_apartment\" data-id=\"881cee9\" data-element_type=\"widget\" data-e-type=\"widget\" data-widget_type=\"witr_section_apartment.default\">\n\t\t\t\t<div class=\"elementor-widget-container\">\n\t\t\t\t\t\n\t\t\t\t\t<div class=\"apartment_area\">\t\t\t\t\n\t\t\t\t\t\t<div class=\"apartment_text\">\t\t\n\t\t\t\t\t\t\t<!-- title -->\n\t\t\t\t\t\t\t\t\t\t\t\t\t\t\t<h1>Do\u0142\u0105cz do Zespo\u0142u SAWE<\/h1>\n\t\t\t\t\t\t\t\t\t\n\t\t\t\t\t\t\t<!-- content -->\n\t\t\t\t\t\t\t\t\t\t\t\t\t\t\t<p>Zapraszamy do aktywnego wspierania w organizacji wydarze\u0144 i zg\u0142aszania pomys\u0142\u00f3w. <\/p>\t\t\n\t\t\t\t\t\t\t\t\t\t\t\t\t\t\n\t\t\t\t\t\t<\/div>\t\t\n\t\t\t\t\t\t<div class=\"witr_apartment_form\">\n\t\t\t\t\t\t\tSkontaktuj si\u0119 z naszym zespo\u0142em lub napisz na adres <span><a href=\"&#109;a&#x69;l&#x74;o&#x3a;p&#x77;&#46;&#x73;a&#x77;&#101;&#x40;&#103;&#x6d;&#97;&#x69;&#108;&#x2e;&#99;&#x6f;&#109;\">&#x70;&#x77;&#x2e;&#x73;&#x61;&#x77;&#x65;&#x40;&#x67;&#x6d;&#x61;&#105;&#108;&#46;&#99;&#111;&#109;<\/a><\/span>\t\t\t\t\t\t\n\t\t\t\t\t\t<\/div>\t\t\t\t\t\n\t\t\t\t\t<\/div>\t\t\t\t\t\n\t\t\n\t\t\t\t\t\t<\/div>\n\t\t\t\t<\/div>\n\t\t\t\t\t<\/div>\n\t\t<\/div>\n\t\t\t\t\t<\/div>\n\t\t<\/section>\n\t\t\t\t<\/div>\n\t\t","protected":false},"excerpt":{"rendered":"<p>Razem dzia\u0142amy na rzecz spo\u0142eczno\u015bci Wydzia\u0142u Elektrycznego Poznaj Zesp\u00f3\u0142 SAWE Jerzy Baranowski Prezes SAWE rocznik 1976 tel. 601 225 635 Jerzy Majcher Cz\u0142onek SAWE rocznik 1970 tel. 607 461 270 Romuald Dedeszko Wiercinski Cz\u0142onek SAWE rocznik 1960 tel. 501 583 666 Anna Graniszewska Cz\u0142onkini SAWE rocznik 1976 tel. 605 668 880 Pawe\u0142 M\u0105czy\u0144ski Cz\u0142onek SAWE [&hellip;]<\/p>\n","protected":false},"author":12,"featured_media":0,"parent":0,"menu_order":0,"comment_status":"closed","ping_status":"closed","template":"","meta":{"_monsterinsights_skip_tracking":false,"_monsterinsights_sitenote_active":false,"_monsterinsights_sitenote_note":"","_monsterinsights_sitenote_category":0,"ngg_post_thumbnail":0,"footnotes":""},"class_list":["post-6672","page","type-page","status-publish","hentry"],"_links":{"self":[{"href":"https:\/\/www.ee.pw.edu.pl\/sawe\/wp-json\/wp\/v2\/pages\/6672","targetHints":{"allow":["GET"]}}],"collection":[{"href":"https:\/\/www.ee.pw.edu.pl\/sawe\/wp-json\/wp\/v2\/pages"}],"about":[{"href":"https:\/\/www.ee.pw.edu.pl\/sawe\/wp-json\/wp\/v2\/types\/page"}],"author":[{"embeddable":true,"href":"https:\/\/www.ee.pw.edu.pl\/sawe\/wp-json\/wp\/v2\/users\/12"}],"replies":[{"embeddable":true,"href":"https:\/\/www.ee.pw.edu.pl\/sawe\/wp-json\/wp\/v2\/comments?post=6672"}],"version-history":[{"count":44,"href":"https:\/\/www.ee.pw.edu.pl\/sawe\/wp-json\/wp\/v2\/pages\/6672\/revisions"}],"predecessor-version":[{"id":8410,"href":"https:\/\/www.ee.pw.edu.pl\/sawe\/wp-json\/wp\/v2\/pages\/6672\/revisions\/8410"}],"wp:attachment":[{"href":"https:\/\/www.ee.pw.edu.pl\/sawe\/wp-json\/wp\/v2\/media?parent=6672"}],"curies":[{"name":"wp","href":"https:\/\/api.w.org\/{rel}","templated":true}]}}