{"id":3548,"date":"2020-11-13T03:50:26","date_gmt":"2020-11-13T03:50:26","guid":{"rendered":"http:\/\/localhost\/hackery\/?page_id=3548"},"modified":"2024-09-13T09:47:04","modified_gmt":"2024-09-13T07:47:04","slug":"wydarzenia","status":"publish","type":"page","link":"https:\/\/www.ee.pw.edu.pl\/sawe\/wydarzenia\/","title":{"rendered":"Wydarzenia"},"content":{"rendered":"\t\t<div data-elementor-type=\"wp-page\" data-elementor-id=\"3548\" class=\"elementor elementor-3548\">\n\t\t\t\t\t\t<section class=\"elementor-section elementor-top-section elementor-element elementor-element-bc0050b elementor-section-boxed elementor-section-height-default elementor-section-height-default\" data-id=\"bc0050b\" data-element_type=\"section\" data-e-type=\"section\">\n\t\t\t\t\t\t<div class=\"elementor-container elementor-column-gap-default\">\n\t\t\t\t\t<div class=\"elementor-column elementor-col-100 elementor-top-column elementor-element elementor-element-e798b68\" data-id=\"e798b68\" data-element_type=\"column\" data-e-type=\"column\">\n\t\t\t<div class=\"elementor-widget-wrap\">\n\t\t\t\t\t\t\t<\/div>\n\t\t<\/div>\n\t\t\t\t\t<\/div>\n\t\t<\/section>\n\t\t\t\t<section class=\"elementor-section elementor-top-section elementor-element elementor-element-79b4eae elementor-section-boxed elementor-section-height-default elementor-section-height-default\" data-id=\"79b4eae\" data-element_type=\"section\" data-e-type=\"section\" data-settings=\"{&quot;background_background&quot;:&quot;classic&quot;}\">\n\t\t\t\t\t\t<div class=\"elementor-container elementor-column-gap-default\">\n\t\t\t\t\t<div class=\"elementor-column elementor-col-100 elementor-top-column elementor-element elementor-element-13fdd03\" data-id=\"13fdd03\" data-element_type=\"column\" data-e-type=\"column\">\n\t\t\t<div class=\"elementor-widget-wrap elementor-element-populated\">\n\t\t\t\t\t\t<div class=\"elementor-element elementor-element-63f5fa1 elementor-widget elementor-widget-witr_section_title\" data-id=\"63f5fa1\" data-element_type=\"widget\" data-e-type=\"widget\" data-widget_type=\"witr_section_title.default\">\n\t\t\t\t<div class=\"elementor-widget-container\">\n\t\t\t\t\t\t\t\t\t\t<!-- title center -->\n\t\t\t\t\t<div class=\"witr_section_title\">\n\t\t\t\t\t\t<div class=\"witr_section_title_inner text-center\">\n\t\t\t\t\t\t\n\t\t\t\t\t\t\t<!--<div class=\"witr_title_lines\"><span class=\"witr_line_shaps\"><span class=\"witr_shape_dv\">Divider <i aria-hidden=\"true\" class=\"fas fa-star\"><\/i><\/span><\/span><\/div>-->\n\t\t\t\t\t\t\t<!-- icon position -->\n\t\t\t\t\t\t\t\t\n\t\t\t\t\t\t\t<!-- end icon position -->\n\t\t\t\t\t\t\t\n\t\t\t\t\t\t\n\t\t\t\t\t\t\t<!-- title top -->\n\t\t\t\t\t\t\t\n\n\t\t\t\t\t\t\t<!-- icon position -->\n\t\t\t\t\t\t\t\t\t\t\t\t\t\t\n\t\t\t\t\t\t\t<!-- image -->\n\t\t\t\t\t\t\t\t\t\t\t\t\t\t<!-- icon -->\n\t\t\t\t\t\t\t\t\t\t\t\t\t\t\n\t\t\t\t\t\t\t<!-- bar -->\n\t\t\t\t\t\t\t\n\t\t\t\t\t\t\t\n\t\t\t\t\t\t\t\t\n\t\t\t\t\t\t\t<!-- end icon position -->\n\n\n\t\t\t\t\t\t\t\n\t\t\t\t\t\t\t<!-- title middle -->\n\t\t\t\t\t\t\t\t\t\t\t\t\t\t\t<h3>Wydarzenia<\/h3>\t\t\n\t\t\t\t\t\t\t\t\t\t\t\t\t\t<!-- title bottom -->\n\t\t\t\t\t\t\t\n\t\t\t\t\t\t\t\n\t\t\t\t\t\t\t\n\t\t\t\t\t\t\t\t\n\t\t\t\t\t\t\t\n\n\t\t\t\t\t\t\t\n\t\t\t\t\t\t\t<!-- content -->\n\t\t\t\t\t\t\t\t\t\t\t\t\t\t\t<p>Organizowane przez SAWE, Wydzia\u0142 Elektryczny lub udost\u0119pniane przez nas. Wydarzenia nadchodz\u0105ce oraz przesz\u0142e. Relacje z wydarze\u0144 SAWE znajduj\u0105 si\u0119 w <span><a href=\"https:\/\/www.ee.pw.edu.pl\/sawe\/kronika-wydarzen\/\">Kronice Wydarze\u0144.<\/a><\/span> <\/p>\t\t\n\t\t\t\t\t\t\t\t\t\t\t\t\t\t\n\t\t\t\t\t\t<\/div>\n\t\t\t\t\t\t\t<!-- inner title -->\n\t\t\t\t\t\t\t\t\t\t\t\t\t\n\t\t\t\t\t<\/div>\n\n\t\t\t\t\t\t\t\t<\/div>\n\t\t\t\t<\/div>\n\t\t\t\t<div class=\"elementor-element elementor-element-e1fc4a4 elementor-widget elementor-widget-witr_event_section\" data-id=\"e1fc4a4\" data-element_type=\"widget\" data-e-type=\"widget\" data-widget_type=\"witr_event_section.default\">\n\t\t\t\t<div class=\"elementor-widget-container\">\n\t\t\t\t\t\t\t\t<div class=\"event_active event_style_adn_3 witr_3e event_all_color text-\">\t\t\t\t\n\t\t\t\t<div class=\"event_wrap\">\n\t\t\t\t\n\t\t\t\t\t\t\t\t\t\t\t<!-- single event -->\n\t\t\t\t\t\t\t<div class=\"col-lg-12 col-md-12 col-sm-12  witr_all_mb_30\">\n\t\t\t\t\t\t\t\t\t\t\t\t\t\t\t\t\t\t<div class=\"row themex-single-event_adn witr_event_style_5\">\n\t\t\t\t\t\t\t\t\t\t<div class=\"col-lg-3 col-md-6\">\n\t\t\t\t\t\t\t\t\t\t\t<!-- BLOG THUMB -->\n\t\t\t\t\t\t\t\t\t\t\t\t\t\t\t\t\t\t\t\t\t\t\t<div class=\"themex-event-thumb_adn\">\n\t\t\t\t\t\t\t\t\t\t\t\t\t<a href=\"https:\/\/www.ee.pw.edu.pl\/sawe\/em_event\/zaproszenie-na-jajeczko-elektrykow-2026\/\"> <img fetchpriority=\"high\" decoding=\"async\" width=\"420\" height=\"350\" src=\"https:\/\/www.ee.pw.edu.pl\/sawe\/wp-content\/uploads\/sites\/9\/2026\/02\/Baner_Jajeczko-Elektrykow_20-03-2026-420x350.png\" class=\"attachment-themex-event-default size-themex-event-default wp-post-image\" alt=\"\" \/><\/a>\n\t\t\t\t\t\t\t\t\t\t\t\t<\/div>\t\t\t\t\t\t\t\t\t\n\t\t\t\t\t\t\t\t\t\t\t\t\t\t\t\t\t\t\t\t\t\t\n\t\t\t\t\t\t\t\t\t\t<\/div>\n\t\t\t\t\t\t\t\t\t\t<div class=\"col-lg-4 col-md-6\">\n\t\t\t\t\t\t\t\t\t\t\t<!-- BLOG TITLE -->\n\t\t\t\t\t\t\t\t\t\t\t<div class=\"event-page-title_adn \">\n\t\t\t\t\t\t\t\t\t\t\t\t<h2><a href=\"https:\/\/www.ee.pw.edu.pl\/sawe\/em_event\/zaproszenie-na-jajeczko-elektrykow-2026\/\">Zaproszenie na Jajeczko Elektryk\u00f3w 2026<\/a><\/h2>\n\t\t\t\t\t\t\t\t\t\t\t\t\t\t\t\t\t\t\t\t\t\t\t\t\t<div class=\"themex-event-meta-left_adn\">\n\t\t\t\t\t\t\t\t\t\t\t\t\t\t<span><i class=\"fas fa-map-marker-alt\"><\/i>Gmach Starej Kot\u0142owni 4\/5<\/span>\n\t\t\t\t\t\t\t\t\t\t\t\t\t<\/div>\n\t\t\t\t\t\t\t\t\t\t\t\t\t\t\t\t\t\t\t\t\t\t\t<\/div>\t\t\t\t\t\t\t\t\t\t\t\n\t\t\t\t\t\t\t\t\t\t<\/div>\t\n\t\t\t\t\t\t\t\t\t\t<div class=\"col-lg-3 col-md-6\">\n\t\t\t\t\t\t\t\t\t\t\t<div class=\"witr_event_d\">\n\t\t\t\t\t\t\t\t\t\t\t\t\t\t\t\t\t\t\t\t\t\t\t\t\t<div class=\"event_date_5\">\n\t\t\t\t\t\t\t\t\t\t\t\t\t\t<span><i class=\"fas fa-calendar\"><\/i>20<\/span>\n\t\t\t\t\t\t\t\t\t\t\t\t\t\t<span>marca<\/span>\n\t\t\t\t\t\t\t\t\t\t\t\t\t\t\t\t\t\t\t\t\t\t\t\t\t\t\t\t\t<span>2026<\/span>\n\t\t\t\t\t\t\t\t\t\t\t\t\t\t\t\t\t\t\t\t\t\t\t\t\t\t\t<\/div>\n\t\t\t\t\t\t\t\t\t\t\t\t\t\t\t\t\t\t\t\t\t\t\t\t\t\t\t\t\t\t\t\t\t\t\t\t\n\n\t\t\t\t\t\t\t\t\t\t\t\t\t\t\t\t\t\t\t\t\t\t\t\t\t<div class=\"themex-event-meta-left_adn\">\n\t\t\t\t\t\t\t\t\t\t\t\t\t\t<span><i class=\"fas fa-clock\"><\/i>17:30<\/span>\n\t\t\t\t\t\t\t\t\t\t\t\t\t<\/div>\n\t\t\t\t\t\t\t\t\t\t\t\t\t\t\t\t\t\t\t\t\t\t\t\n\t\t\t\t\t\t\t\t\t\t\t<\/div>\n\t\t\t\t\t\t\t\t\t\t<\/div>\n\t\t\t\t\t\t\t\t\t\t<div class=\"col-lg-2 col-md-6\">\n\t\t\t\t\t\t\t\t\t\t\t<!-- Goal -->\n\t\t\t\t\t\t\t\t\t\t\t\t\t\t\t\t\t\t\t\t\t\t\t<div class=\"witr_event_btn btn_all_color\">\n\t\t\t\t\t\t\t\t\t\t\t\t\t<a href=\"https:\/\/www.ee.pw.edu.pl\/sawe\/em_event\/zaproszenie-na-jajeczko-elektrykow-2026\/\">Wi\u0119cej <\/a>\n\t\t\t\t\t\t\t\t\t\t\t\t<\/div>\t\t\t\t\t\t\t\t\t\t\t\t\n\t\t\t\t\t\t\t\t\t\t\t\t\t\t\t\t\t\t\t\t\t\t\t\n\t\t\t\t\t\t\t\t\t\t<\/div>\t\t\t\t\t\t\t\t\t\t\t\n\t\t\t\t\t\t\t\t\t<\/div>\n\n\t\t\t\t\t\t\t<\/div>\n\t\t\t\t\t\t\t\t\t\t\t<!-- single event -->\n\t\t\t\t\t\t\t<div class=\"col-lg-12 col-md-12 col-sm-12  witr_all_mb_30\">\n\t\t\t\t\t\t\t\t\t\t\t\t\t\t\t\t\t\t<div class=\"row themex-single-event_adn witr_event_style_5\">\n\t\t\t\t\t\t\t\t\t\t<div class=\"col-lg-3 col-md-6\">\n\t\t\t\t\t\t\t\t\t\t\t<!-- BLOG THUMB -->\n\t\t\t\t\t\t\t\t\t\t\t\t\t\t\t\t\t\t\t\t\t\t\t<div class=\"themex-event-thumb_adn\">\n\t\t\t\t\t\t\t\t\t\t\t\t\t<a href=\"https:\/\/www.ee.pw.edu.pl\/sawe\/em_event\/zaproszenie-na-56-bal-elektrykow-2026\/\"> <img decoding=\"async\" width=\"420\" height=\"350\" src=\"https:\/\/www.ee.pw.edu.pl\/sawe\/wp-content\/uploads\/sites\/9\/2025\/12\/2026-Baner-balu-elektrykow-po-balu-1-420x350.jpg\" class=\"attachment-themex-event-default size-themex-event-default wp-post-image\" alt=\"\" \/><\/a>\n\t\t\t\t\t\t\t\t\t\t\t\t<\/div>\t\t\t\t\t\t\t\t\t\n\t\t\t\t\t\t\t\t\t\t\t\t\t\t\t\t\t\t\t\t\t\t\n\t\t\t\t\t\t\t\t\t\t<\/div>\n\t\t\t\t\t\t\t\t\t\t<div class=\"col-lg-4 col-md-6\">\n\t\t\t\t\t\t\t\t\t\t\t<!-- BLOG TITLE -->\n\t\t\t\t\t\t\t\t\t\t\t<div class=\"event-page-title_adn \">\n\t\t\t\t\t\t\t\t\t\t\t\t<h2><a href=\"https:\/\/www.ee.pw.edu.pl\/sawe\/em_event\/zaproszenie-na-56-bal-elektrykow-2026\/\">Zaproszenie na 56 WIELKI BAL ELEKTRYK\u00d3W 2026<\/a><\/h2>\n\t\t\t\t\t\t\t\t\t\t\t\t\t\t\t\t\t\t\t\t\t\t\t\t\t<div class=\"themex-event-meta-left_adn\">\n\t\t\t\t\t\t\t\t\t\t\t\t\t\t<span><i class=\"fas fa-map-marker-alt\"><\/i>Du\u017ca Aula Gmachu G\u0142\u00f3wnego Politechniki Warszawskiej<\/span>\n\t\t\t\t\t\t\t\t\t\t\t\t\t<\/div>\n\t\t\t\t\t\t\t\t\t\t\t\t\t\t\t\t\t\t\t\t\t\t\t<\/div>\t\t\t\t\t\t\t\t\t\t\t\n\t\t\t\t\t\t\t\t\t\t<\/div>\t\n\t\t\t\t\t\t\t\t\t\t<div class=\"col-lg-3 col-md-6\">\n\t\t\t\t\t\t\t\t\t\t\t<div class=\"witr_event_d\">\n\t\t\t\t\t\t\t\t\t\t\t\t\t\t\t\t\t\t\t\t\t\t\t\t\t<div class=\"event_date_5\">\n\t\t\t\t\t\t\t\t\t\t\t\t\t\t<span><i class=\"fas fa-calendar\"><\/i>7<\/span>\n\t\t\t\t\t\t\t\t\t\t\t\t\t\t<span>lutego<\/span>\n\t\t\t\t\t\t\t\t\t\t\t\t\t\t\t\t\t\t\t\t\t\t\t\t\t\t\t\t\t<span>2026<\/span>\n\t\t\t\t\t\t\t\t\t\t\t\t\t\t\t\t\t\t\t\t\t\t\t\t\t\t\t<\/div>\n\t\t\t\t\t\t\t\t\t\t\t\t\t\t\t\t\t\t\t\t\t\t\t\t\t\t\t\t\t\t\t\t\t\t\t\t\n\n\t\t\t\t\t\t\t\t\t\t\t\t\t\t\t\t\t\t\t\t\t\t\t\t\t<div class=\"themex-event-meta-left_adn\">\n\t\t\t\t\t\t\t\t\t\t\t\t\t\t<span><i class=\"fas fa-clock\"><\/i>20:00<\/span>\n\t\t\t\t\t\t\t\t\t\t\t\t\t<\/div>\n\t\t\t\t\t\t\t\t\t\t\t\t\t\t\t\t\t\t\t\t\t\t\t\n\t\t\t\t\t\t\t\t\t\t\t<\/div>\n\t\t\t\t\t\t\t\t\t\t<\/div>\n\t\t\t\t\t\t\t\t\t\t<div class=\"col-lg-2 col-md-6\">\n\t\t\t\t\t\t\t\t\t\t\t<!-- Goal -->\n\t\t\t\t\t\t\t\t\t\t\t\t\t\t\t\t\t\t\t\t\t\t\t<div class=\"witr_event_btn btn_all_color\">\n\t\t\t\t\t\t\t\t\t\t\t\t\t<a href=\"https:\/\/www.ee.pw.edu.pl\/sawe\/em_event\/zaproszenie-na-56-bal-elektrykow-2026\/\">Wi\u0119cej <\/a>\n\t\t\t\t\t\t\t\t\t\t\t\t<\/div>\t\t\t\t\t\t\t\t\t\t\t\t\n\t\t\t\t\t\t\t\t\t\t\t\t\t\t\t\t\t\t\t\t\t\t\t\n\t\t\t\t\t\t\t\t\t\t<\/div>\t\t\t\t\t\t\t\t\t\t\t\n\t\t\t\t\t\t\t\t\t<\/div>\n\n\t\t\t\t\t\t\t<\/div>\n\t\t\t\t\t\t\t\t\t\t\t<!-- single event -->\n\t\t\t\t\t\t\t<div class=\"col-lg-12 col-md-12 col-sm-12  witr_all_mb_30\">\n\t\t\t\t\t\t\t\t\t\t\t\t\t\t\t\t\t\t<div class=\"row themex-single-event_adn witr_event_style_5\">\n\t\t\t\t\t\t\t\t\t\t<div class=\"col-lg-3 col-md-6\">\n\t\t\t\t\t\t\t\t\t\t\t<!-- BLOG THUMB -->\n\t\t\t\t\t\t\t\t\t\t\t\t\t\t\t\t\t\t\t\t\t\t\t<div class=\"themex-event-thumb_adn\">\n\t\t\t\t\t\t\t\t\t\t\t\t\t<a href=\"https:\/\/www.ee.pw.edu.pl\/sawe\/em_event\/zaproszenie-na-wigilie-elektrykow-2025\/\"> <img decoding=\"async\" width=\"420\" height=\"350\" src=\"https:\/\/www.ee.pw.edu.pl\/sawe\/wp-content\/uploads\/sites\/9\/2025\/11\/Wigilia-Elektrykow_12-12-2025-420x350.jpeg\" class=\"attachment-themex-event-default size-themex-event-default wp-post-image\" alt=\"\" \/><\/a>\n\t\t\t\t\t\t\t\t\t\t\t\t<\/div>\t\t\t\t\t\t\t\t\t\n\t\t\t\t\t\t\t\t\t\t\t\t\t\t\t\t\t\t\t\t\t\t\n\t\t\t\t\t\t\t\t\t\t<\/div>\n\t\t\t\t\t\t\t\t\t\t<div class=\"col-lg-4 col-md-6\">\n\t\t\t\t\t\t\t\t\t\t\t<!-- BLOG TITLE -->\n\t\t\t\t\t\t\t\t\t\t\t<div class=\"event-page-title_adn \">\n\t\t\t\t\t\t\t\t\t\t\t\t<h2><a href=\"https:\/\/www.ee.pw.edu.pl\/sawe\/em_event\/zaproszenie-na-wigilie-elektrykow-2025\/\">Zaproszenie na Wigili\u0119 Elektryk\u00f3w 2025<\/a><\/h2>\n\t\t\t\t\t\t\t\t\t\t\t\t\t\t\t\t\t\t\t\t\t\t\t\t\t<div class=\"themex-event-meta-left_adn\">\n\t\t\t\t\t\t\t\t\t\t\t\t\t\t<span><i class=\"fas fa-map-marker-alt\"><\/i>Sala 4\/5 w Gmachu Starej Kot\u0142owni<\/span>\n\t\t\t\t\t\t\t\t\t\t\t\t\t<\/div>\n\t\t\t\t\t\t\t\t\t\t\t\t\t\t\t\t\t\t\t\t\t\t\t<\/div>\t\t\t\t\t\t\t\t\t\t\t\n\t\t\t\t\t\t\t\t\t\t<\/div>\t\n\t\t\t\t\t\t\t\t\t\t<div class=\"col-lg-3 col-md-6\">\n\t\t\t\t\t\t\t\t\t\t\t<div class=\"witr_event_d\">\n\t\t\t\t\t\t\t\t\t\t\t\t\t\t\t\t\t\t\t\t\t\t\t\t\t<div class=\"event_date_5\">\n\t\t\t\t\t\t\t\t\t\t\t\t\t\t<span><i class=\"fas fa-calendar\"><\/i>12<\/span>\n\t\t\t\t\t\t\t\t\t\t\t\t\t\t<span>grudnia<\/span>\n\t\t\t\t\t\t\t\t\t\t\t\t\t\t\t\t\t\t\t\t\t\t\t\t\t\t\t\t\t<span>2025<\/span>\n\t\t\t\t\t\t\t\t\t\t\t\t\t\t\t\t\t\t\t\t\t\t\t\t\t\t\t<\/div>\n\t\t\t\t\t\t\t\t\t\t\t\t\t\t\t\t\t\t\t\t\t\t\t\t\t\t\t\t\t\t\t\t\t\t\t\t\n\n\t\t\t\t\t\t\t\t\t\t\t\t\t\t\t\t\t\t\t\t\t\t\t\t\t<div class=\"themex-event-meta-left_adn\">\n\t\t\t\t\t\t\t\t\t\t\t\t\t\t<span><i class=\"fas fa-clock\"><\/i>17:30 - 21:30<\/span>\n\t\t\t\t\t\t\t\t\t\t\t\t\t<\/div>\n\t\t\t\t\t\t\t\t\t\t\t\t\t\t\t\t\t\t\t\t\t\t\t\n\t\t\t\t\t\t\t\t\t\t\t<\/div>\n\t\t\t\t\t\t\t\t\t\t<\/div>\n\t\t\t\t\t\t\t\t\t\t<div class=\"col-lg-2 col-md-6\">\n\t\t\t\t\t\t\t\t\t\t\t<!-- Goal -->\n\t\t\t\t\t\t\t\t\t\t\t\t\t\t\t\t\t\t\t\t\t\t\t<div class=\"witr_event_btn btn_all_color\">\n\t\t\t\t\t\t\t\t\t\t\t\t\t<a href=\"https:\/\/www.ee.pw.edu.pl\/sawe\/em_event\/zaproszenie-na-wigilie-elektrykow-2025\/\">Wi\u0119cej <\/a>\n\t\t\t\t\t\t\t\t\t\t\t\t<\/div>\t\t\t\t\t\t\t\t\t\t\t\t\n\t\t\t\t\t\t\t\t\t\t\t\t\t\t\t\t\t\t\t\t\t\t\t\n\t\t\t\t\t\t\t\t\t\t<\/div>\t\t\t\t\t\t\t\t\t\t\t\n\t\t\t\t\t\t\t\t\t<\/div>\n\n\t\t\t\t\t\t\t<\/div>\n\t\t\t\t\t\t\t\t\t\t\t<!-- single event -->\n\t\t\t\t\t\t\t<div class=\"col-lg-12 col-md-12 col-sm-12  witr_all_mb_30\">\n\t\t\t\t\t\t\t\t\t\t\t\t\t\t\t\t\t\t<div class=\"row themex-single-event_adn witr_event_style_5\">\n\t\t\t\t\t\t\t\t\t\t<div class=\"col-lg-3 col-md-6\">\n\t\t\t\t\t\t\t\t\t\t\t<!-- BLOG THUMB -->\n\t\t\t\t\t\t\t\t\t\t\t\t\t\t\t\t\t\t\t\t\t\t\t<div class=\"themex-event-thumb_adn\">\n\t\t\t\t\t\t\t\t\t\t\t\t\t<a href=\"https:\/\/www.ee.pw.edu.pl\/sawe\/em_event\/zaproszenie-na-inauguracje-sawe-2025-2026\/\"> <img loading=\"lazy\" decoding=\"async\" width=\"420\" height=\"350\" src=\"https:\/\/www.ee.pw.edu.pl\/sawe\/wp-content\/uploads\/sites\/9\/2025\/09\/Baner_Inauguracja-SAWE_10-10-2025-2590-x-1300-px-420x350.png\" class=\"attachment-themex-event-default size-themex-event-default wp-post-image\" alt=\"\" \/><\/a>\n\t\t\t\t\t\t\t\t\t\t\t\t<\/div>\t\t\t\t\t\t\t\t\t\n\t\t\t\t\t\t\t\t\t\t\t\t\t\t\t\t\t\t\t\t\t\t\n\t\t\t\t\t\t\t\t\t\t<\/div>\n\t\t\t\t\t\t\t\t\t\t<div class=\"col-lg-4 col-md-6\">\n\t\t\t\t\t\t\t\t\t\t\t<!-- BLOG TITLE -->\n\t\t\t\t\t\t\t\t\t\t\t<div class=\"event-page-title_adn \">\n\t\t\t\t\t\t\t\t\t\t\t\t<h2><a href=\"https:\/\/www.ee.pw.edu.pl\/sawe\/em_event\/zaproszenie-na-inauguracje-sawe-2025-2026\/\">Zaproszenie na INAUGURACJ\u0118 SAWE 2025\/2026<\/a><\/h2>\n\t\t\t\t\t\t\t\t\t\t\t\t\t\t\t\t\t\t\t\t\t\t\t\t\t<div class=\"themex-event-meta-left_adn\">\n\t\t\t\t\t\t\t\t\t\t\t\t\t\t<span><i class=\"fas fa-map-marker-alt\"><\/i>Sala 4\/5 w Gmachu Starej Kot\u0142owni<\/span>\n\t\t\t\t\t\t\t\t\t\t\t\t\t<\/div>\n\t\t\t\t\t\t\t\t\t\t\t\t\t\t\t\t\t\t\t\t\t\t\t<\/div>\t\t\t\t\t\t\t\t\t\t\t\n\t\t\t\t\t\t\t\t\t\t<\/div>\t\n\t\t\t\t\t\t\t\t\t\t<div class=\"col-lg-3 col-md-6\">\n\t\t\t\t\t\t\t\t\t\t\t<div class=\"witr_event_d\">\n\t\t\t\t\t\t\t\t\t\t\t\t\t\t\t\t\t\t\t\t\t\t\t\t\t<div class=\"event_date_5\">\n\t\t\t\t\t\t\t\t\t\t\t\t\t\t<span><i class=\"fas fa-calendar\"><\/i>10<\/span>\n\t\t\t\t\t\t\t\t\t\t\t\t\t\t<span>pa\u017adziernika<\/span>\n\t\t\t\t\t\t\t\t\t\t\t\t\t\t\t\t\t\t\t\t\t\t\t\t\t\t\t\t\t<span>2025<\/span>\n\t\t\t\t\t\t\t\t\t\t\t\t\t\t\t\t\t\t\t\t\t\t\t\t\t\t\t<\/div>\n\t\t\t\t\t\t\t\t\t\t\t\t\t\t\t\t\t\t\t\t\t\t\t\t\t\t\t\t\t\t\t\t\t\t\t\t\n\n\t\t\t\t\t\t\t\t\t\t\t\t\t\t\t\t\t\t\t\t\t\t\t\t\t<div class=\"themex-event-meta-left_adn\">\n\t\t\t\t\t\t\t\t\t\t\t\t\t\t<span><i class=\"fas fa-clock\"><\/i>17:30<\/span>\n\t\t\t\t\t\t\t\t\t\t\t\t\t<\/div>\n\t\t\t\t\t\t\t\t\t\t\t\t\t\t\t\t\t\t\t\t\t\t\t\n\t\t\t\t\t\t\t\t\t\t\t<\/div>\n\t\t\t\t\t\t\t\t\t\t<\/div>\n\t\t\t\t\t\t\t\t\t\t<div class=\"col-lg-2 col-md-6\">\n\t\t\t\t\t\t\t\t\t\t\t<!-- Goal -->\n\t\t\t\t\t\t\t\t\t\t\t\t\t\t\t\t\t\t\t\t\t\t\t<div class=\"witr_event_btn btn_all_color\">\n\t\t\t\t\t\t\t\t\t\t\t\t\t<a href=\"https:\/\/www.ee.pw.edu.pl\/sawe\/em_event\/zaproszenie-na-inauguracje-sawe-2025-2026\/\">Wi\u0119cej <\/a>\n\t\t\t\t\t\t\t\t\t\t\t\t<\/div>\t\t\t\t\t\t\t\t\t\t\t\t\n\t\t\t\t\t\t\t\t\t\t\t\t\t\t\t\t\t\t\t\t\t\t\t\n\t\t\t\t\t\t\t\t\t\t<\/div>\t\t\t\t\t\t\t\t\t\t\t\n\t\t\t\t\t\t\t\t\t<\/div>\n\n\t\t\t\t\t\t\t<\/div>\n\t\t\t\t\t\t\t\t\t\t\t<!-- single event -->\n\t\t\t\t\t\t\t<div class=\"col-lg-12 col-md-12 col-sm-12  witr_all_mb_30\">\n\t\t\t\t\t\t\t\t\t\t\t\t\t\t\t\t\t\t<div class=\"row themex-single-event_adn witr_event_style_5\">\n\t\t\t\t\t\t\t\t\t\t<div class=\"col-lg-3 col-md-6\">\n\t\t\t\t\t\t\t\t\t\t\t<!-- BLOG THUMB -->\n\t\t\t\t\t\t\t\t\t\t\t\t\t\t\t\t\t\t\t\t\t\t\t<div class=\"themex-event-thumb_adn\">\n\t\t\t\t\t\t\t\t\t\t\t\t\t<a href=\"https:\/\/www.ee.pw.edu.pl\/sawe\/em_event\/udostepniamy-zaproszenie-na-inauguracje-roku-akademickiego-2025-2026-wydzialu-elektrycznego\/\"> <img loading=\"lazy\" decoding=\"async\" width=\"420\" height=\"350\" src=\"https:\/\/www.ee.pw.edu.pl\/sawe\/wp-content\/uploads\/sites\/9\/2025\/09\/Zaproszenie_Inauguracja-WE-PW_01-10-2025_cover-420x350.png\" class=\"attachment-themex-event-default size-themex-event-default wp-post-image\" alt=\"\" \/><\/a>\n\t\t\t\t\t\t\t\t\t\t\t\t<\/div>\t\t\t\t\t\t\t\t\t\n\t\t\t\t\t\t\t\t\t\t\t\t\t\t\t\t\t\t\t\t\t\t\n\t\t\t\t\t\t\t\t\t\t<\/div>\n\t\t\t\t\t\t\t\t\t\t<div class=\"col-lg-4 col-md-6\">\n\t\t\t\t\t\t\t\t\t\t\t<!-- BLOG TITLE -->\n\t\t\t\t\t\t\t\t\t\t\t<div class=\"event-page-title_adn \">\n\t\t\t\t\t\t\t\t\t\t\t\t<h2><a href=\"https:\/\/www.ee.pw.edu.pl\/sawe\/em_event\/udostepniamy-zaproszenie-na-inauguracje-roku-akademickiego-2025-2026-wydzialu-elektrycznego\/\">UDOST\u0118PNIAMY: Zaproszenie na Inauguracj\u0119 Roku Akademickiego 2025\/2026 Wydzia\u0142u Elektrycznego<\/a><\/h2>\n\t\t\t\t\t\t\t\t\t\t\t\t\t\t\t\t\t\t\t\t\t\t\t\t\t<div class=\"themex-event-meta-left_adn\">\n\t\t\t\t\t\t\t\t\t\t\t\t\t\t<span><i class=\"fas fa-map-marker-alt\"><\/i>Du\u017ca Aula, Gmach G\u0142\u00f3wny Politechniki Warszawskiej, Plac Politechniki 1<\/span>\n\t\t\t\t\t\t\t\t\t\t\t\t\t<\/div>\n\t\t\t\t\t\t\t\t\t\t\t\t\t\t\t\t\t\t\t\t\t\t\t<\/div>\t\t\t\t\t\t\t\t\t\t\t\n\t\t\t\t\t\t\t\t\t\t<\/div>\t\n\t\t\t\t\t\t\t\t\t\t<div class=\"col-lg-3 col-md-6\">\n\t\t\t\t\t\t\t\t\t\t\t<div class=\"witr_event_d\">\n\t\t\t\t\t\t\t\t\t\t\t\t\t\t\t\t\t\t\t\t\t\t\t\t\t<div class=\"event_date_5\">\n\t\t\t\t\t\t\t\t\t\t\t\t\t\t<span><i class=\"fas fa-calendar\"><\/i>1<\/span>\n\t\t\t\t\t\t\t\t\t\t\t\t\t\t<span>pa\u017adziernika<\/span>\n\t\t\t\t\t\t\t\t\t\t\t\t\t\t\t\t\t\t\t\t\t\t\t\t\t\t\t\t\t<span>2025<\/span>\n\t\t\t\t\t\t\t\t\t\t\t\t\t\t\t\t\t\t\t\t\t\t\t\t\t\t\t<\/div>\n\t\t\t\t\t\t\t\t\t\t\t\t\t\t\t\t\t\t\t\t\t\t\t\t\t\t\t\t\t\t\t\t\t\t\t\t\n\n\t\t\t\t\t\t\t\t\t\t\t\t\t\t\t\t\t\t\t\t\t\t\t\t\t<div class=\"themex-event-meta-left_adn\">\n\t\t\t\t\t\t\t\t\t\t\t\t\t\t<span><i class=\"fas fa-clock\"><\/i>12:45<\/span>\n\t\t\t\t\t\t\t\t\t\t\t\t\t<\/div>\n\t\t\t\t\t\t\t\t\t\t\t\t\t\t\t\t\t\t\t\t\t\t\t\n\t\t\t\t\t\t\t\t\t\t\t<\/div>\n\t\t\t\t\t\t\t\t\t\t<\/div>\n\t\t\t\t\t\t\t\t\t\t<div class=\"col-lg-2 col-md-6\">\n\t\t\t\t\t\t\t\t\t\t\t<!-- Goal -->\n\t\t\t\t\t\t\t\t\t\t\t\t\t\t\t\t\t\t\t\t\t\t\t<div class=\"witr_event_btn btn_all_color\">\n\t\t\t\t\t\t\t\t\t\t\t\t\t<a href=\"https:\/\/www.ee.pw.edu.pl\/sawe\/em_event\/udostepniamy-zaproszenie-na-inauguracje-roku-akademickiego-2025-2026-wydzialu-elektrycznego\/\">Wi\u0119cej <\/a>\n\t\t\t\t\t\t\t\t\t\t\t\t<\/div>\t\t\t\t\t\t\t\t\t\t\t\t\n\t\t\t\t\t\t\t\t\t\t\t\t\t\t\t\t\t\t\t\t\t\t\t\n\t\t\t\t\t\t\t\t\t\t<\/div>\t\t\t\t\t\t\t\t\t\t\t\n\t\t\t\t\t\t\t\t\t<\/div>\n\n\t\t\t\t\t\t\t<\/div>\n\t\t\t\t\t\t\t\t\t\t\t<!-- single event -->\n\t\t\t\t\t\t\t<div class=\"col-lg-12 col-md-12 col-sm-12  witr_all_mb_30\">\n\t\t\t\t\t\t\t\t\t\t\t\t\t\t\t\t\t\t<div class=\"row themex-single-event_adn witr_event_style_5\">\n\t\t\t\t\t\t\t\t\t\t<div class=\"col-lg-3 col-md-6\">\n\t\t\t\t\t\t\t\t\t\t\t<!-- BLOG THUMB -->\n\t\t\t\t\t\t\t\t\t\t\t\t\t\t\t\t\t\t\t\t\t\t\t<div class=\"themex-event-thumb_adn\">\n\t\t\t\t\t\t\t\t\t\t\t\t\t<a href=\"https:\/\/www.ee.pw.edu.pl\/sawe\/em_event\/czekamy-na-elektryczne-wspomnienia-do-pamietnika-absolwenta\/\"> <img loading=\"lazy\" decoding=\"async\" width=\"420\" height=\"350\" src=\"https:\/\/www.ee.pw.edu.pl\/sawe\/wp-content\/uploads\/sites\/9\/2024\/03\/spotkanie-absolwentow_81_1-420x350.png\" class=\"attachment-themex-event-default size-themex-event-default wp-post-image\" alt=\"\" \/><\/a>\n\t\t\t\t\t\t\t\t\t\t\t\t<\/div>\t\t\t\t\t\t\t\t\t\n\t\t\t\t\t\t\t\t\t\t\t\t\t\t\t\t\t\t\t\t\t\t\n\t\t\t\t\t\t\t\t\t\t<\/div>\n\t\t\t\t\t\t\t\t\t\t<div class=\"col-lg-4 col-md-6\">\n\t\t\t\t\t\t\t\t\t\t\t<!-- BLOG TITLE -->\n\t\t\t\t\t\t\t\t\t\t\t<div class=\"event-page-title_adn \">\n\t\t\t\t\t\t\t\t\t\t\t\t<h2><a href=\"https:\/\/www.ee.pw.edu.pl\/sawe\/em_event\/czekamy-na-elektryczne-wspomnienia-do-pamietnika-absolwenta\/\">Czekamy na elektryczne wspomnienia do Pami\u0119tnika Absolwenta<\/a><\/h2>\n\t\t\t\t\t\t\t\t\t\t\t\t\t\t\t\t\t\t\t\t\t\t\t\t\t<div class=\"themex-event-meta-left_adn\">\n\t\t\t\t\t\t\t\t\t\t\t\t\t\t<span><i class=\"fas fa-map-marker-alt\"><\/i>SAWE PW<\/span>\n\t\t\t\t\t\t\t\t\t\t\t\t\t<\/div>\n\t\t\t\t\t\t\t\t\t\t\t\t\t\t\t\t\t\t\t\t\t\t\t<\/div>\t\t\t\t\t\t\t\t\t\t\t\n\t\t\t\t\t\t\t\t\t\t<\/div>\t\n\t\t\t\t\t\t\t\t\t\t<div class=\"col-lg-3 col-md-6\">\n\t\t\t\t\t\t\t\t\t\t\t<div class=\"witr_event_d\">\n\t\t\t\t\t\t\t\t\t\t\t\t\t\t\t\t\t\t\t\t\t\t\t\t\t\t\t\t\t\t\t\t\t\t\t\t\n\n\t\t\t\t\t\t\t\t\t\t\t\t\t\t\t\t\t\t\t\t\t\t\t\n\t\t\t\t\t\t\t\t\t\t\t<\/div>\n\t\t\t\t\t\t\t\t\t\t<\/div>\n\t\t\t\t\t\t\t\t\t\t<div class=\"col-lg-2 col-md-6\">\n\t\t\t\t\t\t\t\t\t\t\t<!-- Goal -->\n\t\t\t\t\t\t\t\t\t\t\t\t\t\t\t\t\t\t\t\t\t\t\t<div class=\"witr_event_btn btn_all_color\">\n\t\t\t\t\t\t\t\t\t\t\t\t\t<a href=\"https:\/\/www.ee.pw.edu.pl\/sawe\/em_event\/czekamy-na-elektryczne-wspomnienia-do-pamietnika-absolwenta\/\">Wi\u0119cej <\/a>\n\t\t\t\t\t\t\t\t\t\t\t\t<\/div>\t\t\t\t\t\t\t\t\t\t\t\t\n\t\t\t\t\t\t\t\t\t\t\t\t\t\t\t\t\t\t\t\t\t\t\t\n\t\t\t\t\t\t\t\t\t\t<\/div>\t\t\t\t\t\t\t\t\t\t\t\n\t\t\t\t\t\t\t\t\t<\/div>\n\n\t\t\t\t\t\t\t<\/div>\n\t\t\t\t\t\t\n\t\t\t\t\t\n\t\t\t\t\t\n\t\t\t\t<\/div>\n\t\t\t<\/div>\t\t\t\t\t\n\t\t\t\t\t\t<!-- START PAGINATION -->\n\t\t\t<div class=\"row\">\n\t\t\t\t<div class=\"col-md-12\">\n\t\t\t\t\t<div class=\"paginations\">\n\t\t\t\t\t\t\n\t\t\t\t\t\t<ul class='page-numbers'>\n\t<li><span aria-current=\"page\" class=\"page-numbers current\">1<\/span><\/li>\n\t<li><a class=\"page-numbers\" href=\"https:\/\/www.ee.pw.edu.pl\/sawe\/wp-json\/wp\/v2\/pages\/3548\/page\/2\/\">2<\/a><\/li>\n\t<li><a class=\"page-numbers\" href=\"https:\/\/www.ee.pw.edu.pl\/sawe\/wp-json\/wp\/v2\/pages\/3548\/page\/3\/\">3<\/a><\/li>\n\t<li><span class=\"page-numbers dots\">&hellip;<\/span><\/li>\n\t<li><a class=\"page-numbers\" href=\"https:\/\/www.ee.pw.edu.pl\/sawe\/wp-json\/wp\/v2\/pages\/3548\/page\/5\/\">5<\/a><\/li>\n\t<li><a class=\"next page-numbers\" href=\"https:\/\/www.ee.pw.edu.pl\/sawe\/wp-json\/wp\/v2\/pages\/3548\/page\/2\/\"><i class=\"fas fa-long-arrow-alt-right\"><\/i><\/a><\/li>\n<\/ul>\n\t\t\t\t\t<\/div>\n\t\t\t\t<\/div>\n\t\t\t<\/div>\t\t\t\t\t\t\t\t\t\t\t\t\t\t\t\n\t\t\t\t\t\t\t<\/div>\n\t\t\t\t<\/div>\n\t\t\t\t\t<\/div>\n\t\t<\/div>\n\t\t\t\t\t<\/div>\n\t\t<\/section>\n\t\t\t\t<\/div>\n\t\t","protected":false},"excerpt":{"rendered":"<p>Wydarzenia Organizowane przez SAWE, Wydzia\u0142 Elektryczny lub udost\u0119pniane przez nas. Wydarzenia nadchodz\u0105ce oraz przesz\u0142e. Relacje z wydarze\u0144 SAWE znajduj\u0105 si\u0119 w Kronice Wydarze\u0144. Zaproszenie na Inauguracj\u0119 Roku Akademickiego 2024\/2025 Wydzia\u0142u Elektrycznego Du\u017ca Aula, Gmach G\u0142\u00f3wny Politechniki Warszawskiej, Plac Politechniki 1 1 pa\u017adziernika 2024 12:30 Wi\u0119cej \u015awi\u0119to Wydzia\u0142u Elektrycznego 2024 Gmach Elektrotechniki, Kampus Centralny Politechniki Warszawskiej, [&hellip;]<\/p>\n","protected":false},"author":1,"featured_media":0,"parent":0,"menu_order":0,"comment_status":"closed","ping_status":"closed","template":"template-home.php","meta":{"_monsterinsights_skip_tracking":false,"_monsterinsights_sitenote_active":false,"_monsterinsights_sitenote_note":"","_monsterinsights_sitenote_category":0,"ngg_post_thumbnail":0,"footnotes":""},"class_list":["post-3548","page","type-page","status-publish","hentry"],"_links":{"self":[{"href":"https:\/\/www.ee.pw.edu.pl\/sawe\/wp-json\/wp\/v2\/pages\/3548","targetHints":{"allow":["GET"]}}],"collection":[{"href":"https:\/\/www.ee.pw.edu.pl\/sawe\/wp-json\/wp\/v2\/pages"}],"about":[{"href":"https:\/\/www.ee.pw.edu.pl\/sawe\/wp-json\/wp\/v2\/types\/page"}],"author":[{"embeddable":true,"href":"https:\/\/www.ee.pw.edu.pl\/sawe\/wp-json\/wp\/v2\/users\/1"}],"replies":[{"embeddable":true,"href":"https:\/\/www.ee.pw.edu.pl\/sawe\/wp-json\/wp\/v2\/comments?post=3548"}],"version-history":[{"count":32,"href":"https:\/\/www.ee.pw.edu.pl\/sawe\/wp-json\/wp\/v2\/pages\/3548\/revisions"}],"predecessor-version":[{"id":7126,"href":"https:\/\/www.ee.pw.edu.pl\/sawe\/wp-json\/wp\/v2\/pages\/3548\/revisions\/7126"}],"wp:attachment":[{"href":"https:\/\/www.ee.pw.edu.pl\/sawe\/wp-json\/wp\/v2\/media?parent=3548"}],"curies":[{"name":"wp","href":"https:\/\/api.w.org\/{rel}","templated":true}]}}