{"id":23,"date":"2021-01-05T11:21:06","date_gmt":"2021-01-05T10:21:06","guid":{"rendered":"http:\/\/www.ee.pw.edu.pl\/moresic-project\/?page_id=23"},"modified":"2025-01-16T14:04:30","modified_gmt":"2025-01-16T13:04:30","slug":"home","status":"publish","type":"page","link":"https:\/\/www.ee.pw.edu.pl\/moresic-project\/","title":{"rendered":""},"content":{"rendered":"\n<div class=\"wp-block-buttons is-layout-flex wp-block-buttons-is-layout-flex\">\n<div class=\"wp-block-button is-style-fill\"><a class=\"wp-block-button__link has-vivid-green-cyan-background-color has-background wp-element-button\" href=\"http:\/\/www.ee.pw.edu.pl\/moresic-project\/post-page\/\" style=\"border-radius:10px\"><strong>Latest Post<\/strong><\/a><\/div>\n\n\n\n<div class=\"wp-block-button is-style-fill\"><a class=\"wp-block-button__link has-white-color has-vivid-green-cyan-background-color has-text-color has-background wp-element-button\" href=\"https:\/\/www.ee.pw.edu.pl\/moresic-project\/description-of-tasks\/\" style=\"border-radius:10px\" rel=\"https:\/\/www.ee.pw.edu.pl\/moresic-project\/description-of-tasks\"><strong>Tasks<\/strong> <strong>descriptions<\/strong><\/a><\/div>\n\n\n\n<div class=\"wp-block-button has-custom-width wp-block-button__width-50\"><a class=\"wp-block-button__link has-vivid-green-cyan-background-color has-background wp-element-button\" href=\"https:\/\/www.ee.pw.edu.pl\/moresic-project\/task-and-deliverables-of-the-project\/\" style=\"border-radius:10px\"><strong>Task &amp; Deliverables<\/strong><\/a><\/div>\n\n\n\n<div class=\"wp-block-button is-style-fill\"><a class=\"wp-block-button__link has-white-color has-vivid-green-cyan-background-color has-text-color has-background wp-element-button\" href=\"https:\/\/www.ee.pw.edu.pl\/moresic-project\/moresic-project-partners\/\" style=\"border-radius:10px\" rel=\"https:\/\/www.ee.pw.edu.pl\/moresic-project\/moresic-project-partners\/ noopener noreferrer\"><strong>Project partners<\/strong><\/a><\/div>\n\n\n\n<div class=\"wp-block-button\"><a class=\"wp-block-button__link has-white-color has-vivid-green-cyan-background-color has-text-color has-background wp-element-button\" href=\"https:\/\/www.ee.pw.edu.pl\/moresic-project\/publications-moresic-project\/\" style=\"border-radius:10px\"><strong>Publications<\/strong><\/a><\/div>\n\n\n\n<div class=\"wp-block-button\"><a class=\"wp-block-button__link has-vivid-green-cyan-background-color has-background wp-element-button\" href=\"https:\/\/www.ee.pw.edu.pl\/moresic-project\/1st-workshop-on-advanced-charging-systems-wacs-2022\/\" style=\"border-radius:10px\"><strong>WACS2022 &#8211; Workshop<\/strong><\/a><\/div>\n\n\n\n<div class=\"wp-block-button\"><a class=\"wp-block-button__link has-vivid-green-cyan-background-color has-background wp-element-button\" href=\"https:\/\/www.ee.pw.edu.pl\/moresic-project\/cpe-powereng-2023-conference-in-tallinn-estonia\/\" style=\"border-radius:10px\"><strong>CPE-POWERENG 2023<\/strong><\/a><\/div>\n<\/div>\n\n\n\n<p><\/p>\n\n\n\n<figure class=\"wp-block-pullquote alignwide is-style-default has-border-color has-black-color has-text-color\" style=\"border-color:#26cc80\"><blockquote><p>MoReSiC (Modularized, Reconfigurable and Bidirectional Charging Infrastructure for Electric Vehicles with Silicon Carbide Power Electronics) <\/p><cite><br>The <strong>main scientific objective <\/strong>of the MoReSiC project is to develop and experimentally validate a concept of <strong>modular and reconfigurable charging <\/strong>infrastructure with outstanding performance of power electronic converters based on <strong>new SiC technology<\/strong><\/cite><\/blockquote><\/figure>\n\n\n\n<p><\/p>\n\n\n\n<p class=\"has-text-align-right\">Projekt dofinansowano ze \u015brodk\u00f3w bud\u017cetu pa\u0144stwa (w wysoko\u015bci 15% kwoty dofinansowania)<\/p>\n\n\n\n<p class=\"has-text-align-right\">Free access to raw research data on demand. Please contact us at &#x6a;&#97;c&#x65;&#107;&#46;&#x72;&#x61;&#98;k&#x6f;&#119;s&#x6b;&#x69;&#64;p&#x77;&#46;e&#x64;&#x75;&#46;p&#x6c;<\/p>\n","protected":false},"excerpt":{"rendered":"<p>MoReSiC (Modularized, Reconfigurable and Bidirectional Charging Infrastructure for Electric Vehicles with Silicon Carbide Power Electronics) The main scientific objective of the MoReSiC project is to develop and experimentally validate a &#8230;<\/p>\n","protected":false},"author":13,"featured_media":401,"parent":0,"menu_order":0,"comment_status":"closed","ping_status":"closed","template":"","meta":{"_monsterinsights_skip_tracking":false,"_monsterinsights_sitenote_active":false,"_monsterinsights_sitenote_note":"","_monsterinsights_sitenote_category":0,"ngg_post_thumbnail":0,"footnotes":""},"class_list":["post-23","page","type-page","status-publish","has-post-thumbnail","hentry"],"_links":{"self":[{"href":"https:\/\/www.ee.pw.edu.pl\/moresic-project\/wp-json\/wp\/v2\/pages\/23","targetHints":{"allow":["GET"]}}],"collection":[{"href":"https:\/\/www.ee.pw.edu.pl\/moresic-project\/wp-json\/wp\/v2\/pages"}],"about":[{"href":"https:\/\/www.ee.pw.edu.pl\/moresic-project\/wp-json\/wp\/v2\/types\/page"}],"author":[{"embeddable":true,"href":"https:\/\/www.ee.pw.edu.pl\/moresic-project\/wp-json\/wp\/v2\/users\/13"}],"replies":[{"embeddable":true,"href":"https:\/\/www.ee.pw.edu.pl\/moresic-project\/wp-json\/wp\/v2\/comments?post=23"}],"version-history":[{"count":49,"href":"https:\/\/www.ee.pw.edu.pl\/moresic-project\/wp-json\/wp\/v2\/pages\/23\/revisions"}],"predecessor-version":[{"id":553,"href":"https:\/\/www.ee.pw.edu.pl\/moresic-project\/wp-json\/wp\/v2\/pages\/23\/revisions\/553"}],"wp:featuredmedia":[{"embeddable":true,"href":"https:\/\/www.ee.pw.edu.pl\/moresic-project\/wp-json\/wp\/v2\/media\/401"}],"wp:attachment":[{"href":"https:\/\/www.ee.pw.edu.pl\/moresic-project\/wp-json\/wp\/v2\/media?parent=23"}],"curies":[{"name":"wp","href":"https:\/\/api.w.org\/{rel}","templated":true}]}}