{"id":915,"date":"2012-11-12T12:55:18","date_gmt":"2012-11-12T12:55:18","guid":{"rendered":"http:\/\/www.ee.pw.edu.pl\/?page_id=915"},"modified":"2026-03-30T13:05:26","modified_gmt":"2026-03-30T13:05:26","slug":"wladze-wydzialu","status":"publish","type":"page","link":"https:\/\/www.ee.pw.edu.pl\/en\/about-us\/wladze-wydzialu\/","title":{"rendered":"Faculty Authorities"},"content":{"rendered":"Contact mail:<\/p>\n<p>Faculty of Electrical Engineering, Warsaw University of Technology<br \/>\nPl. Politechniki 1,<br \/>\n00-661 Warsaw, Poland<\/p>\n<h1><span class=\"ez-toc-section\" id=\"Dean\"><\/span>Dean<span class=\"ez-toc-section-end\"><\/span><\/h1>\n<h2><a href=\"https:\/\/www.ee.pw.edu.pl\/wp-content\/uploads\/2024\/07\/Dziekan-WE_Andrzej-Dzielinski-e1722442919455.jpg\"><img loading=\"lazy\" decoding=\"async\" class=\"alignleft wp-image-16496\" title=\"andrzej-dzielinski\" src=\"https:\/\/www.ee.pw.edu.pl\/wp-content\/uploads\/2024\/07\/Dziekan-WE_Andrzej-Dzielinski-e1722442919455-222x300.jpg\" alt=\"\" width=\"180\" height=\"244\" srcset=\"https:\/\/www.ee.pw.edu.pl\/wp-content\/uploads\/2024\/07\/Dziekan-WE_Andrzej-Dzielinski-e1722442919455-222x300.jpg 222w, https:\/\/www.ee.pw.edu.pl\/wp-content\/uploads\/2024\/07\/Dziekan-WE_Andrzej-Dzielinski-e1722442919455.jpg 333w\" sizes=\"auto, (max-width: 180px) 100vw, 180px\" \/><\/a><\/h2>\n<p><strong>prof. dr hab. in\u017c. Andrzej Dzieli\u0144ski<\/strong><\/p>\n<p>Phone.: +48 22 234 7217<br \/>\nE-mail: &#98;i&#x75;r&#x6f;&#46;&#x64;&#122;&#x69;&#101;&#x6b;&#97;n&#x61;&#46;&#x65;e&#x40;&#112;&#x77;&#46;&#x65;&#100;&#x75;&#46;p&#x6c;<br \/>\nOffice room: Main Building 214<\/p>\n<p>&nbsp;<\/p>\n<p>&nbsp;<\/p>\n<div class=\"clear\"><\/div>\n<p>&nbsp;<\/p>\n<h2><span class=\"ez-toc-section\" id=\"Vice_Dean_for_Study\"><\/span>Vice Dean for Study<span class=\"ez-toc-section-end\"><\/span><\/h2>\n<p><strong data-wp-editing=\"1\"><a href=\"https:\/\/www.ee.pw.edu.pl\/wp-content\/uploads\/2026\/03\/IMG_3072-4-scaled-e1774875415369.jpg\"><img loading=\"lazy\" decoding=\"async\" class=\" wp-image-21147 alignleft\" src=\"https:\/\/www.ee.pw.edu.pl\/wp-content\/uploads\/2026\/03\/IMG_3072-4-scaled-e1774875415369-248x300.jpg\" alt=\"\" width=\"184\" height=\"223\" srcset=\"https:\/\/www.ee.pw.edu.pl\/wp-content\/uploads\/2026\/03\/IMG_3072-4-scaled-e1774875415369-248x300.jpg 248w, https:\/\/www.ee.pw.edu.pl\/wp-content\/uploads\/2026\/03\/IMG_3072-4-scaled-e1774875415369-848x1024.jpg 848w, https:\/\/www.ee.pw.edu.pl\/wp-content\/uploads\/2026\/03\/IMG_3072-4-scaled-e1774875415369-768x927.jpg 768w, https:\/\/www.ee.pw.edu.pl\/wp-content\/uploads\/2026\/03\/IMG_3072-4-scaled-e1774875415369.jpg 1100w\" sizes=\"auto, (max-width: 184px) 100vw, 184px\" \/><\/a>dr in\u017c. Andrzej Ga\u0142ecki<\/strong><\/p>\n<p>Tel.: +48 22 234 1532<br \/>\nE-mail: &#97;&#x6e;d&#114;&#x7a;e&#106;&#x2e;g&#x61;&#x6c;&#101;&#x63;k&#105;&#x40;p&#119;&#x2e;e&#x64;&#x75;&#46;&#x70;&#x6c;<br \/>\nOffice room: Main Building 130<\/p>\n<p>&nbsp;<\/p>\n<div class=\"clear\"><\/div>\n<p>&nbsp;<\/p>\n<h2><span class=\"ez-toc-section\" id=\"Vice_Dean_for_science_and_international_cooperation\"><\/span>Vice Dean for science and international cooperation<span class=\"ez-toc-section-end\"><\/span><\/h2>\n<h3><a href=\"https:\/\/www.ee.pw.edu.pl\/wp-content\/uploads\/2024\/07\/prof-Dariusz-Baczynski.jpg\"><img loading=\"lazy\" decoding=\"async\" class=\"alignleft wp-image-16499\" src=\"https:\/\/www.ee.pw.edu.pl\/wp-content\/uploads\/2024\/07\/prof-Dariusz-Baczynski.jpg\" alt=\"\" width=\"180\" height=\"217\" \/><\/a><\/h3>\n<p><strong>dr hab. in\u017c. Dariusz Baczy\u0144ski<\/strong><\/p>\n<p>Phone: +48 22 234 5160<br \/>\nE-mail: &#x64;&#x61;&#x72;&#x69;&#117;&#115;&#122;&#46;b&#x61;&#x63;&#x7a;&#x79;&#x6e;&#115;&#107;&#105;&#64;p&#x77;&#x2e;&#x65;&#x64;&#x75;&#46;&#112;&#108;<br \/>\nOffice room: Main Building 214<\/p>\n<p>&nbsp;<\/p>\n<div class=\"clear\"><\/div>\n<h2><\/h2>\n<h2><span class=\"ez-toc-section\" id=\"Vice_Dean_for_social_and_student_affairs\"><\/span>Vice Dean for social and student affairs<span class=\"ez-toc-section-end\"><\/span><\/h2>\n<p><a href=\"https:\/\/www.ee.pw.edu.pl\/wp-content\/uploads\/2024\/08\/Radoslaw-Roszczyk_foto.jpg\"><img loading=\"lazy\" decoding=\"async\" class=\"alignleft wp-image-16695\" title=\"radoslaw-roszczyk\" src=\"https:\/\/www.ee.pw.edu.pl\/wp-content\/uploads\/2024\/08\/Radoslaw-Roszczyk_foto-233x300.jpg\" alt=\"\" width=\"180\" height=\"232\" srcset=\"https:\/\/www.ee.pw.edu.pl\/wp-content\/uploads\/2024\/08\/Radoslaw-Roszczyk_foto-233x300.jpg 233w, https:\/\/www.ee.pw.edu.pl\/wp-content\/uploads\/2024\/08\/Radoslaw-Roszczyk_foto-796x1024.jpg 796w, https:\/\/www.ee.pw.edu.pl\/wp-content\/uploads\/2024\/08\/Radoslaw-Roszczyk_foto-768x989.jpg 768w, https:\/\/www.ee.pw.edu.pl\/wp-content\/uploads\/2024\/08\/Radoslaw-Roszczyk_foto-1193x1536.jpg 1193w, https:\/\/www.ee.pw.edu.pl\/wp-content\/uploads\/2024\/08\/Radoslaw-Roszczyk_foto.jpg 1591w\" sizes=\"auto, (max-width: 180px) 100vw, 180px\" \/><\/a><strong>dr in\u017c. Rados\u0142aw Roszczyk<\/strong><\/p>\n<p>Phone: +48 22 234 <span data-teams=\"true\"><span class=\"ui-provider a b c d e f g h i j k l m n o p q r s t u v w x y z ab ac ae af ag ah ai aj ak\" dir=\"ltr\">7883 lub +48 22 234 7543<\/span><\/span><br \/>\nE-mail: rad&#111;&#115;&#108;&#x61;&#x77;&#x2e;&#x72;&#x6f;&#x73;zcz&#121;&#107;&#64;&#112;&#x77;&#x2e;&#x65;&#x64;&#x75;&#x2e;pl<br \/>\nOffice room:<br \/>\nMain Building 216<br \/>\nElectrical Engineering Building room 224<\/p>\n<p>&nbsp;<\/p>\n<div class=\"clear\"><\/div>\n<h2><\/h2>\n<h2><span class=\"ez-toc-section\" id=\"Vice_Dean_for_general_affairs\"><\/span>Vice Dean for general affairs<span class=\"ez-toc-section-end\"><\/span><\/h2>\n<p><strong><a href=\"https:\/\/www.ee.pw.edu.pl\/wp-content\/uploads\/2024\/07\/Jacek_Korytkowski.jpg\"><img loading=\"lazy\" decoding=\"async\" class=\"alignleft wp-image-16494\" src=\"https:\/\/www.ee.pw.edu.pl\/wp-content\/uploads\/2024\/07\/Jacek_Korytkowski-300x300.jpg\" alt=\"\" width=\"180\" height=\"180\" srcset=\"https:\/\/www.ee.pw.edu.pl\/wp-content\/uploads\/2024\/07\/Jacek_Korytkowski-300x300.jpg 300w, https:\/\/www.ee.pw.edu.pl\/wp-content\/uploads\/2024\/07\/Jacek_Korytkowski-150x150.jpg 150w, https:\/\/www.ee.pw.edu.pl\/wp-content\/uploads\/2024\/07\/Jacek_Korytkowski-107x107.jpg 107w, https:\/\/www.ee.pw.edu.pl\/wp-content\/uploads\/2024\/07\/Jacek_Korytkowski-120x120.jpg 120w, https:\/\/www.ee.pw.edu.pl\/wp-content\/uploads\/2024\/07\/Jacek_Korytkowski.jpg 500w\" sizes=\"auto, (max-width: 180px) 100vw, 180px\" \/><\/a>dr in\u017c. Jacek Korytkowski<\/strong><\/p>\n<p>Phone: +48 22 234 5644 lub +48 22 234 5688<br \/>\nE-mail: &#x6a;&#x61;&#x63;&#x65;&#x6b;&#x2e;&#107;&#111;&#114;&#121;tkow&#x73;&#x6b;&#x69;&#x40;&#x70;&#x77;&#46;&#101;&#100;&#117;&#46;pl<br \/>\nElectrical Engineering Building room 226<\/p>\n<p>&nbsp;<\/p>\n<div class=\"clear\"><\/div>\n<h1><span class=\"ez-toc-section\" id=\"Deans_Proxies\"><\/span>Dean&#8217;s Proxies<span class=\"ez-toc-section-end\"><\/span><\/h1>\n<h3><span class=\"ez-toc-section\" id=\"Deans_Representative_for_the_Integrated_Science_and_Higher_Education_Information_System_POL-on\"><\/span>Dean&#8217;s Representative for the Integrated Science and Higher Education Information System (POL-on)<span class=\"ez-toc-section-end\"><\/span><\/h3>\n<p><strong>mgr Marzena Szafarowicz<\/strong><br \/>\ntel.: +48 22 234 51 60<br \/>\ne-mail: m&#97;&#114;&#x7a;&#x65;na&#46;&#115;&#x7a;&#x61;fa&#114;&#111;&#x77;&#x69;cz&#64;&#x70;&#x77;&#x2e;e&#100;&#117;&#x2e;&#x70;&#x6c;<br \/>\nMain Buliding, room 214<\/p>\n<h3><span class=\"ez-toc-section\" id=\"Deans_Representative_for_Public_Procurement\"><\/span>Dean&#8217;s Representative for Public Procurement<span class=\"ez-toc-section-end\"><\/span><\/h3>\n<p><strong>dr in\u017c. Jacek Korytkowski<\/strong><br \/>\ntel.: +48 22 234 5644 lub +48 22 234 5688<br \/>\ne-mail: j&#97;&#99;&#101;&#x6b;&#x2e;&#x6b;or&#121;&#116;&#x6b;&#x6f;&#x77;&#x73;ki&#64;&#112;&#x77;&#x2e;&#x65;&#x64;u&#46;&#112;&#108;<br \/>\nElectrical Engineering Building, room 226<\/p>\n<h3><span class=\"ez-toc-section\" id=\"Deans_Coordinator_for_the_Uniform_Anti-Plagiarism_System\"><\/span>Dean&#8217;s Coordinator for the Uniform Anti-Plagiarism System<span class=\"ez-toc-section-end\"><\/span><\/h3>\n<p><strong>lic. Anna Chrzanowicz<\/strong><br \/>\ntel.: +48 22 234 1532<br \/>\ne-mail: &#x61;&#x6e;&#x6e;&#x61;&#x2e;&#x63;&#x68;&#x72;&#x7a;&#x61;&#x6e;&#x6f;&#x77;&#x69;&#x63;&#x7a;&#x40;&#x70;&#x77;&#x2e;&#x65;&#x64;&#x75;&#x2e;&#x70;&#x6c;<br \/>\nMain Buliding, room 133<\/p>\n<h3><span class=\"ez-toc-section\" id=\"Coordinator_of_the_implementation_of_the_settlement_of_teaching_hours_in_the_USOS_system\"><\/span>Coordinator of the implementation of the settlement of teaching hours in the USOS system<span class=\"ez-toc-section-end\"><\/span><\/h3>\n<p><strong>dr hab. in\u017c. Adam Smolarczyk<\/strong><br \/>\ntel.: +48 22 234 5795<br \/>\ne-mail: &#x41;&#x64;&#97;m&#x2e;&#x53;&#x6d;&#111;l&#x61;&#x72;&#x63;&#122;y&#x6b;&#x40;&#x70;&#119;&#46;&#x65;&#x64;&#x75;&#46;p&#x6c;<br \/>\nMechanics Building, room 9c<\/p>\n<h3><span class=\"ez-toc-section\" id=\"Deans_Representative_for_Personal_Data_Protection\"><\/span>Dean&#8217;s Representative for Personal Data Protection<span class=\"ez-toc-section-end\"><\/span><\/h3>\n<p><strong>mgr in\u017c. Pawe\u0142 Naro\u017cniak<\/strong><br \/>\ntel.: +48 22 234 5514 lub 5615<br \/>\ne-mail: &#x70;a&#x77;&#101;&#x6c;&#x2e;n&#x61;&#114;&#x6f;&#x7a;n&#x69;&#97;&#x6b;&#x40;p&#x77;&#46;&#x65;&#x64;u&#x2e;&#112;&#x6c;<br \/>\nMain Buliding, room 218<\/p>\n<h3><span class=\"ez-toc-section\" id=\"Deans_Representative_for_Health_and_Safety_at_Work_and_Science\"><\/span>Dean&#8217;s Representative for Health and Safety at Work and Science<span class=\"ez-toc-section-end\"><\/span><\/h3>\n<p><strong>in\u017c. Grzegorz \u0141ukaszek<\/strong><br \/>\ntel.: +48 22 234 7452<br \/>\ne-mail: &#x67;&#114;&#x7a;&#101;g&#x6f;&#114;z&#x2e;&#108;&#x75;&#x6b;a&#x73;&#122;e&#x6b;&#64;&#x70;&#x77;&#46;&#x65;&#100;u&#x2e;&#112;l<\/p>\n<h3><span class=\"ez-toc-section\" id=\"Deans_Representative_for_Student_Internships_in_the_field_of_Electrical_Engineering\"><\/span>Dean&#8217;s Representative for Student Internships in the field of Electrical Engineering<span class=\"ez-toc-section-end\"><\/span><\/h3>\n<p><strong>dr hab. in\u017c. Pawe\u0142 Piotrowski, prof. uczelni<\/strong><br \/>\ntel.: +48 22 234 73 14<br \/>\ne-mail: &#x70;&#x61;&#x77;&#x65;&#x6c;&#x2e;&#x70;&#x69;&#x6f;&#x74;&#x72;&#x6f;&#x77;&#x73;&#107;&#105;&#64;&#112;&#119;&#46;&#101;&#100;&#117;&#46;&#112;l<br \/>\nMain Buliding, room 240<\/p>\n<h3><span class=\"ez-toc-section\" id=\"Deans_representative_for_student_internships_in_the_field_of_Applied_Automation_and_Robotics\"><\/span>Dean&#8217;s representative for student internships in the field of Applied Automation and Robotics<span class=\"ez-toc-section-end\"><\/span><\/h3>\n<p><strong>dr in\u017c. Remigiusz Olesi\u0144ski<\/strong><br \/>\nTel.: +48 22 234 7945<br \/>\nE-mail: &#x72;&#x65;&#109;i&#x67;&#x69;&#117;sz&#x2e;&#x6f;&#108;e&#x73;&#x69;&#110;&#115;k&#x69;&#x40;&#112;w&#x2e;&#x65;&#100;&#117;&#46;&#x70;&#x6c;<br \/>\nElectrical Engineering Building, entrance B, room 402<\/p>\n<h3><span class=\"ez-toc-section\" id=\"Deans_Representative_for_student_internships_in_the_field_of_Electromobility\"><\/span>Dean&#8217;s Representative for student internships in the field of Electromobility<span class=\"ez-toc-section-end\"><\/span><\/h3>\n<p><strong>dr in\u017c. Dominik G\u00f3rski<\/strong><br \/>\ntel.: +48 22 234 51 20<br \/>\ne-mail: &#100;&#x6f;&#109;&#x69;n&#x69;k&#46;&#x67;&#111;&#x72;&#115;&#x6b;i&#x40;p&#119;&#x2e;&#101;&#x64;u&#x2e;p&#x6c;<br \/>\nElectrical Engineering Building, entrance B, room 017<\/p>\n<h3><span class=\"ez-toc-section\" id=\"Deans_representative_for_student_internships_in_the_field_of_Applied_Computer_Science\"><\/span>Dean&#8217;s representative for student internships in the field of Applied Computer Science<span class=\"ez-toc-section-end\"><\/span><\/h3>\n<p><strong>dr hab. in\u017c. Tomasz Le\u015b<\/strong><br \/>\ntel.: +48 22 234 57 60<br \/>\ne-mail: &#116;&#x6f;&#109;&#x61;&#115;&#x7a;&#46;&#x6c;&#101;&#x73;&#64;&#x70;&#119;&#x2e;&#101;&#x64;&#117;&#x2e;&#112;&#x6c;<br \/>\nElectrical Engineering Building, room 229<\/p>\n<h3><span class=\"ez-toc-section\" id=\"Deans_Representative_for_Education_Quality_Assurance\"><\/span>Dean&#8217;s Representative for Education Quality Assurance<span class=\"ez-toc-section-end\"><\/span><\/h3>\n<p><strong>mgr in\u017c. Krzysztof Marek<\/strong><br \/>\ne-mail: &#x6b;r&#x7a;&#121;&#x73;&#122;t&#x6f;f&#x2e;&#109;&#x61;&#114;e&#x6b;&#64;&#x70;&#119;&#46;&#x65;d&#x75;&#46;&#x70;&#108;<br \/>\nElectrical Engineering Building, room 330, entrance B<\/p>\n<h3><span class=\"ez-toc-section\" id=\"Deans_Representative_for_IT_System_Implementation\"><\/span>Dean&#8217;s Representative for IT System Implementation<span class=\"ez-toc-section-end\"><\/span><\/h3>\n<p><strong>Dr in\u017c. Robert Szmur\u0142o<\/strong><br \/>\ntel.: +48 22 234 5387<br \/>\ne-mail: &#x72;&#111;b&#x65;&#x72;&#116;&#46;&#x73;&#122;m&#x75;&#x72;&#108;o&#x40;&#112;w&#x2e;&#x65;&#100;u&#x2e;&#x70;&#108;<br \/>\nElectrical Engineering Building, entrance B, room 223<\/p>\n<h3><span class=\"ez-toc-section\" id=\"Deans_Representative_for_International_Exchange_in_the_field_of_European_Educational_Programs\"><\/span>Dean&#8217;s Representative for International Exchange in the field of European Educational Programs<span class=\"ez-toc-section-end\"><\/span><\/h3>\n<p><strong>prof. dr hab. in\u017c. Desire Rasolomampionona<\/strong><br \/>\nTel.: +48 22 234 7351<br \/>\nE-mail: &#100;&#101;&#x73;i&#114;&#x65;&#x2e;r&#97;&#x73;&#x6f;l&#111;&#x6d;&#x61;m&#112;&#x69;&#x6f;n&#111;&#x6e;&#x61;&#64;&#112;&#x77;&#46;&#101;&#100;&#x75;&#46;&#112;&#x6c;<\/p>\n<h3><span class=\"ez-toc-section\" id=\"Deans_Representative_for_Contacts_with_the_WUT_Computer_Center\"><\/span>Dean&#8217;s Representative for Contacts with the WUT Computer Center<span class=\"ez-toc-section-end\"><\/span><\/h3>\n<p><strong>mgr in\u017c. Grzegorz \u015awi\u0105tek<\/strong><br \/>\nTel.: +48 22 234 5126<br \/>\nE-mail: &#x67;&#114;z&#x65;&#x67;&#111;r&#x7a;&#x2e;&#115;w&#x69;&#97;t&#x65;&#x6b;&#64;p&#x77;&#x2e;&#101;d&#x75;&#46;&#112;&#x6c;<\/p>\n<h3><span class=\"ez-toc-section\" id=\"Deans_Representative_for_Contacts_with_Secondary_Schools\"><\/span>Dean&#8217;s Representative for Contacts with Secondary Schools<span class=\"ez-toc-section-end\"><\/span><\/h3>\n<p><strong>Dr in\u017c. Andrzej \u0141asica<\/strong><br \/>\ntel.: +48 22 234 7856<br \/>\ne-mail: &#x61;&#x6e;&#x64;&#x72;&#122;&#101;&#106;&#46;las&#x69;&#x63;&#x61;&#x40;&#x70;&#119;&#46;&#101;du&#46;&#x70;&#x6c;<\/p>\n<h3><span class=\"ez-toc-section\" id=\"Deans_Representative_for_Contacts_with_the_Socio-Economic_Environment\"><\/span>Dean&#8217;s Representative for Contacts with the Socio-Economic Environment<span class=\"ez-toc-section-end\"><\/span><\/h3>\n<p><strong>prof. dr hab. in\u017c. Lech Grzesiak<\/strong><br \/>\ne-mail: l&#101;&#99;&#x68;&#x2e;&#x67;&#x72;z&#101;&#115;&#105;&#x61;&#x6b;&#x40;pw&#46;&#101;&#x64;&#x75;&#x2e;pl<\/p>\n<h3><span class=\"ez-toc-section\" id=\"Coordinator_for_Electronic_Document_Management_EZD_at_the_Faculty_of_Electrical_Engineering\"><\/span>Coordinator for Electronic Document Management (EZD) at the Faculty of Electrical Engineering<span class=\"ez-toc-section-end\"><\/span><\/h3>\n<p><strong>mgr in\u017c. Klaudia Panaba\u017cys<\/strong><br \/>\ntel.: +48 22 234 7960<br \/>\ne-mail: k&#108;&#x61;&#x75;d&#105;&#97;&#x2e;&#x70;a&#110;&#x61;&#x62;a&#122;&#121;&#x73;&#x40;p&#119;&#x2e;&#x65;d&#117;&#46;&#x70;&#x6c;<br \/>\nMain Building, room 217<\/p>\n<h3><span class=\"ez-toc-section\" id=\"Deans_Representative_for_Study_Plans_and_Accreditation\"><\/span>Dean&#8217;s Representative for Study Plans and Accreditation<span class=\"ez-toc-section-end\"><\/span><\/h3>\n<p><strong>dr in\u017c. Tomasz Winek<\/strong><br \/>\nTel.: +48 22 234 5641, +48 22 234 7228<br \/>\nE-mail: &#116;o&#x6d;a&#x73;z&#x2e;w&#x69;n&#x65;k&#x40;&#112;&#x77;&#46;&#x65;&#100;&#x75;&#46;&#x70;&#108;<\/p>\n<h3><span class=\"ez-toc-section\" id=\"Deans_Representative_for_Rankings\"><\/span>Dean&#8217;s Representative for Rankings<span class=\"ez-toc-section-end\"><\/span><\/h3>\n<p><strong>Katarzyna Szmur\u0142o<\/strong><br \/>\nTel.: +48 22 234 5157<br \/>\nE-mail: k&#97;&#116;&#x61;&#x72;&#x7a;yn&#97;&#46;&#x73;&#x7a;&#x6d;u&#114;&#108;&#111;&#x40;&#x70;&#x77;&#46;&#101;&#100;&#x75;&#x2e;&#x70;l<\/p>\n<p>&nbsp;","protected":false},"excerpt":{"rendered":"<p>Contact mail: Faculty of Electrical Engineering, Warsaw University of Technology Pl. Politechniki 1, 00-661 Warsaw, Poland Dean prof. dr hab. in\u017c. Andrzej Dzieli\u0144ski Phone.: +48 22 234 7217 E-mail: &#x62;&#105;u&#x72;&#111;&#46;&#x64;&#x7a;&#105;e&#x6b;&#97;n&#x61;&#x2e;&#101;e&#x40;&#112;w&#x2e;&#x65;&#100;u&#x2e;&#112;l Office room: Main Building 214 &nbsp; &nbsp; &nbsp; Vice Dean for Study dr in\u017c. Andrzej Ga\u0142ecki Tel.: +48 22 234 1532 E-mail: &#x61;n&#x64;r&#x7a;&#101;&#x6a;&#46;g&#x61;l&#x65;&#99;&#x6b;&#105;&#x40;&#112;w&#x2e;e&#x64;&#117;&#x2e;&#112;&#x6c; Office room: Main Building 130 &nbsp; &nbsp; Vice Dean for science and international cooperation dr hab. in\u017c. Dariusz Baczy\u0144ski Phone: +48 22 234 5160 E-mail: &#100;&#x61;&#x72;&#105;&#x75;&#x73;&#122;&#x2e;&#x62;&#97;&#x63;&#x7a;&#121;&#x6e;&#x73;&#107;&#x69;&#x40;&#112;&#x77;&#x2e;&#101;&#x64;&#x75;&#46;&#x70;&#x6c; Office room: Main Building 214 &nbsp; Vice Dean for social and student affairs dr in\u017c. Rados\u0142aw Roszczyk Phone: +48 22 234&nbsp;<a href=\"https:\/\/www.ee.pw.edu.pl\/en\/about-us\/wladze-wydzialu\/\" class=\"read-more\">Continue Reading<\/a><\/p>\n","protected":false},"author":1,"featured_media":0,"parent":271,"menu_order":0,"comment_status":"closed","ping_status":"closed","template":"","meta":{"_monsterinsights_skip_tracking":false,"_monsterinsights_sitenote_active":false,"_monsterinsights_sitenote_note":"","_monsterinsights_sitenote_category":0,"ngg_post_thumbnail":0,"footnotes":""},"class_list":["post-915","page","type-page","status-publish","hentry"],"aioseo_notices":[],"_links":{"self":[{"href":"https:\/\/www.ee.pw.edu.pl\/en\/wp-json\/wp\/v2\/pages\/915","targetHints":{"allow":["GET"]}}],"collection":[{"href":"https:\/\/www.ee.pw.edu.pl\/en\/wp-json\/wp\/v2\/pages"}],"about":[{"href":"https:\/\/www.ee.pw.edu.pl\/en\/wp-json\/wp\/v2\/types\/page"}],"author":[{"embeddable":true,"href":"https:\/\/www.ee.pw.edu.pl\/en\/wp-json\/wp\/v2\/users\/1"}],"replies":[{"embeddable":true,"href":"https:\/\/www.ee.pw.edu.pl\/en\/wp-json\/wp\/v2\/comments?post=915"}],"version-history":[{"count":35,"href":"https:\/\/www.ee.pw.edu.pl\/en\/wp-json\/wp\/v2\/pages\/915\/revisions"}],"predecessor-version":[{"id":21149,"href":"https:\/\/www.ee.pw.edu.pl\/en\/wp-json\/wp\/v2\/pages\/915\/revisions\/21149"}],"up":[{"embeddable":true,"href":"https:\/\/www.ee.pw.edu.pl\/en\/wp-json\/wp\/v2\/pages\/271"}],"wp:attachment":[{"href":"https:\/\/www.ee.pw.edu.pl\/en\/wp-json\/wp\/v2\/media?parent=915"}],"curies":[{"name":"wp","href":"https:\/\/api.w.org\/{rel}","templated":true}]}}