{"id":7765,"date":"2020-11-26T11:31:18","date_gmt":"2020-11-26T11:31:18","guid":{"rendered":"http:\/\/www.ee.pw.edu.pl\/?page_id=7765"},"modified":"2025-07-07T11:55:13","modified_gmt":"2025-07-07T11:55:13","slug":"informacje-ogolne-o-radzie","status":"publish","type":"page","link":"https:\/\/www.ee.pw.edu.pl\/en\/nauka\/rada-naukowa-dyscypliny-automatyka-elektronika-i-elektrotechnika\/informacje-ogolne-o-radzie\/","title":{"rendered":"Informacje og\u00f3lne o Radzie"},"content":{"rendered":"\n<h3 class=\"wp-block-heading\"><span class=\"ez-toc-section\" id=\"Rada_Naukowa_Dyscypliny_Automatyka_Elektronika_Elektrotechnika_i_Technologie_Kosmiczne_Politechniki_Warszawskiej\"><\/span>Rada Naukowa Dyscypliny Automatyka, Elektronika, Elektrotechnika i Technologie Kosmiczne Politechniki Warszawskiej<span class=\"ez-toc-section-end\"><\/span><\/h3>\n\n\n\n<h4 class=\"wp-block-heading\"><span class=\"ez-toc-section\" id=\"Przewodniczacy_%E2%80%93_prof_dr_hab_inz_Pawel_Szczepanski\"><\/span>Przewodnicz\u0105cy &#8211; prof. dr hab. in\u017c. Pawe\u0142 Szczepa\u0144ski<span class=\"ez-toc-section-end\"><\/span><\/h4>\n\n\n\n<h4 class=\"wp-block-heading\"><span class=\"ez-toc-section\" id=\"Sklad_Rady\"><\/span>Sk\u0142ad Rady <span class=\"ez-toc-section-end\"><\/span><\/h4>\n\n\n\n<p><em>wg uchwa\u0142y nr 39\/LI\/2024 Senatu Politechniki Warszawskiej z dnia 18 grudnia 2024 r.<\/em><\/p>\n\n\n\n<p>Senat Politechniki Warszawskiej wybiera do sk\u0142adu Rady Naukowej Dyscypliny Automatyka, Elektronika, Elektrotechnika i Technologie Kosmiczne Politechniki Warszawskiej na kadencj\u0119 2025-2028, nast\u0119puj\u0105cych cz\u0142onk\u00f3w:<br>1) dr hab. in\u017c. Alicja Anuszkiewicz, prof. uczelni, Wydzia\u0142 Elektroniki i Technik Informacyjnych;<br>2) dr hab. in\u017c. Dariusz Baczy\u0144ski, prof. uczelni, Wydzia\u0142 Elektryczny;<br>3) dr hab. in\u017c. Krzysztof Czuba, prof. uczelni, Wydzia\u0142 Elektroniki i Technik Informacyjnych;<br>4) prof. dr hab. in\u017c. Grzegorz Iwa\u0144ski, Wydzia\u0142 Elektryczny;<br>5) dr hab. in\u017c. Marek Jasi\u0144ski, prof. uczelni, Wydzia\u0142 Elektryczny;<br>6) dr hab. in\u017c. Micha\u0142 J\u00f3zwik, prof. uczelni, Wydzia\u0142 Mechatroniki;<br>7) dr hab. in\u017c. Marcin Kaczkan, prof. uczelni, Wydzia\u0142 Elektroniki i Technik Informacyjnych;<br>8) dr hab. in\u017c. Arkadiusz Kaszewski, prof. uczelni, Wydzia\u0142 Elektryczny;<br>9) dr hab. in\u017c. \u0141ukasz Kolimas, prof. uczelni, Wydzia\u0142 Elektryczny;<br>10) prof. dr hab. in\u017c. Tomasz Kozacki, Wydzia\u0142 Mechatroniki;<br>11) prof. dr hab. in\u017c. Maciej \u0141awry\u0144czuk, Wydzia\u0142 Elektroniki i Technik Informacyjnych;<br>12) dr hab. in\u017c. Pawe\u0142 Malczyk, prof. uczelni, Wydzia\u0142 Mechaniczny Energetyki i Lotnictwa;<br>13) dr hab. in\u017c. Wiktor Malesza, prof. uczelni, Wydzia\u0142 Elektryczny;<br>14) dr hab. in\u017c. Robert Mroczy\u0144ski, prof. uczelni, Wydzia\u0142 Elektroniki i Technik Informacyjnych;<br>15) dr hab. in\u017c. \u0141ukasz Nogal, prof. uczelni, Wydzia\u0142 Elektryczny;<br>16) dr hab. in\u017c. Andrzej Ordys, prof. uczelni, Wydzia\u0142 Mechatroniki;<br>17) dr hab. in\u017c. Tomasz Osuch, prof. uczelni, Wydzia\u0142 Elektroniki i Technik Informacyjnych;<br>18) dr hab. in\u017c. Pawe\u0142 Piotrowski, prof. uczelni, Wydzia\u0142 Elektryczny;<br>19) prof. dr hab. in\u017c. Krzysztof Po\u017aniak, Wydzia\u0142 Elektroniki i Technik Informacyjnych;<br>20) dr hab. in\u017c. Piotr Pracki, prof. uczelni, Wydzia\u0142 Elektryczny;<br>21) prof. dr hab. in\u017c. Jacek R\u0105bkowski, Wydzia\u0142 Elektryczny;<br>22) dr hab. in\u017c. Sylwester Robak, prof. uczelni, Wydzia\u0142 Elektryczny;<br>23) dr hab. in\u017c. Dominik Sierociuk, prof. uczelni, Wydzia\u0142 Elektryczny;<br>24) dr hab. in\u017c. Marcin S\u0142oma, prof. uczelni, Wydzia\u0142 Mechatroniki;<br>25) prof. dr hab. in\u017c. Mateusz \u015amietana, Wydzia\u0142 Elektroniki i Technik Informacyjnych;<br>26) prof. dr hab. in\u017c. Tomasz Starecki, Wydzia\u0142 Elektroniki i Technik Informacyjnych;<br>27) prof. dr hab. in\u017c. Jacek Starzy\u0144ski, Wydzia\u0142 Elektryczny;<br>28) dr hab. in\u017c. Micha\u0142 Syfert, prof. uczelni, Wydzia\u0142 Mechatroniki;<br>29) prof. dr hab. in\u017c. Pawe\u0142 Szczepa\u0144ski, Wydzia\u0142 Elektroniki i Technik Informacyjnych;<br>30) dr hab. in\u017c. Wojciech Szynkiewicz, prof. uczelni, Wydzia\u0142 Elektroniki i Technik Informacyjnych;<br>31) dr hab. in\u017c. Maciej Trusiak, prof. uczelni, Wydzia\u0142 Mechatroniki;<br>32) dr hab. in\u017c. Bart\u0142omiej Ufnalski, prof. uczelni, Wydzia\u0142 Elektryczny;<br>33) prof. dr hab. in\u017c. Yevhen Yashchyshyn, Wydzia\u0142 Elektroniki i Technik Informacyjnych;<br>34) dr hab. in\u017c. Wojciech Zabo\u0142otny, prof. uczelni, Wydzia\u0142 Elektroniki i Technik Informacyjnych;<br>35) prof. dr hab. in\u017c. Teresa Zieli\u0144ska, Wydzia\u0142 Mechaniczny Energetyki i Lotnictwa;<br>36) prof. dr hab. in\u017c. Cezary Zieli\u0144ski, Wydzia\u0142 Elektroniki i Technik Informacyjnych;<br>37) dr hab. in\u017c. Marcin Weso\u0142owski, Wydzia\u0142 Elektryczny;<br>38) dr in\u017c. Bogdan Dziadak, Wydzia\u0142 Elektryczny;<br>39) mgr in\u017c. Mateusz Nieborek, Szko\u0142a Doktorska.<\/p>\n\n\n\n<p><\/p>\n\n\n\n<p><\/p>\n","protected":false},"excerpt":{"rendered":"<p>Rada Naukowa Dyscypliny Automatyka, Elektronika, Elektrotechnika i Technologie Kosmiczne Politechniki Warszawskiej Przewodnicz\u0105cy &#8211; prof. dr hab. in\u017c. Pawe\u0142 Szczepa\u0144ski Sk\u0142ad Rady wg uchwa\u0142y nr 39\/LI\/2024 Senatu Politechniki Warszawskiej z dnia 18 grudnia 2024 r. Senat Politechniki Warszawskiej wybiera do sk\u0142adu Rady Naukowej Dyscypliny Automatyka, Elektronika, Elektrotechnika i Technologie Kosmiczne Politechniki Warszawskiej na kadencj\u0119 2025-2028, nast\u0119puj\u0105cych cz\u0142onk\u00f3w:1) dr hab. in\u017c. Alicja Anuszkiewicz, prof. uczelni, Wydzia\u0142 Elektroniki i Technik Informacyjnych;2) dr hab. in\u017c. Dariusz Baczy\u0144ski, prof. uczelni, Wydzia\u0142 Elektryczny;3) dr hab. in\u017c. Krzysztof Czuba, prof. uczelni, Wydzia\u0142 Elektroniki i Technik Informacyjnych;4) prof. dr hab. in\u017c. Grzegorz Iwa\u0144ski, Wydzia\u0142 Elektryczny;5) dr hab. in\u017c.&nbsp;<a href=\"https:\/\/www.ee.pw.edu.pl\/en\/nauka\/rada-naukowa-dyscypliny-automatyka-elektronika-i-elektrotechnika\/informacje-ogolne-o-radzie\/\" class=\"read-more\">Continue Reading<\/a><\/p>\n","protected":false},"author":12,"featured_media":7792,"parent":7762,"menu_order":0,"comment_status":"closed","ping_status":"closed","template":"","meta":{"_monsterinsights_skip_tracking":false,"_monsterinsights_sitenote_active":false,"_monsterinsights_sitenote_note":"","_monsterinsights_sitenote_category":0,"ngg_post_thumbnail":0,"footnotes":""},"class_list":["post-7765","page","type-page","status-publish","has-post-thumbnail","hentry"],"aioseo_notices":[],"_links":{"self":[{"href":"https:\/\/www.ee.pw.edu.pl\/en\/wp-json\/wp\/v2\/pages\/7765","targetHints":{"allow":["GET"]}}],"collection":[{"href":"https:\/\/www.ee.pw.edu.pl\/en\/wp-json\/wp\/v2\/pages"}],"about":[{"href":"https:\/\/www.ee.pw.edu.pl\/en\/wp-json\/wp\/v2\/types\/page"}],"author":[{"embeddable":true,"href":"https:\/\/www.ee.pw.edu.pl\/en\/wp-json\/wp\/v2\/users\/12"}],"replies":[{"embeddable":true,"href":"https:\/\/www.ee.pw.edu.pl\/en\/wp-json\/wp\/v2\/comments?post=7765"}],"version-history":[{"count":14,"href":"https:\/\/www.ee.pw.edu.pl\/en\/wp-json\/wp\/v2\/pages\/7765\/revisions"}],"predecessor-version":[{"id":19747,"href":"https:\/\/www.ee.pw.edu.pl\/en\/wp-json\/wp\/v2\/pages\/7765\/revisions\/19747"}],"up":[{"embeddable":true,"href":"https:\/\/www.ee.pw.edu.pl\/en\/wp-json\/wp\/v2\/pages\/7762"}],"wp:featuredmedia":[{"embeddable":true,"href":"https:\/\/www.ee.pw.edu.pl\/en\/wp-json\/wp\/v2\/media\/7792"}],"wp:attachment":[{"href":"https:\/\/www.ee.pw.edu.pl\/en\/wp-json\/wp\/v2\/media?parent=7765"}],"curies":[{"name":"wp","href":"https:\/\/api.w.org\/{rel}","templated":true}]}}