{"id":667,"date":"2012-11-03T13:05:15","date_gmt":"2012-11-03T13:05:15","guid":{"rendered":"http:\/\/www.ee.pw.edu.pl\/?page_id=667"},"modified":"2026-01-14T09:48:47","modified_gmt":"2026-01-14T09:48:47","slug":"instytut-elektrotechniki-teoretycznej-i-systemow-informacyjno-pomiarowych","status":"publish","type":"page","link":"https:\/\/www.ee.pw.edu.pl\/en\/about-us\/jednostki\/instytut-elektrotechniki-teoretycznej-i-systemow-informacyjno-pomiarowych\/","title":{"rendered":"Institute of Theory of Electrical Engineering, Measurement and Information Systems"},"content":{"rendered":"<div class=\"clear\"><\/div><div class=\"spacer\"><!-- --><\/div>\n<div class=\"grid_4 \"><h4><span class=\"ez-toc-section\" id=\"Institute_manager\"><\/span>Institute manager:<span class=\"ez-toc-section-end\"><\/span><\/h4>\n<p><a href=\"http:\/\/www.ee.pw.edu.pl\/wp-content\/uploads\/2012\/11\/Jacek-Starzynski.jpg\"><img loading=\"lazy\" decoding=\"async\" class=\"alignleft size-thumbnail wp-image-3331\" src=\"http:\/\/www.ee.pw.edu.pl\/wp-content\/uploads\/2012\/11\/Jacek-Starzynski-150x150.jpg\" alt=\"\" width=\"150\" height=\"150\" srcset=\"https:\/\/www.ee.pw.edu.pl\/wp-content\/uploads\/2012\/11\/Jacek-Starzynski-150x150.jpg 150w, https:\/\/www.ee.pw.edu.pl\/wp-content\/uploads\/2012\/11\/Jacek-Starzynski-107x107.jpg 107w, https:\/\/www.ee.pw.edu.pl\/wp-content\/uploads\/2012\/11\/Jacek-Starzynski-120x120.jpg 120w\" sizes=\"auto, (max-width: 150px) 100vw, 150px\" \/><\/a><\/p>\n<p>&nbsp;<\/p>\n<p>&nbsp;<\/p>\n<p>&nbsp;<\/p>\n<p>&nbsp;<\/p>\n<p>Prof. dr hab. in\u017c. Jacek Starzy\u0144ski<br \/><\/div>\n<div class=\"grid_8 \"><h4><span class=\"ez-toc-section\" id=\"Institute_and_divisions_pages\"><\/span>Institute and divisions pages:<span class=\"ez-toc-section-end\"><\/span><\/h4>\n<ul>\n<li><a href=\"http:\/\/www.iem.pw.edu.pl\/\">Instytut Elektrotechniki Teoretycznej i System\u00f3w Informacyjno-Pomiarowych<\/a>\n<ul>\n<li><a href=\"http:\/\/zetiis.iem.pw.edu.pl\/\">Zak\u0142ad Elektrotechniki Teoretycznej i Informatyki Stosowanej<\/a><\/li>\n<li><a href=\"http:\/\/www.sip.iem.pw.edu.pl\/\">Zak\u0142ad System\u00f3w Informacyjno-Pomiarowych<\/a><\/li>\n<li><a href=\"http:\/\/zwnike.iem.pw.edu.pl\/\">Zak\u0142ad Wysokich Napi\u0119\u0107 i Kompatybilno\u015bci Elektromagnetycznej<\/a><\/li>\n<\/ul>\n<\/li>\n<\/ul><\/div>\n<div class=\"grid_4 \"><h4><span class=\"ez-toc-section\" id=\"How_to_find_us\"><\/span>How to find us:<span class=\"ez-toc-section-end\"><\/span><\/h4>\n<h4><\/h4>\n<p>&nbsp;<\/p>\n<p><a href=\"http:\/\/www.ee.pw.edu.pl\/wp-content\/uploads\/2018\/11\/Gmach-Elektrotechniki-PW_2_large.jpg\"><img loading=\"lazy\" decoding=\"async\" class=\"size-full wp-image-3772 aligncenter\" src=\"http:\/\/www.ee.pw.edu.pl\/wp-content\/uploads\/2018\/11\/Gmach-Elektrotechniki-PW_2_large.jpg\" alt=\"\" width=\"360\" height=\"245\" srcset=\"https:\/\/www.ee.pw.edu.pl\/wp-content\/uploads\/2018\/11\/Gmach-Elektrotechniki-PW_2_large.jpg 360w, https:\/\/www.ee.pw.edu.pl\/wp-content\/uploads\/2018\/11\/Gmach-Elektrotechniki-PW_2_large-300x204.jpg 300w\" sizes=\"auto, (max-width: 360px) 100vw, 360px\" \/><\/a><\/p>\n<p style=\"text-align: center\">Second floor of Electrical Engineering Building on Warsaw University of Technology central area.<\/p><\/div>\n<div class=\"clear\"><\/div><div class=\"spacer\"><!-- --><\/div>\n<div class=\"grid_4 \"><h4><span class=\"ez-toc-section\" id=\"Address\"><\/span>Address:<span class=\"ez-toc-section-end\"><\/span><\/h4>\n<p>IETiSIP PW<br \/>\nul. Koszykowa 75<br \/>\n00-662 Warszawa<br \/>\nE-mail: &#115;&#x65;k&#114;&#x65;t&#97;&#x72;i&#x61;&#x74;&#46;&#x69;e&#109;&#x40;p&#119;&#x2e;e&#x64;&#x75;&#46;&#x70;&#x6c;<\/p>\n<h4><span class=\"ez-toc-section\" id=\"Institute_office\"><\/span>Institute office:<span class=\"ez-toc-section-end\"><\/span><\/h4>\n<p>Agnieszka Walczuk-Onyszkiewicz<br \/>\ne-mail: &#x61;&#103;&#110;&#x69;&#x65;&#115;&#122;&#x6b;&#x61;&#46;&#119;&#x61;&#x6c;&#99;&#122;&#x75;&#x6b;&#64;&#112;&#x77;&#x2e;&#101;&#100;&#x75;&#x2e;&#112;&#108;<br \/>\nTel. (22) 628-45-68<br \/>\nFax: (22) 234-56-42<br \/><\/div>\n<div class=\"grid_5 \"><h4><span class=\"ez-toc-section\" id=\"MANAGER\"><\/span>MANAGER<span class=\"ez-toc-section-end\"><\/span><\/h4>\n<p>prof. dr hab. in\u017c. Jacek Starzy\u0144ski<br \/>\ne-mail: &#106;a&#x63;e&#x6b;&#46;&#x73;&#116;&#x61;&#114;z&#x79;n&#x73;&#107;&#x69;&#64;&#x70;&#119;&#x2e;&#101;d&#x75;&#46;&#x70;&#108;<br \/>\nGmach Elektrotechniki, kl. B, pok. 226<br \/>\ntel. w. 7370<br \/>\nm. 628-45-68<\/p>\n<h4><span class=\"ez-toc-section\" id=\"VICE_MANAGER_FOR_SCIENTIFIC_AFFAIRS\"><\/span>VICE MANAGER\u00a0FOR\u00a0SCIENTIFIC AFFAIRS<span class=\"ez-toc-section-end\"><\/span><\/h4>\n<p>prof. nzw. dr hab. in\u017c. Bartosz Sawicki,<br \/>\ne-mail: &#x62;&#x61;&#x72;&#116;&#111;sz&#x2e;&#x73;&#x61;&#119;&#105;ck&#x69;&#x40;&#x70;&#119;&#46;ed&#x75;&#x2e;&#x70;&#108;<br \/>\nGmach Elektrotechniki, kl. B, pok. 229<br \/>\ntel. w. 5760<\/p>\n<h4><span class=\"ez-toc-section\" id=\"VICE_MANAGER_FOR_ORGANIZATION_OF_STUDIES\"><\/span>VICE MANAGER\u00a0FOR ORGANIZATION OF STUDIES<span class=\"ez-toc-section-end\"><\/span><\/h4>\n<p>dr in\u017c. Adam J\u00f3\u015bko<br \/>\ne-mail: &#x61;&#x64;&#x61;&#x6d;&#x2e;&#x6a;&#x6f;&#x73;&#x6b;&#x6f;&#x40;&#112;&#119;&#46;&#101;&#100;&#117;&#46;pl<br \/>\nGmach Elektrotechniki, kl. B, pok. 203<br \/>\ntel. w. 7525<br \/><\/div>\n<div class=\"grid_5 \"><h4><span class=\"ez-toc-section\" id=\"INSTITUTE_OFFICE\"><\/span>INSTITUTE OFFICE<span class=\"ez-toc-section-end\"><\/span><\/h4>\n<p>Agnieszka Walczuk-Onyszkiewicz<br \/>\ne-mail: &#x61;&#103;n&#x69;&#x65;&#115;z&#x6b;&#x61;&#46;w&#x61;&#x6c;&#99;z&#x75;&#x6b;&#64;p&#x77;&#46;&#101;d&#x75;&#46;p&#x6c;<br \/>\nGmach Elektrotechniki, kl. B, pok. 216<br \/>\ntel. w. 7370<br \/>\ntel.\/fax. 234-5642<\/p>\n<p>Ma\u0142gorzata Kruszewska<br \/>\ne-mail: &#109;a&#x6c;g&#x6f;&#114;&#x7a;&#97;&#x74;&#97;&#46;&#x6b;r&#x75;&#115;&#x7a;&#101;&#x77;&#115;&#x6b;&#97;&#64;&#x70;w&#x2e;&#101;&#x64;&#117;&#x2e;&#112;l<br \/>\nGmach Elektrotechniki, kl. B, pok. 216<br \/>\ntel. w. 7350<\/p>\n<h4><span class=\"ez-toc-section\" id=\"ACCOUNTANT_REPRESENTATIVE\"><\/span>ACCOUNTANT REPRESENTATIVE<span class=\"ez-toc-section-end\"><\/span><\/h4>\n<p>mgr Joanna Brzezi\u0144ska<br \/>\ne-mail: &#106;&#x6f;a&#110;&#x6e;a&#46;&#x62;r&#122;&#x65;z&#105;&#x6e;s&#107;&#x61;&#64;&#112;&#x77;&#46;&#101;&#x64;u&#46;&#x70;l<br \/>\nGmach Elektrotechniki, kl. B, pok. 219<br \/>\ntel. w . 5396<\/p>\n<h4><span class=\"ez-toc-section\" id=\"LIBRARY\"><\/span>LIBRARY<span class=\"ez-toc-section-end\"><\/span><\/h4>\n<p>mgr Alicja Siemion<br \/>\ne-mail: &#x61;&#x6c;&#x69;&#x63;&#106;&#97;&#46;si&#x65;&#x6d;&#x69;&#x6f;&#110;&#64;pw&#46;&#x65;&#x64;&#x75;&#x2e;&#112;&#108;<br \/>\nGmach Elektrotechniki, kl. B, pok. 209<br \/>\ntel. w. 7326<br \/><\/div>","protected":false},"excerpt":{"rendered":"","protected":false},"author":1,"featured_media":0,"parent":650,"menu_order":0,"comment_status":"closed","ping_status":"closed","template":"page-instytut.php","meta":{"_monsterinsights_skip_tracking":false,"_monsterinsights_sitenote_active":false,"_monsterinsights_sitenote_note":"","_monsterinsights_sitenote_category":0,"ngg_post_thumbnail":0,"footnotes":""},"class_list":["post-667","page","type-page","status-publish","hentry"],"aioseo_notices":[],"_links":{"self":[{"href":"https:\/\/www.ee.pw.edu.pl\/en\/wp-json\/wp\/v2\/pages\/667","targetHints":{"allow":["GET"]}}],"collection":[{"href":"https:\/\/www.ee.pw.edu.pl\/en\/wp-json\/wp\/v2\/pages"}],"about":[{"href":"https:\/\/www.ee.pw.edu.pl\/en\/wp-json\/wp\/v2\/types\/page"}],"author":[{"embeddable":true,"href":"https:\/\/www.ee.pw.edu.pl\/en\/wp-json\/wp\/v2\/users\/1"}],"replies":[{"embeddable":true,"href":"https:\/\/www.ee.pw.edu.pl\/en\/wp-json\/wp\/v2\/comments?post=667"}],"version-history":[{"count":8,"href":"https:\/\/www.ee.pw.edu.pl\/en\/wp-json\/wp\/v2\/pages\/667\/revisions"}],"predecessor-version":[{"id":20789,"href":"https:\/\/www.ee.pw.edu.pl\/en\/wp-json\/wp\/v2\/pages\/667\/revisions\/20789"}],"up":[{"embeddable":true,"href":"https:\/\/www.ee.pw.edu.pl\/en\/wp-json\/wp\/v2\/pages\/650"}],"wp:attachment":[{"href":"https:\/\/www.ee.pw.edu.pl\/en\/wp-json\/wp\/v2\/media?parent=667"}],"curies":[{"name":"wp","href":"https:\/\/api.w.org\/{rel}","templated":true}]}}