{"id":650,"date":"2012-11-03T12:47:06","date_gmt":"2012-11-03T12:47:06","guid":{"rendered":"http:\/\/www.ee.pw.edu.pl\/?page_id=650"},"modified":"2025-12-11T12:14:31","modified_gmt":"2025-12-11T12:14:31","slug":"jednostki","status":"publish","type":"page","link":"https:\/\/www.ee.pw.edu.pl\/en\/about-us\/jednostki\/","title":{"rendered":"Organizational Units of Electrical Engineering Faculty"},"content":{"rendered":"<a href=\"https:\/\/www.ee.pw.edu.pl\/wp-content\/uploads\/2025\/02\/StrukturaOrganizacyjnaWydzialuElektrycznego2025.png\" target=\"_blank\" rel=\"noopener\"><img loading=\"lazy\" decoding=\"async\" class=\"aligncenter wp-image-18370\" src=\"https:\/\/www.ee.pw.edu.pl\/wp-content\/uploads\/2025\/02\/StrukturaOrganizacyjnaWydzialuElektrycznego2025-300x178.png\" alt=\"\" width=\"860\" height=\"511\" srcset=\"https:\/\/www.ee.pw.edu.pl\/wp-content\/uploads\/2025\/02\/StrukturaOrganizacyjnaWydzialuElektrycznego2025-300x178.png 300w, https:\/\/www.ee.pw.edu.pl\/wp-content\/uploads\/2025\/02\/StrukturaOrganizacyjnaWydzialuElektrycznego2025-1024x608.png 1024w, https:\/\/www.ee.pw.edu.pl\/wp-content\/uploads\/2025\/02\/StrukturaOrganizacyjnaWydzialuElektrycznego2025-768x456.png 768w, https:\/\/www.ee.pw.edu.pl\/wp-content\/uploads\/2025\/02\/StrukturaOrganizacyjnaWydzialuElektrycznego2025-1536x912.png 1536w, https:\/\/www.ee.pw.edu.pl\/wp-content\/uploads\/2025\/02\/StrukturaOrganizacyjnaWydzialuElektrycznego2025-2048x1216.png 2048w, https:\/\/www.ee.pw.edu.pl\/wp-content\/uploads\/2025\/02\/StrukturaOrganizacyjnaWydzialuElektrycznego2025-518x307.png 518w\" sizes=\"auto, (max-width: 860px) 100vw, 860px\" \/><\/a><\/p>\n<ul>\n<li>Rada Wydzia\u0142u<\/li>\n<li><a title=\"Dean\u2019s office\" href=\"http:\/\/www.ee.pw.edu.pl\/dziekanat\/\">Dziekanat<\/a><\/li>\n<li><a title=\"Power Engineering Institute\" href=\"http:\/\/www.ee.pw.edu.pl\/main\/jednostki\/instytut-elektroenergetyki\/\">Instytut Elektroenergetyki<\/a><\/li>\n<li><a title=\"Institute of Theory of Electrical Engineering, Measurement and Information Systems\" href=\"http:\/\/www.ee.pw.edu.pl\/main\/jednostki\/instytut-elektrotechniki-teoretycznej-i-systemow-informacyjno-pomiarowych\/\">Instytut Elektrotechniki Teoretycznej i System\u00f3w Informacyjno-Pomiarowych<\/a><\/li>\n<li><a title=\"Institute of Control and Industrial Electronics\" href=\"http:\/\/www.ee.pw.edu.pl\/main\/jednostki\/instytut-sterowania-i-elektroniki-przemyslowej\/\">Instytut Sterowania i Elektroniki Przemys\u0142owej<\/a><\/li>\n<li><a title=\"Dean\u2019s office\" href=\"http:\/\/www.ee.pw.edu.pl\/dziekanat\/\">Dzia\u0142 Administracyjno-Techniczny<\/a><\/li>\n<li><a title=\"Dziekanat\" href=\"http:\/\/www.ee.pw.edu.pl\/dziekanat\/\">Dzia\u0142 Ekonomiczno-Finansowy<\/a><\/li>\n<li><a title=\"Dziekanat\" href=\"http:\/\/www.ee.pw.edu.pl\/dziekanat\/\">Dzia\u0142 Techniczno-Inwestycyjny i Zam\u00f3wie\u0144 Publicznych<\/a><\/li>\n<\/ul>","protected":false},"excerpt":{"rendered":"<p>Rada Wydzia\u0142u Dziekanat Instytut Elektroenergetyki Instytut Elektrotechniki Teoretycznej i System\u00f3w Informacyjno-Pomiarowych Instytut Sterowania i Elektroniki Przemys\u0142owej Dzia\u0142 Administracyjno-Techniczny Dzia\u0142 Ekonomiczno-Finansowy Dzia\u0142 Techniczno-Inwestycyjny i Zam\u00f3wie\u0144 Publicznych<\/p>\n","protected":false},"author":1,"featured_media":0,"parent":271,"menu_order":0,"comment_status":"closed","ping_status":"closed","template":"page-fullwidth.php","meta":{"_monsterinsights_skip_tracking":false,"_monsterinsights_sitenote_active":false,"_monsterinsights_sitenote_note":"","_monsterinsights_sitenote_category":0,"ngg_post_thumbnail":0,"footnotes":""},"class_list":["post-650","page","type-page","status-publish","hentry"],"aioseo_notices":[],"_links":{"self":[{"href":"https:\/\/www.ee.pw.edu.pl\/en\/wp-json\/wp\/v2\/pages\/650","targetHints":{"allow":["GET"]}}],"collection":[{"href":"https:\/\/www.ee.pw.edu.pl\/en\/wp-json\/wp\/v2\/pages"}],"about":[{"href":"https:\/\/www.ee.pw.edu.pl\/en\/wp-json\/wp\/v2\/types\/page"}],"author":[{"embeddable":true,"href":"https:\/\/www.ee.pw.edu.pl\/en\/wp-json\/wp\/v2\/users\/1"}],"replies":[{"embeddable":true,"href":"https:\/\/www.ee.pw.edu.pl\/en\/wp-json\/wp\/v2\/comments?post=650"}],"version-history":[{"count":6,"href":"https:\/\/www.ee.pw.edu.pl\/en\/wp-json\/wp\/v2\/pages\/650\/revisions"}],"predecessor-version":[{"id":20561,"href":"https:\/\/www.ee.pw.edu.pl\/en\/wp-json\/wp\/v2\/pages\/650\/revisions\/20561"}],"up":[{"embeddable":true,"href":"https:\/\/www.ee.pw.edu.pl\/en\/wp-json\/wp\/v2\/pages\/271"}],"wp:attachment":[{"href":"https:\/\/www.ee.pw.edu.pl\/en\/wp-json\/wp\/v2\/media?parent=650"}],"curies":[{"name":"wp","href":"https:\/\/api.w.org\/{rel}","templated":true}]}}