{"id":556,"date":"2012-10-17T05:17:53","date_gmt":"2012-10-17T05:17:53","guid":{"rendered":"http:\/\/www.ee.pw.edu.pl\/?page_id=556"},"modified":"2021-01-27T19:24:53","modified_gmt":"2021-01-27T19:24:53","slug":"historia-wydzialu","status":"publish","type":"page","link":"https:\/\/www.ee.pw.edu.pl\/en\/about-us\/historia-wydzialu\/","title":{"rendered":"History of Faculty"},"content":{"rendered":"<p>Major dates in history of Faculty of Electrical Engineering on Warsaw University of Technology<\/p>\n<table width=\"100%\" border=\"0\">\n<tbody>\n<tr>\n<td width=\"93\"><\/td>\n<\/tr>\n<tr>\n<td valign=\"top\" width=\"93\"><strong>1825<\/strong><\/td>\n<td width=\"680\">\n<ul>\n<li>On the initiative of Stanislaw Staszic Polytechnical Council appointed to organize the Warsaw Polytechnic Institute in based on the Vienna model.<\/li>\n<\/ul>\n<\/td>\n<\/tr>\n<tr>\n<td valign=\"top\" width=\"93\"><strong>1826<\/strong><\/td>\n<td width=\"680\">\n<ul>\n<li>The opening of the Preparatory School of the Polytechnic Institute.<\/li>\n<\/ul>\n<\/td>\n<\/tr>\n<tr>\n<td valign=\"top\" width=\"93\"><strong>1830<\/strong><\/td>\n<td width=\"680\">\n<ul>\n<li>Opening of the Polytechnic Institute.<\/li>\n<li>After the November Uprising all universities in the Polish Kingdom were closed, including the 68 years old Polytechnic Institute<\/li>\n<\/ul>\n<\/td>\n<\/tr>\n<tr>\n<td valign=\"top\" width=\"93\"><strong>8 czerwca 1898<\/strong><\/td>\n<td width=\"680\">\n<ul>\n<li>Dekret o powo\u0142aniu Warszawskiego Instytutu Politechnicznego im. cara Miko\u0142aja II.<\/li>\n<li>Trzy pierwsze wydzia\u0142y Instytutu &#8211; Wydzia\u0142 Mechaniczny, In\u017cynieryjno-Budowlany i Chemiczny.<\/li>\n<li>Na Wydziale Mechanicznym powstaje\u00a0<strong>Katedra Elektrotechniczna<\/strong>prowadzona przez\u00a0<em>prof. Georgija Wulfa<\/em><\/li>\n<\/ul>\n<\/td>\n<\/tr>\n<tr>\n<td valign=\"top\" width=\"93\"><strong>15 listopada 1915<\/strong><\/td>\n<td width=\"680\">\n<ul>\n<li>Uroczysta inauguracja Politechniki Warszawskiej.<\/li>\n<li>Powstaj\u0105 4 wydzia\u0142y : In\u017cynierii Budowlanej i Rolnej, Chemiczny,\n<p><strong>Budowy Maszyn i Elektrotechniczny<\/strong>\u00a0oraz Architektoniczny.<\/li>\n<\/ul>\n<\/td>\n<\/tr>\n<tr>\n<td valign=\"top\" width=\"93\"><strong>14 czerwca 1921<\/strong><\/td>\n<td width=\"680\">\n<ul>\n<li>Nowy prawno-organizacyjny statut Politechniki Warszawskiej<\/li>\n<li>kierunek elektrotechniczny usamodzielnia si\u0119, daj\u0105c pocz\u0105tek<strong>Wydzia\u0142owi Elektrotechnicznemu<\/strong>. Od powy\u017cszej daty liczy si\u0119 istnienie wydzia\u0142u.<\/li>\n<\/ul>\n<\/td>\n<\/tr>\n<tr>\n<td valign=\"top\" width=\"93\"><strong>20 czerwca 1924<\/strong><\/td>\n<td width=\"680\">\n<ul>\n<li>Na wniosek Rady Wydzia\u0142u Elektrycznego Senat Politechniki nadaje pierwsze trzy stopnie doktora honoris causa. Promowani zostali trzej wybitni elektrotechnicy Polscy :\n<ul>\n<li><em>prof. Ignacy Mo\u015bcicki,<\/em><\/li>\n<li><em>in\u017c. Karol Pollak,\u00a0<\/em><\/li>\n<li><em>prof. Aleksander Rother.<\/em><\/li>\n<\/ul>\n<\/li>\n<\/ul>\n<\/td>\n<\/tr>\n<tr>\n<td valign=\"top\" width=\"93\"><strong>1924\/1925<\/strong><\/td>\n<td width=\"680\">\n<ul>\n<li>Wydzia\u0142 zmienia nazw\u0119 &#8211; na\u00a0<strong>Wydzia\u0142 Elektryczny Politechniki Warszawskiej<\/strong>.<\/li>\n<\/ul>\n<\/td>\n<\/tr>\n<tr>\n<td valign=\"top\" width=\"93\"><strong>1924<\/strong><\/td>\n<td width=\"680\">\n<ul>\n<li>Z inicjatywy\u00a0<em>prof. Kazimierza Drewnowskiego<\/em>\u00a0rozpocz\u0119to przygotowania do budowy\u00a0<strong>Gmachu Elektrotechniki<\/strong>.<\/li>\n<\/ul>\n<\/td>\n<\/tr>\n<tr>\n<td valign=\"top\" width=\"93\"><strong>1934<\/strong><\/td>\n<td width=\"680\">\n<ul>\n<li>Gmach uroczy\u015bcie otwarty. Przeniesienie z Gmachu Fizyki zak\u0142ad\u00f3w: Miernictwa Elektrycznego i Wysokich Napi\u0119\u0107, Radiotechniki oraz Teletechniki.<\/li>\n<\/ul>\n<\/td>\n<\/tr>\n<tr>\n<td valign=\"top\" width=\"93\"><strong>1939-1945<\/strong><\/td>\n<td width=\"680\">\n<ul>\n<li>Dzia\u0142alno\u015b\u0107 uczelni zabroniona.<\/li>\n<li>Dotychczasowy rektor Politechniki K. Drewnowski stal si\u0119 jej administratorem.<\/li>\n<li>Od wrze\u015bnia 1940 r. w cz\u0119\u015bci pomieszcze\u0144 odbywaj\u0105 si\u0119 zaj\u0119cia szk\u00f3\u0142 zawodowych II stopnia.<\/li>\n<li>W kwietniu 1942 r. powo\u0142ano na terenie Politechniki Pa\u0144stwow\u0105 Wy\u017csz\u0105 Szkole Techniczna. W jej sk\u0142ad wchodzi\u0142 Wydzia\u0142 Elektryczny.<\/li>\n<li>Obok legalnej dzia\u0142alno\u015bci pracownicy Politechniki prowadzili konspiracyjna dzia\u0142alno\u015b\u0107 dydaktyczna i naukowa.<\/li>\n<\/ul>\n<\/td>\n<\/tr>\n<tr>\n<td valign=\"top\" width=\"93\"><strong>12 kwietnia 1945\u00a0<\/strong><\/td>\n<td width=\"680\">\n<ul>\n<li>pierwsze posiedzenie Rady Wydzia\u0142u. Sytuacja tragiczna &#8211; zniszczony gmach, zdewastowane laboratoria, rozproszona kadra nauczaj\u0105ca. Najbole\u015bniejsze by\u0142y straty ludzkie.<\/li>\n<\/ul>\n<\/td>\n<\/tr>\n<tr>\n<td valign=\"top\" width=\"93\"><strong>wrzesie\u0144 1945<\/strong><\/td>\n<td width=\"680\">\n<ul>\n<li>Wznowienie zaj\u0119\u0107 w Warszawie.<\/li>\n<\/ul>\n<\/td>\n<\/tr>\n<tr>\n<td valign=\"top\" width=\"93\"><strong>1 pa\u017adziernik 1951<\/strong><\/td>\n<td width=\"680\">\n<ul>\n<li>Oddzielaj\u0105 si\u0119 oddzia\u0142y Telekomunikacji i Elektrotechniki Medycznej, tworz\u0105c Wydzia\u0142 \u0141\u0105czno\u015bci, kt\u00f3ry potem przekszta\u0142ci si\u0119 w Wydzia\u0142 Elektroniki i Technik Informacyjnych.<\/li>\n<\/ul>\n<\/td>\n<\/tr>\n<tr>\n<td valign=\"top\" width=\"93\"><strong>1970<\/strong><\/td>\n<td width=\"680\">\n<ul>\n<li>W miejsce katedr powstaj\u0105 wi\u0119ksze jednostki naukowo-dydaktyczne &#8211;\u00a0<strong>instytuty<\/strong>.<\/li>\n<\/ul>\n<\/td>\n<\/tr>\n<\/tbody>\n<\/table>\n<table width=\"70%\">\n<tbody>\n<tr>\n<td>Na podstawie :<strong>\u00a0 Zarys historii Wydzia\u0142u Elektrycznego 1921-1981.\u00a0 Materia\u0142y sympozjum listopad 1981.<\/strong>\u00a0Wydawnictwa Politechniki Warszawskiej, Warszawa 1983.<\/td>\n<\/tr>\n<\/tbody>\n<\/table>","protected":false},"excerpt":{"rendered":"<p>Major dates in history of Faculty of Electrical Engineering on Warsaw University of Technology 1825 On the initiative of Stanislaw Staszic Polytechnical Council appointed to organize the Warsaw Polytechnic Institute in based on the Vienna model. 1826 The opening of the Preparatory School of the Polytechnic Institute. 1830 Opening of the Polytechnic Institute. After the November Uprising all universities in the Polish Kingdom were closed, including the 68 years old Polytechnic Institute 8 czerwca 1898 Dekret o powo\u0142aniu Warszawskiego Instytutu Politechnicznego im. cara Miko\u0142aja II. Trzy pierwsze wydzia\u0142y Instytutu &#8211; Wydzia\u0142 Mechaniczny, In\u017cynieryjno-Budowlany i Chemiczny. Na Wydziale Mechanicznym powstaje\u00a0Katedra Elektrotechnicznaprowadzona&nbsp;<a href=\"https:\/\/www.ee.pw.edu.pl\/en\/about-us\/historia-wydzialu\/\" class=\"read-more\">Continue Reading<\/a><\/p>\n","protected":false},"author":1,"featured_media":0,"parent":271,"menu_order":0,"comment_status":"closed","ping_status":"closed","template":"page-fullwidth.php","meta":{"_monsterinsights_skip_tracking":false,"_monsterinsights_sitenote_active":false,"_monsterinsights_sitenote_note":"","_monsterinsights_sitenote_category":0,"ngg_post_thumbnail":0,"footnotes":""},"class_list":["post-556","page","type-page","status-publish","hentry"],"aioseo_notices":[],"_links":{"self":[{"href":"https:\/\/www.ee.pw.edu.pl\/en\/wp-json\/wp\/v2\/pages\/556","targetHints":{"allow":["GET"]}}],"collection":[{"href":"https:\/\/www.ee.pw.edu.pl\/en\/wp-json\/wp\/v2\/pages"}],"about":[{"href":"https:\/\/www.ee.pw.edu.pl\/en\/wp-json\/wp\/v2\/types\/page"}],"author":[{"embeddable":true,"href":"https:\/\/www.ee.pw.edu.pl\/en\/wp-json\/wp\/v2\/users\/1"}],"replies":[{"embeddable":true,"href":"https:\/\/www.ee.pw.edu.pl\/en\/wp-json\/wp\/v2\/comments?post=556"}],"version-history":[{"count":1,"href":"https:\/\/www.ee.pw.edu.pl\/en\/wp-json\/wp\/v2\/pages\/556\/revisions"}],"predecessor-version":[{"id":8237,"href":"https:\/\/www.ee.pw.edu.pl\/en\/wp-json\/wp\/v2\/pages\/556\/revisions\/8237"}],"up":[{"embeddable":true,"href":"https:\/\/www.ee.pw.edu.pl\/en\/wp-json\/wp\/v2\/pages\/271"}],"wp:attachment":[{"href":"https:\/\/www.ee.pw.edu.pl\/en\/wp-json\/wp\/v2\/media?parent=556"}],"curies":[{"name":"wp","href":"https:\/\/api.w.org\/{rel}","templated":true}]}}