{"id":1930,"date":"2013-11-17T13:31:00","date_gmt":"2013-11-17T13:31:00","guid":{"rendered":"http:\/\/www.ee.pw.edu.pl\/?page_id=1930"},"modified":"2013-11-19T14:01:07","modified_gmt":"2013-11-19T14:01:07","slug":"procedury","status":"publish","type":"page","link":"https:\/\/www.ee.pw.edu.pl\/en\/about-us\/polityka-jakosci\/wydzialowy-system-zapewnienia-jakosci-ksztalcenia\/procedury\/","title":{"rendered":"Procedury"},"content":{"rendered":"<p>Wykaz procedur wydzia\u0142owych:<\/p>\n<ul>\n<li>zatwierdzanie program\u00f3w i efekt\u00f3w kszta\u0142cenia,<\/li>\n<li>realizacji procesu kszta\u0142cenia,<\/li>\n<li>monitorowania procesu dydaktycznego,<\/li>\n<li>monitorowania osi\u0105ganych efekt\u00f3w kszta\u0142cenia,<\/li>\n<li>rekrutacji kandydat\u00f3w na studia i odwo\u0142awcza,<\/li>\n<li>przyj\u0119cia na studia,<\/li>\n<li>ewidencji student\u00f3w,<\/li>\n<li>dokumentacji przebieg\u00f3w studi\u00f3w,<\/li>\n<li>wymiany mi\u0119dzynarodowej,<\/li>\n<li>studi\u00f3w w j\u0119zyku angielskim,<\/li>\n<li>studi\u00f3w doktoranckie,<\/li>\n<li>monitorowania zgodno\u015bci kierunk\u00f3w bada\u0144 naukowych z deklarowanymi efektami kszta\u0142cenia,<\/li>\n<li>monitorowania rozwoju infrastruktury dydaktyczno-badawczej,<\/li>\n<li>obs\u0142ugi wspierania student\u00f3w i doktorant\u00f3w, w szczeg\u00f3lno\u015bci funduszu pomocy materialnej,<\/li>\n<li>obs\u0142ugi organizacji studenckich,<\/li>\n<li>wyr\u00f3\u017cniania student\u00f3w i doktorant\u00f3w,<\/li>\n<li>zapobiegania zjawiskom patologicznym,<\/li>\n<li>zwi\u0105zana z op\u0142atami za studia,<\/li>\n<li>odwo\u0142awcza od indywidualnych decyzji w sprawie student\u00f3w, doktorant\u00f3w i uczestnik\u00f3w studi\u00f3w podyplomowych,<\/li>\n<li>dotycz\u0105ca studi\u00f3w podyplomowych,<\/li>\n<li>w zakresie kurs\u00f3w i innych form kszta\u0142cenia,<\/li>\n<li>osi\u0105gania efekt\u00f3w kszta\u0142cenia,<\/li>\n<li>monitorowania zapewnienia minim\u00f3w kadrowych,<\/li>\n<li>monitorowania rozwoju infrastruktury dydaktyczno-badawczej,<\/li>\n<li>dost\u0119pno\u015bci program\u00f3w kszta\u0142cenia i infrastruktury dla niepe\u0142nosprawnych,<\/li>\n<li>monitorowania los\u00f3w absolwent\u00f3w,<\/li>\n<li>badania kandydat\u00f3w na studia,<\/li>\n<li>audytu wewn\u0119trznego na wydziale.<\/li>\n<\/ul>\n<p><\/p>","protected":false},"excerpt":{"rendered":"<p>Wykaz procedur wydzia\u0142owych: zatwierdzanie program\u00f3w i efekt\u00f3w kszta\u0142cenia, realizacji procesu kszta\u0142cenia, monitorowania procesu dydaktycznego, monitorowania osi\u0105ganych efekt\u00f3w kszta\u0142cenia, rekrutacji kandydat\u00f3w na studia i odwo\u0142awcza, przyj\u0119cia na studia, ewidencji student\u00f3w, dokumentacji przebieg\u00f3w studi\u00f3w, wymiany mi\u0119dzynarodowej, studi\u00f3w w j\u0119zyku angielskim, studi\u00f3w doktoranckie, monitorowania zgodno\u015bci kierunk\u00f3w bada\u0144 naukowych z deklarowanymi efektami kszta\u0142cenia, monitorowania rozwoju infrastruktury dydaktyczno-badawczej, obs\u0142ugi wspierania student\u00f3w i doktorant\u00f3w, w szczeg\u00f3lno\u015bci funduszu pomocy materialnej, obs\u0142ugi organizacji studenckich, wyr\u00f3\u017cniania student\u00f3w i doktorant\u00f3w, zapobiegania zjawiskom patologicznym, zwi\u0105zana z op\u0142atami za studia, odwo\u0142awcza od indywidualnych decyzji w sprawie student\u00f3w, doktorant\u00f3w i uczestnik\u00f3w studi\u00f3w podyplomowych, dotycz\u0105ca studi\u00f3w podyplomowych, w zakresie kurs\u00f3w i innych form kszta\u0142cenia,&nbsp;<a href=\"https:\/\/www.ee.pw.edu.pl\/en\/about-us\/polityka-jakosci\/wydzialowy-system-zapewnienia-jakosci-ksztalcenia\/procedury\/\" class=\"read-more\">Continue Reading<\/a><\/p>\n","protected":false},"author":3,"featured_media":0,"parent":1928,"menu_order":0,"comment_status":"closed","ping_status":"closed","template":"","meta":{"_monsterinsights_skip_tracking":false,"_monsterinsights_sitenote_active":false,"_monsterinsights_sitenote_note":"","_monsterinsights_sitenote_category":0,"ngg_post_thumbnail":0,"footnotes":""},"class_list":["post-1930","page","type-page","status-publish","hentry"],"aioseo_notices":[],"_links":{"self":[{"href":"https:\/\/www.ee.pw.edu.pl\/en\/wp-json\/wp\/v2\/pages\/1930","targetHints":{"allow":["GET"]}}],"collection":[{"href":"https:\/\/www.ee.pw.edu.pl\/en\/wp-json\/wp\/v2\/pages"}],"about":[{"href":"https:\/\/www.ee.pw.edu.pl\/en\/wp-json\/wp\/v2\/types\/page"}],"author":[{"embeddable":true,"href":"https:\/\/www.ee.pw.edu.pl\/en\/wp-json\/wp\/v2\/users\/3"}],"replies":[{"embeddable":true,"href":"https:\/\/www.ee.pw.edu.pl\/en\/wp-json\/wp\/v2\/comments?post=1930"}],"version-history":[{"count":0,"href":"https:\/\/www.ee.pw.edu.pl\/en\/wp-json\/wp\/v2\/pages\/1930\/revisions"}],"up":[{"embeddable":true,"href":"https:\/\/www.ee.pw.edu.pl\/en\/wp-json\/wp\/v2\/pages\/1928"}],"wp:attachment":[{"href":"https:\/\/www.ee.pw.edu.pl\/en\/wp-json\/wp\/v2\/media?parent=1930"}],"curies":[{"name":"wp","href":"https:\/\/api.w.org\/{rel}","templated":true}]}}