{"id":16142,"date":"2024-06-24T07:08:53","date_gmt":"2024-06-24T07:08:53","guid":{"rendered":"https:\/\/www.ee.pw.edu.pl\/?page_id=16142"},"modified":"2024-06-24T07:12:33","modified_gmt":"2024-06-24T07:12:33","slug":"swieto-wydzialu-elektrycznego-2024-galeria-zdjec-glowne-uroczystosci","status":"publish","type":"page","link":"https:\/\/www.ee.pw.edu.pl\/en\/swieto-wydzialu-elektrycznego-2024-galeria-zdjec-glowne-uroczystosci\/","title":{"rendered":"\u015awi\u0119to Wydzia\u0142u Elektrycznego 2024 &#8211; Galeria zdj\u0119\u0107 &#8211; G\u0142\u00f3wne Uroczysto\u015bci"},"content":{"rendered":"ngg_shortcode_1_placeholder","protected":false},"excerpt":{"rendered":"","protected":false},"author":12,"featured_media":16145,"parent":0,"menu_order":0,"comment_status":"closed","ping_status":"closed","template":"","meta":{"_monsterinsights_skip_tracking":false,"_monsterinsights_sitenote_active":false,"_monsterinsights_sitenote_note":"","_monsterinsights_sitenote_category":0,"ngg_post_thumbnail":0,"footnotes":""},"class_list":["post-16142","page","type-page","status-publish","has-post-thumbnail","hentry"],"aioseo_notices":[],"_links":{"self":[{"href":"https:\/\/www.ee.pw.edu.pl\/en\/wp-json\/wp\/v2\/pages\/16142","targetHints":{"allow":["GET"]}}],"collection":[{"href":"https:\/\/www.ee.pw.edu.pl\/en\/wp-json\/wp\/v2\/pages"}],"about":[{"href":"https:\/\/www.ee.pw.edu.pl\/en\/wp-json\/wp\/v2\/types\/page"}],"author":[{"embeddable":true,"href":"https:\/\/www.ee.pw.edu.pl\/en\/wp-json\/wp\/v2\/users\/12"}],"replies":[{"embeddable":true,"href":"https:\/\/www.ee.pw.edu.pl\/en\/wp-json\/wp\/v2\/comments?post=16142"}],"version-history":[{"count":2,"href":"https:\/\/www.ee.pw.edu.pl\/en\/wp-json\/wp\/v2\/pages\/16142\/revisions"}],"predecessor-version":[{"id":16146,"href":"https:\/\/www.ee.pw.edu.pl\/en\/wp-json\/wp\/v2\/pages\/16142\/revisions\/16146"}],"wp:featuredmedia":[{"embeddable":true,"href":"https:\/\/www.ee.pw.edu.pl\/en\/wp-json\/wp\/v2\/media\/16145"}],"wp:attachment":[{"href":"https:\/\/www.ee.pw.edu.pl\/en\/wp-json\/wp\/v2\/media?parent=16142"}],"curies":[{"name":"wp","href":"https:\/\/api.w.org\/{rel}","templated":true}]}}