{"id":14,"date":"2011-07-14T19:47:05","date_gmt":"2011-07-14T19:47:05","guid":{"rendered":"http:\/\/www.ee.pw.edu.pl\/?page_id=14"},"modified":"2025-11-18T14:42:33","modified_gmt":"2025-11-18T14:42:33","slug":"kontakt","status":"publish","type":"page","link":"https:\/\/www.ee.pw.edu.pl\/en\/kontakt\/","title":{"rendered":"Kontakt"},"content":{"rendered":"<div class=\"grid_10 \"><h2><span class=\"ez-toc-section\" id=\"Informacje_kontaktowe\"><\/span>Informacje kontaktowe<span class=\"ez-toc-section-end\"><\/span><\/h2>\n<p>Politechnika Warszawska &#8211; Wydzia\u0142 Elektryczny<br \/>\nPl. Politechniki 1,\u00a000-661 Warszawa<\/p>\n<p><strong><a href=\"https:\/\/www.ee.pw.edu.pl\/about-us\/dziekanat\/#Biuro_Dziekana_i_Prodziekana_ds_nauki_i_wspolpracy_miedzynarodowej\" target=\"_blank\" rel=\"noopener noreferrer\">Sekretariat Dziekana Wydzia\u0142u<\/a><br \/>\n<\/strong>Gmach G\u0142\u00f3wny, pok\u00f3j nr 214<br \/>\ntel.: +48 22 234-72-17 lub +48 22 234-51-60<br \/>\nfax. +48 22 625-75-24<br \/>\ne-mail: &#x62;&#x69;&#117;ro&#x2e;&#x64;&#122;&#105;e&#x6b;&#x61;&#110;&#97;&#46;&#x65;&#x65;&#x40;&#112;w&#46;&#x65;&#x64;&#117;&#46;p&#x6c;<\/p>\n<p><strong><a href=\"https:\/\/www.ee.pw.edu.pl\/about-us\/dziekanat\/#Sekcja_ds_studiow\" target=\"_blank\" rel=\"noopener noreferrer\">Dziekanat ds. Studi\u00f3w<\/a><br \/>\n<\/strong>Gmach G\u0142\u00f3wny, pok\u00f3j nr 130 &#8211; 133<br \/>\n<a href=\"http:\/\/www.ee.pw.edu.pl\/about-us\/dziekanat\/\">Godziny otwarcia i kontakt\u00a0<\/a><br \/>\nStudent\u00f3w Wydzia\u0142u prosimy o kontakt przez system poda\u0144 elektronicznych dost\u0119pnych w <a href=\"https:\/\/isod.ee.pw.edu.pl\">internetowym systemie obs\u0142ugi dziekanatu<\/a><\/p>\n<p><strong>Study in English:<br \/>\n<\/strong>tel.: +48 22 234-7208<br \/>\ne-mail: iz&#97;&#98;&#101;&#108;&#x61;&#x2e;&#x70;&#x69;&#x65;tr&#122;&#97;&#107;&#49;&#x40;&#x70;&#x77;&#x2e;&#x65;du&#46;&#112;&#108;<\/p>\n<p><strong><a href=\"https:\/\/www.ee.pw.edu.pl\/about-us\/dziekanat\/#Sekcja_ds_studenckich\" target=\"_blank\" rel=\"noopener noreferrer\">Sprawy socjalne<\/a>:<br \/>\n<\/strong>tel.: +48 22 234-7883, +48 22 234 5475<\/p>\n<p><strong>Rekrutacja:<br \/>\n<\/strong>e-mail: &#114;e&#107;r&#117;t&#x61;c&#x6a;a&#x2e;e&#x65;&#64;&#x70;w&#x2e;e&#x64;u&#x2e;p&#x6c;<\/p>\n<p><strong>ERASMUS:<br \/>\n<\/strong>tel.: +48 22 234-1781<br \/>\ne-mail: &#122;&#x75;z&#97;&#x6e;n&#97;&#x2e;g&#111;&#x64;l&#101;&#x77;&#115;&#x6b;&#x61;&#64;&#x70;&#x77;&#46;&#x65;d&#117;&#x2e;p&#108;<\/p>\n<p><strong><a href=\"https:\/\/www.ee.pw.edu.pl\/about-us\/administracja\/#Dzial_Techniczno-Inwestycyjny_i_Zamowien_Publicznych\" target=\"_blank\" rel=\"noopener noreferrer\">Dzia\u0142 zam\u00f3wie\u0144 publicznych<\/a><br \/>\n<\/strong>tel.: +48 22 234-5514<br \/>\nfax. +48 22 234-5688<br \/>\ne-mail: &#122;&#x61;&#x6d;o&#119;&#x69;e&#110;&#x69;&#x61;&#46;&#x70;&#x75;b&#108;&#x69;c&#122;&#x6e;&#x65;&#46;&#x65;&#x65;&#64;&#112;&#x77;&#46;&#101;&#x64;&#x75;&#46;&#x70;&#x6c;<\/p>\n<p><strong>Lokalny O\u015brodek Projekt\u00f3w &#8220;LOP Elektryczny&#8221;:<br \/>\n<\/strong>tel.: +48 22 234-7960<br \/>\ne-mail: &#x6b;&#x6c;&#97;u&#x64;&#x69;&#x61;&#46;p&#x61;&#x6e;&#x61;&#98;a&#x7a;&#x79;&#x73;&#64;p&#x77;&#x2e;&#x65;&#100;u&#x2e;&#x70;&#x6c;<\/p>\n<p><strong>Promocja Wydzia\u0142u Elektrycznego<\/strong><br \/>\ne-mail: &#x7a;&#117;&#122;a&#x6e;&#x6e;&#97;&#46;&#x67;&#x6f;&#100;l&#x65;&#x77;&#115;k&#x61;&#x40;&#112;w&#x2e;&#x65;&#100;u&#x2e;&#x70;&#108;<\/p>\n<p><strong>Wydzia\u0142 Elektryczny w mediach spo\u0142eczno\u015bciowych:<br \/>\n<\/strong><\/p>\n<dl>\n<dt><strong>Facebook<\/strong> <a href=\"https:\/\/www.facebook.com\/elektryczny.pw\/\" target=\"_blank\" rel=\"noopener noreferrer\">https:\/\/www.facebook.com\/elektryczny.pw\/<\/a><\/dt>\n<dt><strong>LinkedIn<\/strong> <a href=\"https:\/\/www.linkedin.com\/school\/we-pw\/\" target=\"_blank\" rel=\"noopener noreferrer\">https:\/\/www.linkedin.com\/school\/we-pw\/<\/a><\/dt>\n<dt><strong>YouTube<\/strong> <a href=\"https:\/\/www.youtube.com\/@wydziaelektrycznypolitechn6189\" target=\"_blank\" rel=\"noopener\">https:\/\/www.youtube.com\/@wydziaelektrycznypolitechn6189<\/a><\/dt>\n<\/dl>\n<p>&nbsp;<\/p>\n<p><strong>Mapa Kampusu PW &#8211; Budynki Wydzia\u0142u Elektrycznego<\/strong><br \/>\n<a href=\"http:\/\/www.ee.pw.edu.pl\/wp-content\/uploads\/2019\/10\/Plan_Kampusu_PW_Wydzial_Elektryczny.jpg\" target=\"_blank\" rel=\"noopener noreferrer\">Mapa &gt;&gt;<\/a><\/p>\n<p><small><a style=\"color: #0000ff;text-align: left\" href=\"https:\/\/maps.google.pl\/maps?f=q&amp;source=embed&amp;hl=pl&amp;geocode=&amp;q=Politechnika+Warszawska,+Plac+Politechniki+1,+Warszawa,+Polska&amp;aq=0&amp;oq=pol&amp;sll=52.24755,21.193789&amp;sspn=5.382376,8.822021&amp;t=m&amp;ie=UTF8&amp;hq=Politechnika+Warszawska,+Plac+Politechniki+1,+Warszawa,+Polska&amp;ll=52.220354,21.010515&amp;spn=0.013671,0.032015\">Wy\u015bwietl wi\u0119ksz\u0105 map\u0119<\/a><\/small><\/p>\n<h2><\/div><\/h2>\n<div class=\"grid_6 \"><h2><span class=\"ez-toc-section\" id=\"Formularz_kontaktowy\"><\/span>Formularz kontaktowy<span class=\"ez-toc-section-end\"><\/span><\/h2>\n\n<div class=\"wpcf7 no-js\" id=\"wpcf7-f208-o2\" lang=\"en-US\" dir=\"ltr\" data-wpcf7-id=\"208\">\n<div class=\"screen-reader-response\"><p role=\"status\" aria-live=\"polite\" aria-atomic=\"true\"><\/p> <ul><\/ul><\/div>\n<form action=\"\/en\/wp-json\/wp\/v2\/pages\/14#wpcf7-f208-o2\" method=\"post\" class=\"wpcf7-form init\" aria-label=\"Contact form\" novalidate=\"novalidate\" data-status=\"init\">\n<fieldset class=\"hidden-fields-container\"><input type=\"hidden\" name=\"_wpcf7\" value=\"208\" \/><input type=\"hidden\" name=\"_wpcf7_version\" value=\"6.1.4\" \/><input type=\"hidden\" name=\"_wpcf7_locale\" value=\"en_US\" \/><input type=\"hidden\" name=\"_wpcf7_unit_tag\" value=\"wpcf7-f208-o2\" \/><input type=\"hidden\" name=\"_wpcf7_container_post\" value=\"0\" \/><input type=\"hidden\" name=\"_wpcf7_posted_data_hash\" value=\"\" \/><input type=\"hidden\" name=\"_wpcf7_recaptcha_response\" value=\"\" \/>\n<\/fieldset>\n<p class=\"field\"><label>Imi\u0119 i nazwisko: <small>*<\/small><\/label><span class=\"wpcf7-form-control-wrap\" data-name=\"your-name\"><input size=\"40\" maxlength=\"400\" class=\"wpcf7-form-control wpcf7-text wpcf7-validates-as-required\" aria-required=\"true\" aria-invalid=\"false\" value=\"\" type=\"text\" name=\"your-name\" \/><\/span>\n<\/p>\n<p class=\"field\"><label>E-mail: <small>*<\/small><\/label><span class=\"wpcf7-form-control-wrap\" data-name=\"your-email\"><input size=\"40\" maxlength=\"400\" class=\"wpcf7-form-control wpcf7-email wpcf7-validates-as-required wpcf7-text wpcf7-validates-as-email\" aria-required=\"true\" aria-invalid=\"false\" value=\"\" type=\"email\" name=\"your-email\" \/><\/span>\n<\/p>\n<p class=\"field\"><label>Telefon:<\/label><span class=\"wpcf7-form-control-wrap\" data-name=\"your-phone\"><input size=\"40\" maxlength=\"400\" class=\"wpcf7-form-control wpcf7-text\" aria-invalid=\"false\" value=\"\" type=\"text\" name=\"your-phone\" \/><\/span>\n<\/p>\n<p class=\"field\"><label>Wiadomo\u015b\u0107:<\/label><span class=\"wpcf7-form-control-wrap\" data-name=\"your-message\"><textarea cols=\"40\" rows=\"10\" maxlength=\"2000\" class=\"wpcf7-form-control wpcf7-textarea\" aria-invalid=\"false\" name=\"your-message\"><\/textarea><\/span>\n<\/p>\n<p class=\"field\">\n\n<\/p>\n<p style=\"padding-top: 1em\" class=\"submit-wrap\"><input type=\"reset\" value=\"wyczy\u015b\u0107\" \/><input class=\"wpcf7-form-control wpcf7-submit has-spinner\" type=\"submit\" value=\"wy\u015blij\" \/>\n<\/p><div class=\"wpcf7-response-output\" aria-hidden=\"true\"><\/div>\n<\/form>\n<\/div>\n<\/div>\n<div class=\"clear\"><\/div>","protected":false},"excerpt":{"rendered":"","protected":false},"author":1,"featured_media":0,"parent":0,"menu_order":4,"comment_status":"closed","ping_status":"closed","template":"page-fullwidth.php","meta":{"_monsterinsights_skip_tracking":false,"_monsterinsights_sitenote_active":false,"_monsterinsights_sitenote_note":"","_monsterinsights_sitenote_category":0,"ngg_post_thumbnail":0,"footnotes":""},"class_list":["post-14","page","type-page","status-publish","hentry"],"aioseo_notices":[],"_links":{"self":[{"href":"https:\/\/www.ee.pw.edu.pl\/en\/wp-json\/wp\/v2\/pages\/14","targetHints":{"allow":["GET"]}}],"collection":[{"href":"https:\/\/www.ee.pw.edu.pl\/en\/wp-json\/wp\/v2\/pages"}],"about":[{"href":"https:\/\/www.ee.pw.edu.pl\/en\/wp-json\/wp\/v2\/types\/page"}],"author":[{"embeddable":true,"href":"https:\/\/www.ee.pw.edu.pl\/en\/wp-json\/wp\/v2\/users\/1"}],"replies":[{"embeddable":true,"href":"https:\/\/www.ee.pw.edu.pl\/en\/wp-json\/wp\/v2\/comments?post=14"}],"version-history":[{"count":22,"href":"https:\/\/www.ee.pw.edu.pl\/en\/wp-json\/wp\/v2\/pages\/14\/revisions"}],"predecessor-version":[{"id":20448,"href":"https:\/\/www.ee.pw.edu.pl\/en\/wp-json\/wp\/v2\/pages\/14\/revisions\/20448"}],"wp:attachment":[{"href":"https:\/\/www.ee.pw.edu.pl\/en\/wp-json\/wp\/v2\/media?parent=14"}],"curies":[{"name":"wp","href":"https:\/\/api.w.org\/{rel}","templated":true}]}}