{"id":12996,"date":"2023-02-28T11:38:33","date_gmt":"2023-02-28T11:38:33","guid":{"rendered":"https:\/\/www.ee.pw.edu.pl\/?page_id=12996"},"modified":"2023-02-28T11:43:59","modified_gmt":"2023-02-28T11:43:59","slug":"instrukcja-bezpieczenstwa-pozarowego-gmach-pod-kominem","status":"publish","type":"page","link":"https:\/\/www.ee.pw.edu.pl\/en\/zasoby\/bhp-i-ochrona-przeciwpozarowa\/instrukcja-bezpieczenstwa-pozarowego-gmach-pod-kominem\/","title":{"rendered":"Instrukcja Bezpiecze\u0144stwa Po\u017carowego &#8211; Gmach Pod Kominem"},"content":{"rendered":"<p>Instrukcja Bezpiecze\u0144stwa Po\u017carowego dla Gmachu Pod Kominem<\/p>\r\n\r\n\r\n\r\n<div data-wp-interactive=\"core\/file\" class=\"wp-block-file\"><object data-wp-bind--hidden=\"!state.hasPdfPreview\" hidden class=\"wp-block-file__embed\" data=\"https:\/\/www.ee.pw.edu.pl\/wp-content\/uploads\/2023\/02\/IBP-Pod-Kominem-2020.pdf\" type=\"application\/pdf\" style=\"width:100%;height:600px\" aria-label=\"Embed of Osadzone z IBP Pod Kominem 2020..\"><\/object><a id=\"wp-block-file--media-2cac9b23-29c6-4aa9-ad32-683ca2be8ff1\" href=\"https:\/\/www.ee.pw.edu.pl\/wp-content\/uploads\/2023\/02\/IBP-Pod-Kominem-2020.pdf\" target=\"_blank\" rel=\"noreferrer noopener\">IBP Pod Kominem 2020<\/a><a href=\"https:\/\/www.ee.pw.edu.pl\/wp-content\/uploads\/2023\/02\/IBP-Pod-Kominem-2020.pdf\" class=\"wp-block-file__button\" download aria-describedby=\"wp-block-file--media-2cac9b23-29c6-4aa9-ad32-683ca2be8ff1\">Pobierz<\/a><\/div>\r\n\r\n\r\n\r\n<div class=\"wp-block-file\"><a id=\"wp-block-file--media-41165e13-7f80-4dae-9cd8-11efbee2e7d1\" href=\"https:\/\/www.ee.pw.edu.pl\/wp-content\/uploads\/2023\/02\/DP-rys.1-scaled.jpg\">DP &#8211; rys.1<\/a><a href=\"https:\/\/www.ee.pw.edu.pl\/wp-content\/uploads\/2023\/02\/DP-rys.1-scaled.jpg\" class=\"wp-block-file__button\" download aria-describedby=\"wp-block-file--media-41165e13-7f80-4dae-9cd8-11efbee2e7d1\">Pobierz<\/a><\/div>\r\n\r\n\r\n\r\n<div class=\"wp-block-file\"><a id=\"wp-block-file--media-44b55e46-ade3-4221-bc33-61c55eca60a2\" href=\"https:\/\/www.ee.pw.edu.pl\/wp-content\/uploads\/2023\/02\/Parter-rys.2-scaled.jpg\">Parter &#8211; rys.2<\/a><a href=\"https:\/\/www.ee.pw.edu.pl\/wp-content\/uploads\/2023\/02\/Parter-rys.2-scaled.jpg\" class=\"wp-block-file__button\" download aria-describedby=\"wp-block-file--media-44b55e46-ade3-4221-bc33-61c55eca60a2\">Pobierz<\/a><\/div>","protected":false},"excerpt":{"rendered":"<p>Instrukcja Bezpiecze\u0144stwa Po\u017carowego dla Gmachu Pod Kominem<\/p>\n","protected":false},"author":12,"featured_media":12946,"parent":12881,"menu_order":0,"comment_status":"closed","ping_status":"closed","template":"","meta":{"_monsterinsights_skip_tracking":false,"_monsterinsights_sitenote_active":false,"_monsterinsights_sitenote_note":"","_monsterinsights_sitenote_category":0,"ngg_post_thumbnail":0,"footnotes":""},"class_list":["post-12996","page","type-page","status-publish","has-post-thumbnail","hentry"],"aioseo_notices":[],"_links":{"self":[{"href":"https:\/\/www.ee.pw.edu.pl\/en\/wp-json\/wp\/v2\/pages\/12996","targetHints":{"allow":["GET"]}}],"collection":[{"href":"https:\/\/www.ee.pw.edu.pl\/en\/wp-json\/wp\/v2\/pages"}],"about":[{"href":"https:\/\/www.ee.pw.edu.pl\/en\/wp-json\/wp\/v2\/types\/page"}],"author":[{"embeddable":true,"href":"https:\/\/www.ee.pw.edu.pl\/en\/wp-json\/wp\/v2\/users\/12"}],"replies":[{"embeddable":true,"href":"https:\/\/www.ee.pw.edu.pl\/en\/wp-json\/wp\/v2\/comments?post=12996"}],"version-history":[{"count":3,"href":"https:\/\/www.ee.pw.edu.pl\/en\/wp-json\/wp\/v2\/pages\/12996\/revisions"}],"predecessor-version":[{"id":13007,"href":"https:\/\/www.ee.pw.edu.pl\/en\/wp-json\/wp\/v2\/pages\/12996\/revisions\/13007"}],"up":[{"embeddable":true,"href":"https:\/\/www.ee.pw.edu.pl\/en\/wp-json\/wp\/v2\/pages\/12881"}],"wp:featuredmedia":[{"embeddable":true,"href":"https:\/\/www.ee.pw.edu.pl\/en\/wp-json\/wp\/v2\/media\/12946"}],"wp:attachment":[{"href":"https:\/\/www.ee.pw.edu.pl\/en\/wp-json\/wp\/v2\/media?parent=12996"}],"curies":[{"name":"wp","href":"https:\/\/api.w.org\/{rel}","templated":true}]}}