{"id":1295,"date":"2013-01-23T08:42:23","date_gmt":"2013-01-23T08:42:23","guid":{"rendered":"http:\/\/www.ee.pw.edu.pl\/?page_id=1295"},"modified":"2026-02-04T08:35:58","modified_gmt":"2026-02-04T08:35:58","slug":"studencka-wymiana-miedzynarodowa","status":"publish","type":"page","link":"https:\/\/www.ee.pw.edu.pl\/en\/studencka-wymiana-miedzynarodowa\/","title":{"rendered":"International Students"},"content":{"rendered":"<h1><span class=\"ez-toc-section\" id=\"Full-time_Studies\"><\/span>Full-time Studies<span class=\"ez-toc-section-end\"><\/span><\/h1>\n<h3><span class=\"ez-toc-section\" id=\"Faculty_of_Electrical_Engineering_offers_the_following_programmes_of_full-time_studies_conducted_in_English\"><\/span>Faculty of Electrical Engineering offers the following programmes of full-time studies conducted in English:&nbsp;<span class=\"ez-toc-section-end\"><\/span><\/h3>\n<ul>\n<li>Bachelor of Science in Engineering &#8211; 4-years&nbsp;undergraduate programme in the area of Electrical Engineering<\/li>\n<li>Master of Science in Engineering &#8211; 1,5-years graduate programme in the area of Electrical Engineering<\/li>\n<\/ul>\n<p><strong><a href=\"http:\/\/www.ee.pw.edu.pl\/studia\/kierunki-studiow\/electrical-engineering-elektrotechnika-w-jez-angielskim\/\" target=\"_blank\" rel=\"noopener noreferrer\">Link to Electrical Engineering in English programme sites\u00bb<\/a><\/strong><\/p>\n<h3><span class=\"ez-toc-section\" id=\"More_information_for_candidates_interested_in_full_time_studies_youll_find_under_the_following_links\"><\/span>More information for candidates interested in full time studies you&#8217;ll find under the following links:<span class=\"ez-toc-section-end\"><\/span><\/h3>\n<ul>\n<li><a href=\"http:\/\/www.ee.pw.edu.pl\/studia\/rekrutacja\/\" target=\"_blank\" rel=\"noopener noreferrer\">International Students enrollment\u00bb<\/a><\/li>\n<li><a href=\"https:\/\/www.students.pw.edu.pl\/Studies-Offer\" target=\"_blank\" rel=\"noopener noreferrer\">Warsaw University of Technology offer of studies in English\u00bb<\/a><\/li>\n<li><a href=\"https:\/\/www.students.pw.edu.pl\/index.php\/How-to-Apply\" target=\"_blank\" rel=\"noopener noreferrer\">How to apply\u00bb<\/a><\/li>\n<li><a href=\"https:\/\/www.cwm.pw.edu.pl\/content\/download\/2919\/16865\/file\/Broszura_CWMPW_2020.pdf\" target=\"_blank\" rel=\"noopener noreferrer\">WUT official brochure\u00bb<\/a><\/li>\n<li><a href=\"https:\/\/www.students.pw.edu.pl\/index.php\/Resources\" target=\"_blank\" rel=\"noopener noreferrer\">Other usefull information for International Students\u00bb<\/a><\/li>\n<li><a href=\"http:\/\/www.ee.pw.edu.pl\/wp-content\/uploads\/2019\/10\/WUT_Campus_Map_Faculty_of_Electrical_Engineering.jpg\" target=\"_blank\" rel=\"noopener noreferrer\">WUT Campus Map &#8211; Faculty of Electrical Engineering Buildings\u00bb<\/a><\/li>\n<\/ul>\n<p><strong><a href=\"https:\/\/www.students.pw.edu.pl\/\" target=\"_blank\" rel=\"noopener noreferrer\">Link to International Students Office\u00bb&nbsp;<\/a><\/strong><\/p>\n<div class=\"hr\"><!-- --><\/div>\n<h1><span class=\"ez-toc-section\" id=\"ERASMUS\"><\/span>ERASMUS+<span class=\"ez-toc-section-end\"><\/span><\/h1>\n<p><strong>Erasmus+ is a student exchange program<\/strong> which aims to boost skills and employability, as well as modernising Education, Training, and Youth work for 2014-2020. This program gives students opportunities to develop their skills and boost their employment prospects.<\/p>\n<p><strong>Full information about Erasmus+ offer, application and mobility procedures at the Faculty of Electrical Engineering <\/strong>you&#8217;ll find under the following link \u21d3<\/p>\n<div id=\"attachment_4794\" style=\"width: 310px\" class=\"wp-caption aligncenter\"><a href=\"http:\/\/www.ee.pw.edu.pl\/studencka-wymiana-miedzynarodowa\/erasmus\/\" target=\"_blank\" rel=\"noopener noreferrer\"><img loading=\"lazy\" decoding=\"async\" aria-describedby=\"caption-attachment-4794\" class=\"shadow wp-image-4794 size-medium\" src=\"http:\/\/www.ee.pw.edu.pl\/wp-content\/uploads\/2019\/05\/Erasmus_FEE-300x44.jpg\" alt=\"\" width=\"300\" height=\"44\" srcset=\"https:\/\/www.ee.pw.edu.pl\/wp-content\/uploads\/2019\/05\/Erasmus_FEE-300x44.jpg 300w, https:\/\/www.ee.pw.edu.pl\/wp-content\/uploads\/2019\/05\/Erasmus_FEE-564x85.jpg 564w, https:\/\/www.ee.pw.edu.pl\/wp-content\/uploads\/2019\/05\/Erasmus_FEE.jpg 585w\" sizes=\"auto, (max-width: 300px) 100vw, 300px\" \/><\/a><p id=\"caption-attachment-4794\" class=\"wp-caption-text\"><strong><a href=\"http:\/\/www.ee.pw.edu.pl\/studencka-wymiana-miedzynarodowa\/erasmus\/\" target=\"_blank\" rel=\"noopener noreferrer\">Link to Erasmus+ websites<\/a><\/strong><\/p><\/div>\n<p><strong>More information about ERASMUS+ program<\/strong> at Warsaw University of Technology is available on <a title=\"Centrum Wsp\u00f3\u0142pracy Mi\u0119dzynarodowej\" href=\"https:\/\/www.cwm.pw.edu.pl\/en\" target=\"_blank\" rel=\"noopener noreferrer\">Centre for International Cooperation <\/a>&nbsp;web site.<\/p>\n<p><strong>Contact Persons at the Faculty of Electrical Engineering regarding ERASMUS+:<\/strong><\/p>\n<p><img loading=\"lazy\" decoding=\"async\" class=\"shadow alignleft wp-image-2606\" src=\"https:\/\/www.ee.pw.edu.pl\/wp-content\/uploads\/2012\/11\/marta.jpg\" alt=\"\" width=\"97\" height=\"144\"><\/p>\n<p>&nbsp;<\/p>\n<p><strong>Erasmus officer<\/strong> &#8211; Marta Marczak<br \/>\nEmail: <a href=\"ma&#105;&#108;&#116;&#111;&#x3a;&#x6d;&#x61;&#x72;&#x74;a&#46;&#109;&#97;&#114;&#99;&#x7a;&#x61;&#x6b;&#x40;&#x70;w&#46;&#101;&#100;&#117;&#46;&#x70;&#x6c;\">marta&#46;ma&#114;&#99;&#122;&#97;&#107;&#64;&#112;&#119;&#46;&#101;&#x64;&#x75;&#x2e;&#x70;&#x6c;<\/a><br \/>\nMain Building, room 133 (first floor)<\/p>\n<p>&nbsp;<\/p>\n<p><img loading=\"lazy\" decoding=\"async\" class=\"shadow wp-image-4516 alignleft\" style=\"font-size: 12px\" src=\"http:\/\/www.ee.pw.edu.pl\/wp-content\/uploads\/2019\/05\/Desire_Rasolomampionona_picture.jpg\" alt=\"\" width=\"97\" height=\"130\"><\/p>\n<p><strong>Faculty Coordinator<\/strong><br \/>\nDesire Rasolomampionona, PhD, D. Sc. Prof.,<br \/>\n<a href=\"&#x6d;&#x61;&#x69;&#x6c;&#x74;&#111;&#58;&#100;&#114;aso&#x40;&#x70;&#x77;&#x2e;&#x65;&#x64;&#117;&#46;&#112;l\">&#100;&#x72;&#x61;&#115;&#x6f;&#x40;p&#x77;&#x2e;e&#100;&#x75;&#46;&#112;&#x6c;<\/a><br \/>\nMechanics Building, room 111 (level 0)","protected":false},"excerpt":{"rendered":"<p>Full-time Studies Faculty of Electrical Engineering offers the following programmes of full-time studies conducted in English:&nbsp; Bachelor of Science in Engineering &#8211; 4-years&nbsp;undergraduate programme in the area of Electrical Engineering Master of Science in Engineering &#8211; 1,5-years graduate programme in the area of Electrical Engineering Link to Electrical Engineering in English programme sites\u00bb More information for candidates interested in full time studies you&#8217;ll find under the following links: International Students enrollment\u00bb Warsaw University of Technology offer of studies in English\u00bb How to apply\u00bb WUT official brochure\u00bb Other usefull information for International Students\u00bb WUT Campus Map &#8211; Faculty of Electrical Engineering&nbsp;<a href=\"https:\/\/www.ee.pw.edu.pl\/en\/studencka-wymiana-miedzynarodowa\/\" class=\"read-more\">Continue Reading<\/a><\/p>\n","protected":false},"author":3,"featured_media":0,"parent":0,"menu_order":0,"comment_status":"closed","ping_status":"closed","template":"page-international-students.php","meta":{"_monsterinsights_skip_tracking":false,"_monsterinsights_sitenote_active":false,"_monsterinsights_sitenote_note":"","_monsterinsights_sitenote_category":0,"ngg_post_thumbnail":0,"footnotes":""},"class_list":["post-1295","page","type-page","status-publish","hentry"],"aioseo_notices":[],"_links":{"self":[{"href":"https:\/\/www.ee.pw.edu.pl\/en\/wp-json\/wp\/v2\/pages\/1295","targetHints":{"allow":["GET"]}}],"collection":[{"href":"https:\/\/www.ee.pw.edu.pl\/en\/wp-json\/wp\/v2\/pages"}],"about":[{"href":"https:\/\/www.ee.pw.edu.pl\/en\/wp-json\/wp\/v2\/types\/page"}],"author":[{"embeddable":true,"href":"https:\/\/www.ee.pw.edu.pl\/en\/wp-json\/wp\/v2\/users\/3"}],"replies":[{"embeddable":true,"href":"https:\/\/www.ee.pw.edu.pl\/en\/wp-json\/wp\/v2\/comments?post=1295"}],"version-history":[{"count":10,"href":"https:\/\/www.ee.pw.edu.pl\/en\/wp-json\/wp\/v2\/pages\/1295\/revisions"}],"predecessor-version":[{"id":20857,"href":"https:\/\/www.ee.pw.edu.pl\/en\/wp-json\/wp\/v2\/pages\/1295\/revisions\/20857"}],"wp:attachment":[{"href":"https:\/\/www.ee.pw.edu.pl\/en\/wp-json\/wp\/v2\/media?parent=1295"}],"curies":[{"name":"wp","href":"https:\/\/api.w.org\/{rel}","templated":true}]}}