{"id":11165,"date":"2022-06-17T18:52:15","date_gmt":"2022-06-17T18:52:15","guid":{"rendered":"https:\/\/www.ee.pw.edu.pl\/?page_id=11165"},"modified":"2022-06-20T18:57:52","modified_gmt":"2022-06-20T18:57:52","slug":"galeria-zdjec-konferencja-100-lat-badan-i-ksztalcenia-w-elektrotechnice","status":"publish","type":"page","link":"https:\/\/www.ee.pw.edu.pl\/en\/galeria-zdjec-konferencja-100-lat-badan-i-ksztalcenia-w-elektrotechnice\/","title":{"rendered":"Galeria zdj\u0119\u0107 &#8211; Konferencja &#8220;100 lat Bada\u0144 i Kszta\u0142cenia w Elektrotechnice&#8221;"},"content":{"rendered":"ngg_shortcode_3_placeholder","protected":false},"excerpt":{"rendered":"","protected":false},"author":12,"featured_media":11161,"parent":0,"menu_order":0,"comment_status":"closed","ping_status":"closed","template":"","meta":{"_monsterinsights_skip_tracking":false,"_monsterinsights_sitenote_active":false,"_monsterinsights_sitenote_note":"","_monsterinsights_sitenote_category":0,"ngg_post_thumbnail":0,"footnotes":""},"class_list":["post-11165","page","type-page","status-publish","has-post-thumbnail","hentry"],"aioseo_notices":[],"_links":{"self":[{"href":"https:\/\/www.ee.pw.edu.pl\/en\/wp-json\/wp\/v2\/pages\/11165","targetHints":{"allow":["GET"]}}],"collection":[{"href":"https:\/\/www.ee.pw.edu.pl\/en\/wp-json\/wp\/v2\/pages"}],"about":[{"href":"https:\/\/www.ee.pw.edu.pl\/en\/wp-json\/wp\/v2\/types\/page"}],"author":[{"embeddable":true,"href":"https:\/\/www.ee.pw.edu.pl\/en\/wp-json\/wp\/v2\/users\/12"}],"replies":[{"embeddable":true,"href":"https:\/\/www.ee.pw.edu.pl\/en\/wp-json\/wp\/v2\/comments?post=11165"}],"version-history":[{"count":6,"href":"https:\/\/www.ee.pw.edu.pl\/en\/wp-json\/wp\/v2\/pages\/11165\/revisions"}],"predecessor-version":[{"id":11176,"href":"https:\/\/www.ee.pw.edu.pl\/en\/wp-json\/wp\/v2\/pages\/11165\/revisions\/11176"}],"wp:featuredmedia":[{"embeddable":true,"href":"https:\/\/www.ee.pw.edu.pl\/en\/wp-json\/wp\/v2\/media\/11161"}],"wp:attachment":[{"href":"https:\/\/www.ee.pw.edu.pl\/en\/wp-json\/wp\/v2\/media?parent=11165"}],"curies":[{"name":"wp","href":"https:\/\/api.w.org\/{rel}","templated":true}]}}