{"id":79,"date":"2022-01-25T11:32:50","date_gmt":"2022-01-25T10:32:50","guid":{"rendered":"http:\/\/www.ee.pw.edu.pl\/bke100\/?page_id=79"},"modified":"2022-05-13T09:57:32","modified_gmt":"2022-05-13T07:57:32","slug":"pakiety-sponsorskie","status":"publish","type":"page","link":"https:\/\/www.ee.pw.edu.pl\/bke100\/pakiety-sponsorskie\/","title":{"rendered":"Pakiety sponsorskie"},"content":{"rendered":"\n<p>Zach\u0119camy Pa\u0144stwa do zapoznania si\u0119 z ofert\u0105 <a href=\"https:\/\/www.ee.pw.edu.pl\/bke100\/wp-content\/uploads\/sites\/7\/2022\/05\/oferta_sponsorow_BKE100_6-7.06.2022.pdf\">Pakiet\u00f3w sponsorskich<\/a><\/p>\n\n\n\n<p><\/p>\n","protected":false},"excerpt":{"rendered":"<p>Zach\u0119camy Pa\u0144stwa do zapoznania si\u0119 z ofert\u0105 Pakiet\u00f3w sponsorskich<\/p>\n","protected":false},"author":15,"featured_media":0,"parent":0,"menu_order":0,"comment_status":"closed","ping_status":"closed","template":"","meta":{"inline_featured_image":false,"_monsterinsights_skip_tracking":false,"_monsterinsights_sitenote_active":false,"_monsterinsights_sitenote_note":"","_monsterinsights_sitenote_category":0,"ngg_post_thumbnail":0,"footnotes":""},"class_list":["post-79","page","type-page","status-publish","hentry"],"_links":{"self":[{"href":"https:\/\/www.ee.pw.edu.pl\/bke100\/wp-json\/wp\/v2\/pages\/79","targetHints":{"allow":["GET"]}}],"collection":[{"href":"https:\/\/www.ee.pw.edu.pl\/bke100\/wp-json\/wp\/v2\/pages"}],"about":[{"href":"https:\/\/www.ee.pw.edu.pl\/bke100\/wp-json\/wp\/v2\/types\/page"}],"author":[{"embeddable":true,"href":"https:\/\/www.ee.pw.edu.pl\/bke100\/wp-json\/wp\/v2\/users\/15"}],"replies":[{"embeddable":true,"href":"https:\/\/www.ee.pw.edu.pl\/bke100\/wp-json\/wp\/v2\/comments?post=79"}],"version-history":[{"count":7,"href":"https:\/\/www.ee.pw.edu.pl\/bke100\/wp-json\/wp\/v2\/pages\/79\/revisions"}],"predecessor-version":[{"id":225,"href":"https:\/\/www.ee.pw.edu.pl\/bke100\/wp-json\/wp\/v2\/pages\/79\/revisions\/225"}],"wp:attachment":[{"href":"https:\/\/www.ee.pw.edu.pl\/bke100\/wp-json\/wp\/v2\/media?parent=79"}],"curies":[{"name":"wp","href":"https:\/\/api.w.org\/{rel}","templated":true}]}}