{"id":41,"date":"2022-01-21T14:25:26","date_gmt":"2022-01-21T13:25:26","guid":{"rendered":"http:\/\/www.ee.pw.edu.pl\/bke100\/?page_id=41"},"modified":"2022-02-07T02:21:47","modified_gmt":"2022-02-07T01:21:47","slug":"komitet-naukowy","status":"publish","type":"page","link":"https:\/\/www.ee.pw.edu.pl\/bke100\/komitet-naukowy\/","title":{"rendered":"Komitet naukowy"},"content":{"rendered":"\n<p><strong>Przewodnicz\u0105cy:<\/strong><\/p>\n\n\n\n<p style=\"margin-left:2em\">prof. dr hab. in\u017c. Marian KA\u0179MIERKOWSKI<\/p>\n\n\n\n<p><strong>Cz\u0142onkowie:<\/strong><\/p>\n\n\n\n\n<p style=\"margin-left:2em\">dr hab., prof. ucz. Dariusz BACZY\u0143SKI<\/p>\n\n\n\n<p style=\"margin-left:2em\">prof. dr hab.  Roman BARLIK<\/p>\n\n\n\n<p style=\"margin-left:2em\">prof. dr hab.  Stanis\u0142aw BOLKOWSKI<\/p>\n\n\n\n<p style=\"margin-left:2em\">prof. dr hab.  W\u0142odzimierz D\u0104BROWSKI<\/p>\n\n\n\n<p style=\"margin-left:2em\">prof. dr hab.  Andrzej DEMENKO<\/p>\n\n\n\n<p style=\"margin-left:2em\">prof. dr hab.  Antoni DMOWSKI<\/p>\n\n\n\n<p style=\"margin-left:2em\">prof dr hab. Andrzej DZIELI\u0143SKI<\/p>\n\n\n\n<p style=\"margin-left:2em\">prof. dr hab.  Zdobys\u0142aw FLISOWSKI<\/p>\n\n\n\n<p style=\"margin-left:2em\">prof. dr hab.  El\u017cbieta FR\u0104CKOWIAK<\/p>\n\n\n\n<p style=\"margin-left:2em\">prof. dr hab.  Lech GRZESIAK<\/p>\n\n\n\n<p style=\"margin-left:2em\">prof. dr hab.  Zbigniew HANZELKA<\/p>\n\n\n\n<p style=\"margin-left:2em\">dr hab., prof. ucz. Marcin IWANOWSKI<\/p>\n\n\n\n<p style=\"margin-left:2em\">dr hab., prof. ucz. Grzegorz IWA\u0143SKI<\/p>\n\n\n\n<p style=\"margin-left:2em\">prof. dr hab.  Kazimierz JAKUBIUK<\/p>\n\n\n\n<p style=\"margin-left:2em\">dr hab., prof. ucz. Marek JASI\u0143SKI<\/p>\n\n\n\n<p style=\"margin-left:2em\">prof. dr hab.  Piotr KACEJKO<\/p>\n\n\n\n<p style=\"margin-left:2em\">prof. dr hab.  Tadeusz KACZOREK<\/p>\n\n\n\n<p style=\"margin-left:2em\">prof. dr hab.  Grzegorz KAMI\u0143SKI<\/p>\n\n\n\n<p style=\"margin-left:2em\">dr hab., prof. ucz. Arkadiusz KASZEWSKI<\/p>\n\n\n\n<p style=\"margin-left:2em\">prof. dr hab.  Krzysztof KLUSZCZY\u0143SKI<\/p>\n\n\n\n<p style=\"margin-left:2em\">dr hab., prof. ucz. Miros\u0142aw LEWANDOWSKI<\/p>\n\n\n\n<p style=\"margin-left:2em\">prof. dr hab.  Zbigniew LUBO\u015aNY<\/p>\n\n\n\n<p style=\"margin-left:2em\">prof. dr hab.  Marian \u0141UKANISZYN<\/p>\n\n\n\n<p style=\"margin-left:2em\">prof. dr hab.  Jan MACHOWSKI<\/p>\n\n\n\n<p style=\"margin-left:2em\">prof. dr hab.  Tadeusz MACIO\u0141EK<\/p>\n\n\n\n<p style=\"margin-left:2em\">prof. dr hab.  Mariusz MALINOWSKI<\/p>\n\n\n\n<p style=\"margin-left:2em\">prof. dr hab.  Jacek MARECKI<\/p>\n\n\n\n<p style=\"margin-left:2em\">prof. dr hab.  Tomasz MARKIEWICZ<\/p>\n\n\n\n<p style=\"margin-left:2em\">prof. dr hab.  Andrzej MICHALSKI<\/p>\n\n\n\n<p style=\"margin-left:2em\">prof. dr hab.  Teresa OR\u0141OWSKA-KOWALSKA<\/p>\n\n\n\n<p style=\"margin-left:2em\">prof. dr hab.  Stanis\u0142aw OSOWSKI<\/p>\n\n\n\n<p style=\"margin-left:2em\">prof. dr hab.  Piotr OSTALCZYK<\/p>\n\n\n\n<p style=\"margin-left:2em\">prof. dr hab.  Ryszard PA\u0141KA<\/p>\n\n\n\n<p style=\"margin-left:2em\">prof. dr hab.  Miros\u0142aw PAROL<\/p>\n\n\n\n<p style=\"margin-left:2em\">prof. dr hab.  Marian PASKO<\/p>\n\n\n\n<p style=\"margin-left:2em\">prof. dr hab.  Stanis\u0142aw PASZEK<\/p>\n\n\n\n<p style=\"margin-left:2em\">prof. dr hab.  Stanis\u0142aw PIR\u00d3G<\/p>\n\n\n\n<p style=\"margin-left:2em\">dr hab., prof. ucz. Jacek R\u0104BKOWSKI<\/p>\n\n\n\n<p style=\"margin-left:2em\">prof. dr hab.  Remigiusz RAK<\/p>\n\n\n\n<p style=\"margin-left:2em\">prof. dr hab.  Desire RASOLOMAMPIONONA<\/p>\n\n\n\n<p style=\"margin-left:2em\">prof. dr hab.  Waldemar REBIZANT<\/p>\n\n\n\n<p style=\"margin-left:2em\">dr hab., prof. ucz. Sylwester ROBAK<\/p>\n\n\n\n<p style=\"margin-left:2em\">prof. dr hab.  Dariusz SAWICKI<\/p>\n\n\n\n<p style=\"margin-left:2em\">dr hab., prof. ucz. Dominik SIEROCIUK<\/p>\n\n\n\n<p style=\"margin-left:2em\">prof. dr hab.  Andrzej SIKORSKI<\/p>\n\n\n\n<p style=\"margin-left:2em\">dr hab., prof. ucz. Krzysztof SIWEK<\/p>\n\n\n\n<p style=\"margin-left:2em\">prof. dr hab.  Tadeusz SKOCZKOWSKI<\/p>\n\n\n\n<p style=\"margin-left:2em\">prof. dr hab.  Pawe\u0142 SOWA<\/p>\n\n\n\n<p style=\"margin-left:2em\">prof. dr hab.  Jan SROKA<\/p>\n\n\n\n<p style=\"margin-left:2em\">prof. dr hab.  Jacek STARZY\u0143SKI<\/p>\n\n\n\n<p style=\"margin-left:2em\">prof. dr hab. Henryka STRYCZEWSKA<\/p>\n\n\n\n<p style=\"margin-left:2em\">prof. dr hab.  Ryszard STRZELECKI<\/p>\n\n\n\n<p style=\"margin-left:2em\">prof. dr hab.  Adam SZEL\u0104G<\/p>\n\n\n\n<p style=\"margin-left:2em\">prof. dr hab.  Wojciech SZEL\u0104G<\/p>\n\n\n\n<p style=\"margin-left:2em\">prof. dr hab.  S\u0142awomir TUMA\u0143SKI<\/p>\n\n\n\n<p style=\"margin-left:2em\">prof. dr hab.  Henryk TUNIA<\/p>\n\n\n\n<p style=\"margin-left:2em\">dr hab., prof. ucz. Bart\u0142omiej UFNALSKI<\/p>\n\n\n\n<p style=\"margin-left:2em\">prof. dr hab.  Andrzej WAC-W\u0141ODARCZYK<\/p>\n\n\n\n<p style=\"margin-left:2em\">prof. dr hab.  Stanis\u0142aw WINCENCIAK<\/p>\n\n\n\n<p style=\"margin-left:2em\">prof. dr hab.  Krzysztof ZAWIRSKI<\/p>\n\n\n\n<p style=\"margin-left:2em\">prof. dr hab.  Wojciech \u017bAGAN<\/p>\n\n\n\n\n<p>dr hab., prof. ucz. Dariusz BACZY\u0143SKI<\/p>\n\n\n\n<p>prof. dr hab.\u00a0 Roman BARLIK<\/p>\n\n\n\n<p>prof. dr hab.\u00a0 Stanis\u0142aw BOLKOWSKI<\/p>\n\n\n\n<p>prof. dr hab.\u00a0 W\u0142odzimierz D\u0104BROWSKI<\/p>\n\n\n\n<p>prof. dr hab.\u00a0 Andrzej DEMENKO<\/p>\n\n\n\n<p>prof. dr hab.\u00a0 Antoni DMOWSKI<\/p>\n\n\n\n<p>prof dr hab. Andrzej DZIELI\u0143SKI<\/p>\n\n\n\n<p>prof. dr hab.\u00a0 Zdobys\u0142aw FLISOWSKI<\/p>\n\n\n\n<p>prof. dr hab.\u00a0 El\u017cbieta FR\u0104CKOWIAK<\/p>\n\n\n\n<p>prof. dr hab.\u00a0 Lech GRZESIAK<\/p>\n\n\n\n<p>prof. dr hab.\u00a0 Zbigniew HANZELKA<\/p>\n\n\n\n<p>dr hab., prof. ucz. Marcin IWANOWSKI<\/p>\n\n\n\n<p>dr hab., prof. ucz. Grzegorz IWA\u0143SKI<\/p>\n\n\n\n<p>prof. dr hab.\u00a0 Kazimierz JAKUBIUK<\/p>\n\n\n\n<p>dr hab., prof. ucz. Marek JASI\u0143SKI<\/p>\n\n\n\n<p>prof. dr hab.\u00a0 Piotr KACEJKO<\/p>\n\n\n\n<p>prof. dr hab.\u00a0 Tadeusz KACZOREK<\/p>\n\n\n\n<p>prof. dr hab.\u00a0 Grzegorz KAMI\u0143SKI<\/p>\n\n\n\n<p>dr hab., prof. ucz. Arkadiusz KASZEWSKI<\/p>\n\n\n\n<p>prof. dr hab.\u00a0 Krzysztof KLUSZCZY\u0143SKI<\/p>\n\n\n\n<p>dr hab., prof. ucz. Miros\u0142aw LEWANDOWSKI<\/p>\n\n\n\n<p>prof. dr hab.\u00a0 Zbigniew LUBO\u015aNY<\/p>\n\n\n\n<p>prof. dr hab.\u00a0 Marian \u0141UKANISZYN<\/p>\n\n\n\n<p>prof. dr hab.\u00a0 Jan MACHOWSKI<\/p>\n\n\n\n<p>prof. dr hab.\u00a0 Tadeusz MACIO\u0141EK<\/p>\n\n\n\n<p>prof. dr hab.\u00a0 Mariusz MALINOWSKI<\/p>\n\n\n\n<p>prof. dr hab.\u00a0 Jacek MARECKI<\/p>\n\n\n\n<p>prof. dr hab.\u00a0 Tomasz MARKIEWICZ<\/p>\n\n\n\n<p>prof. dr hab.\u00a0 Andrzej MICHALSKI<\/p>\n\n\n\n<p>prof. dr hab.\u00a0 Teresa OR\u0141OWSKA-KOWALSKA<\/p>\n\n\n\n<p>prof. dr hab.\u00a0 Stanis\u0142aw OSOWSKI<\/p>\n\n\n\n<p>prof. dr hab.\u00a0 Piotr OSTALCZYK<\/p>\n\n\n\n<p>prof. dr hab.\u00a0 Ryszard PA\u0141KA<\/p>\n\n\n\n<p>prof. dr hab.\u00a0 Miros\u0142aw PAROL<\/p>\n\n\n\n<p>prof. dr hab.\u00a0 Marian PASKO<\/p>\n\n\n\n<p>prof. dr hab.\u00a0 Stanis\u0142aw PASZEK<\/p>\n\n\n\n<p>prof. dr hab.\u00a0 Stanis\u0142aw PIR\u00d3G<\/p>\n\n\n\n<p>dr hab., prof. ucz. Jacek R\u0104BKOWSKI<\/p>\n\n\n\n<p>prof. dr hab.\u00a0 Remigiusz RAK<\/p>\n\n\n\n<p>prof. dr hab.\u00a0 Desire RASOLOMAMPIONONA<\/p>\n\n\n\n<p>prof. dr hab.\u00a0 Waldemar REBIZANT<\/p>\n\n\n\n<p>dr hab., prof. ucz. Sylwester ROBAK<\/p>\n\n\n\n<p>prof. dr hab.\u00a0 Dariusz SAWICKI<\/p>\n\n\n\n<p>dr hab., prof. ucz. Dominik SIEROCIUK<\/p>\n\n\n\n<p>prof. dr hab.\u00a0 Andrzej SIKORSKI<\/p>\n\n\n\n<p>dr hab., prof. ucz. Krzysztof SIWEK<\/p>\n\n\n\n<p>prof. dr hab.\u00a0 Tadeusz SKOCZKOWSKI<\/p>\n\n\n\n<p>prof. dr hab.\u00a0 Pawe\u0142 SOWA<\/p>\n\n\n\n<p>prof. dr hab.\u00a0 Jan SROKA<\/p>\n\n\n\n<p>prof. dr hab.\u00a0 Jacek STARZY\u0143SKI<\/p>\n\n\n\n<p>prof. dr hab. Henryka STRYCZEWSKA<\/p>\n\n\n\n<p>prof. dr hab.\u00a0 Ryszard STRZELECKI<\/p>\n\n\n\n<p>prof. dr hab.\u00a0 Adam SZEL\u0104G<\/p>\n\n\n\n<p>prof. dr hab.\u00a0 Wojciech SZEL\u0104G<\/p>\n\n\n\n<p>prof. dr hab.\u00a0 S\u0142awomir TUMA\u0143SKI<\/p>\n\n\n\n<p>prof. dr hab.\u00a0 Henryk TUNIA<\/p>\n\n\n\n<p>dr hab., prof. ucz. Bart\u0142omiej UFNALSKI<\/p>\n\n\n\n<p>prof. dr hab.\u00a0 Andrzej WAC-W\u0141ODARCZYK<\/p>\n\n\n\n<p>prof. dr hab.\u00a0 Stanis\u0142aw WINCENCIAK<\/p>\n\n\n\n<p>prof. dr hab.\u00a0 Krzysztof ZAWIRSKI<\/p>\n\n\n\n<p>prof. dr hab.\u00a0 Wojciech \u017bAGAN<\/p>\n","protected":false},"excerpt":{"rendered":"<p>Przewodnicz\u0105cy: prof. dr hab. in\u017c. Marian KA\u0179MIERKOWSKI Cz\u0142onkowie: dr hab., prof. ucz. Dariusz BACZY\u0143SKI prof. dr hab. Roman BARLIK prof.&hellip;<\/p>\n","protected":false},"author":15,"featured_media":0,"parent":0,"menu_order":0,"comment_status":"closed","ping_status":"closed","template":"","meta":{"inline_featured_image":false,"_monsterinsights_skip_tracking":false,"_monsterinsights_sitenote_active":false,"_monsterinsights_sitenote_note":"","_monsterinsights_sitenote_category":0,"ngg_post_thumbnail":0,"footnotes":""},"class_list":["post-41","page","type-page","status-publish","hentry"],"_links":{"self":[{"href":"https:\/\/www.ee.pw.edu.pl\/bke100\/wp-json\/wp\/v2\/pages\/41","targetHints":{"allow":["GET"]}}],"collection":[{"href":"https:\/\/www.ee.pw.edu.pl\/bke100\/wp-json\/wp\/v2\/pages"}],"about":[{"href":"https:\/\/www.ee.pw.edu.pl\/bke100\/wp-json\/wp\/v2\/types\/page"}],"author":[{"embeddable":true,"href":"https:\/\/www.ee.pw.edu.pl\/bke100\/wp-json\/wp\/v2\/users\/15"}],"replies":[{"embeddable":true,"href":"https:\/\/www.ee.pw.edu.pl\/bke100\/wp-json\/wp\/v2\/comments?post=41"}],"version-history":[{"count":5,"href":"https:\/\/www.ee.pw.edu.pl\/bke100\/wp-json\/wp\/v2\/pages\/41\/revisions"}],"predecessor-version":[{"id":209,"href":"https:\/\/www.ee.pw.edu.pl\/bke100\/wp-json\/wp\/v2\/pages\/41\/revisions\/209"}],"wp:attachment":[{"href":"https:\/\/www.ee.pw.edu.pl\/bke100\/wp-json\/wp\/v2\/media?parent=41"}],"curies":[{"name":"wp","href":"https:\/\/api.w.org\/{rel}","templated":true}]}}