{"id":172,"date":"2022-02-07T01:10:33","date_gmt":"2022-02-07T00:10:33","guid":{"rendered":"http:\/\/www.ee.pw.edu.pl\/bke100\/?page_id=172"},"modified":"2022-06-20T21:31:58","modified_gmt":"2022-06-20T19:31:58","slug":"zaproszenie","status":"publish","type":"page","link":"https:\/\/www.ee.pw.edu.pl\/bke100\/","title":{"rendered":"BKE-100"},"content":{"rendered":"<p>[vc_row][vc_column][vc_column_text]<\/p>\r\n<p style=\"text-align: justify;\">Serdecznie dzi\u0119kujemy za udzia\u0142 w Konferencji Naukowo-Technicznej <b>,,100 lat Bada\u0144 i Kszta\u0142cenia w Elektrotechnice\u2019\u2019 (BKE-100),&nbsp;<\/b>kt\u00f3ra odby\u0142a si\u0119 6 i 7 czerwca 2022 roku w Warszawie.<\/p>\r\n<p style=\"text-align: justify;\">By\u0142o to wyj\u0105tkowe spotkanie, dzi\u0119ki kt\u00f3remu mogli\u015bmy wsp\u00f3lnie uczci\u0107 <a href=\"https:\/\/www.ee.pw.edu.pl\/100-lecie\/\" target=\"_blank\" rel=\"noopener\">stulecie dzia\u0142alno\u015bci Wydzia\u0142u Elektrycznego Politechniki Warszawskiej<\/a> oraz jednocze\u015bnie wzi\u0105\u0107 udzia\u0142 w wydarzeniu istotnym dla og\u00f3lnopolskiego \u015brodowiska zwi\u0105zanego z szeroko rozumian\u0105 elektrotechnik\u0105.<\/p>\r\n<p style=\"text-align: justify;\">Uda\u0142o nam si\u0119 zgromadzi\u0107 w jednym miejscu przedstawicieli \u015brodowisk akademickich, naukowych oraz przemys\u0142owych i tym samym otworzy\u0107 szerok\u0105 dyskusj\u0119 oraz sformu\u0142owa\u0107 priorytetowe dzia\u0142ania dla polskich podmiot\u00f3w naukowo-badawczych oraz przemys\u0142owych. Baz\u0105 do tej dyskusji by\u0142y prezentacje pracownik\u00f3w naukowych Wydzia\u0142u Elektrycznego oraz zaprzyja\u017anionych z Wydzia\u0142em podmiot\u00f3w naukowych i przemys\u0142owych.<\/p>\r\n<p>Jeszcze raz dzi\u0119kujemy za udzia\u0142 i zapraszamy do zapoznania si\u0119 z <strong><a href=\"https:\/\/www.ee.pw.edu.pl\/bke100\/wp-content\/uploads\/sites\/7\/2022\/06\/Materialy-Konferencyjne_BKE100_online.pdf\" target=\"_blank\" rel=\"noopener\">Materia\u0142ami Konferencyjnymi &#8211; link<\/a> <\/strong>oraz <strong><a href=\"https:\/\/www.ee.pw.edu.pl\/blog\/2022\/06\/17\/relacja-z-konferencji-100-lat-badan-i-ksztalcenia-w-elektrotechnice\/\" target=\"_blank\" rel=\"noopener\">z relacj\u0105 i galeri\u0105 zdj\u0119\u0107 z Konferencji opublikowan\u0105 na stronie Wydzia\u0142u Elektrycznego &#8211; link<\/a><\/strong>.<\/p>\r\n\r\n\r\n\r\n\r\n<a href=\"https:\/\/www.ee.pw.edu.pl\/blog\/2022\/06\/17\/relacja-z-konferencji-100-lat-badan-i-ksztalcenia-w-elektrotechnice\/\" target=\"_blank\" rel=\"noopener\"><img loading=\"lazy\" decoding=\"async\" class=\"alignleft wp-image-271 size-large\" src=\"https:\/\/www.ee.pw.edu.pl\/bke100\/wp-content\/uploads\/sites\/7\/2022\/06\/BKE-100_podsumowanie-1024x576.png\" alt=\"\" width=\"1024\" height=\"576\" srcset=\"https:\/\/www.ee.pw.edu.pl\/bke100\/wp-content\/uploads\/sites\/7\/2022\/06\/BKE-100_podsumowanie-1024x576.png 1024w, https:\/\/www.ee.pw.edu.pl\/bke100\/wp-content\/uploads\/sites\/7\/2022\/06\/BKE-100_podsumowanie-300x169.png 300w, https:\/\/www.ee.pw.edu.pl\/bke100\/wp-content\/uploads\/sites\/7\/2022\/06\/BKE-100_podsumowanie-768x432.png 768w, https:\/\/www.ee.pw.edu.pl\/bke100\/wp-content\/uploads\/sites\/7\/2022\/06\/BKE-100_podsumowanie-1536x864.png 1536w, https:\/\/www.ee.pw.edu.pl\/bke100\/wp-content\/uploads\/sites\/7\/2022\/06\/BKE-100_podsumowanie.png 1920w\" sizes=\"auto, (max-width: 1024px) 100vw, 1024px\" \/><\/a><\/p>\r\n<p>&nbsp;<\/p>\r\n<p>[\/vc_column_text][vc_single_image image=&#8221;216&#8243; img_size=&#8221;large&#8221;][\/vc_column][\/vc_row]<\/p>","protected":false},"excerpt":{"rendered":"<p>[vc_row][vc_column][vc_column_text] Serdecznie dzi\u0119kujemy za udzia\u0142 w Konferencji Naukowo-Technicznej ,,100 lat Bada\u0144 i Kszta\u0142cenia w Elektrotechnice\u2019\u2019 (BKE-100),&nbsp;kt\u00f3ra odby\u0142a si\u0119 6 i&hellip;<\/p>\n","protected":false},"author":18,"featured_media":0,"parent":0,"menu_order":0,"comment_status":"closed","ping_status":"closed","template":"","meta":{"inline_featured_image":false,"_monsterinsights_skip_tracking":false,"_monsterinsights_sitenote_active":false,"_monsterinsights_sitenote_note":"","_monsterinsights_sitenote_category":0,"ngg_post_thumbnail":0,"footnotes":""},"class_list":["post-172","page","type-page","status-publish","hentry"],"_links":{"self":[{"href":"https:\/\/www.ee.pw.edu.pl\/bke100\/wp-json\/wp\/v2\/pages\/172","targetHints":{"allow":["GET"]}}],"collection":[{"href":"https:\/\/www.ee.pw.edu.pl\/bke100\/wp-json\/wp\/v2\/pages"}],"about":[{"href":"https:\/\/www.ee.pw.edu.pl\/bke100\/wp-json\/wp\/v2\/types\/page"}],"author":[{"embeddable":true,"href":"https:\/\/www.ee.pw.edu.pl\/bke100\/wp-json\/wp\/v2\/users\/18"}],"replies":[{"embeddable":true,"href":"https:\/\/www.ee.pw.edu.pl\/bke100\/wp-json\/wp\/v2\/comments?post=172"}],"version-history":[{"count":13,"href":"https:\/\/www.ee.pw.edu.pl\/bke100\/wp-json\/wp\/v2\/pages\/172\/revisions"}],"predecessor-version":[{"id":272,"href":"https:\/\/www.ee.pw.edu.pl\/bke100\/wp-json\/wp\/v2\/pages\/172\/revisions\/272"}],"wp:attachment":[{"href":"https:\/\/www.ee.pw.edu.pl\/bke100\/wp-json\/wp\/v2\/media?parent=172"}],"curies":[{"name":"wp","href":"https:\/\/api.w.org\/{rel}","templated":true}]}}